{"id":86724,"date":"2020-01-02T11:02:30","date_gmt":"2020-01-02T10:02:30","guid":{"rendered":"http:\/\/www.secowarwick.com\/?page_id=86724"},"modified":"2025-10-30T09:37:00","modified_gmt":"2025-10-30T08:37:00","slug":"piece-do-homogenizacji-aluminium","status":"publish","type":"page","link":"https:\/\/www.secowarwick.com\/pl\/produkty\/obrobka-cieplna-aluminium\/piece-do-homogenizacji-aluminium\/","title":{"rendered":"Piece do homogenizacji aluminium"},"content":{"rendered":"<p>[et_pb_section fb_built=&#8221;1&#8243; _builder_version=&#8221;4.16&#8243; global_colors_info=&#8221;{}&#8221;][et_pb_row _builder_version=&#8221;4.16&#8243; background_size=&#8221;initial&#8221; background_position=&#8221;top_left&#8221; background_repeat=&#8221;repeat&#8221; global_colors_info=&#8221;{}&#8221;][et_pb_column type=&#8221;4_4&#8243; _builder_version=&#8221;4.16&#8243; custom_padding=&#8221;|||&#8221; global_colors_info=&#8221;{}&#8221; custom_padding__hover=&#8221;|||&#8221;][et_pb_image src=&#8221;https:\/\/www.secowarwick.com\/wp-content\/uploads\/2019\/12\/slider-aluminium-homogenizing.jpg&#8221; alt=&#8221;Piece do\u00a0homogenizacji aluminium SECO\/WARWICK&#8221; title_text=&#8221;Piece do\u00a0homogenizacji aluminium SECO\/WARWICK&#8221; align_tablet=&#8221;center&#8221; align_phone=&#8221;&#8221; align_last_edited=&#8221;on|desktop&#8221; _builder_version=&#8221;4.16&#8243; global_colors_info=&#8221;{}&#8221;][\/et_pb_image][\/et_pb_column][\/et_pb_row][et_pb_row column_structure=&#8221;3_4,1_4&#8243; _builder_version=&#8221;4.16&#8243; background_size=&#8221;initial&#8221; background_position=&#8221;top_left&#8221; background_repeat=&#8221;repeat&#8221; global_colors_info=&#8221;{}&#8221;][et_pb_column type=&#8221;3_4&#8243; _builder_version=&#8221;4.16&#8243; custom_padding=&#8221;|||&#8221; global_colors_info=&#8221;{}&#8221; custom_padding__hover=&#8221;|||&#8221;][et_pb_breadcrumbs _builder_version=&#8221;4.10.3&#8243; _module_preset=&#8221;default&#8221; global_colors_info=&#8221;{}&#8221;][\/et_pb_breadcrumbs][et_pb_text module_class=&#8221;podtytuly&#8221; _builder_version=&#8221;4.23.1&#8243; global_colors_info=&#8221;{}&#8221;]<\/p>\n<h1>Piece do\u00a0homogenizacji aluminium<\/h1>\n<h2>Projektowane na\u00a0zam\u00f3wienie piece do\u00a0homogenizacji okr\u0105g\u0142ych wlewk\u00f3w i\u00a0k\u0119s\u00f3w aluminium przeznaczone do\u00a0wi\u0119kszo\u015bci technologicznych aplikacji.<\/h2>\n<p>Konstrukcje urz\u0105dze\u0144 obejmuj\u0105 <strong>piece nieprzelotowe<\/strong> (zar\u00f3wno konstrukcji w\u00f3zkowej, jak i\u00a0tacowej),<strong> piece pokroczne<\/strong> oraz\u00a0<strong>piece ci\u0105g\u0142e<\/strong> wyposa\u017cone w\u00a0systemy transportu materia\u0142\u00f3w i\u00a0urz\u0105dzenia do\u00a0ch\u0142odzenia wsadu.<\/p>\n<p>[\/et_pb_text][et_pb_tabs module_class=&#8221;red-tabs eco-tab5&#8243; _builder_version=&#8221;4.23.1&#8243; custom_css_main_element=&#8221;margin-top: 2rem;||margin-bottom: 2rem;&#8221; global_colors_info=&#8221;{}&#8221;][et_pb_tab title=&#8221;Piece nieprzelotowe&#8221; _builder_version=&#8221;4.19.2&#8243; global_colors_info=&#8221;{}&#8221;]<\/p>\n<p>W&nbsp;przypadku konstrukcji nieprzelotowej, do&nbsp;transportu wsadu do&nbsp;i&nbsp;z&nbsp;pieca wykorzystuje si\u0119 zazwyczaj izolowany w\u00f3zek z&nbsp;nap\u0119dem elektrycznym. Cz\u0119sto wykorzystuje si\u0119 tak\u017ce budow\u0119 dwustronn\u0105 (z&nbsp;drzwiami na&nbsp;obu ko\u0144cach) i&nbsp;z&nbsp;dwoma w\u00f3zkami, co&nbsp;skraca czas cyklu i&nbsp;pozwala zwi\u0119kszy\u0107 produkcj\u0119.<\/p>\n<p>Zamiast konstrukcji z&nbsp;w\u00f3zkiem, w&nbsp;piecach nieprzelotowych mo\u017cna stosowa\u0107 konstrukcje tacowe. W&nbsp;takiej sytuacji taca z&nbsp;wsadem spoczywa na&nbsp;podporach w&nbsp;piecu. \u0141adowarka\/w\u00f3zek s\u0142u\u017cy do&nbsp;za\u0142adunku\/roz\u0142adunku tacy i&nbsp;przeniesienia tacy z&nbsp;pieca do&nbsp;stacji ch\u0142odzenia lub do&nbsp;stacji za\u0142adunku\/roz\u0142adunku. Piec pokroczny stanowi trzeci rodzaj piec\u00f3w nieprzelotowych. W&nbsp;takim piecu wykorzystuje si\u0119 par\u0119 sta\u0142ych podstaw wsadowych, na&nbsp;kt\u00f3rych&nbsp;le\u017cy wsad. Po&nbsp;zako\u0144czeniu cyklu na&nbsp;podstawie nr&nbsp;1, piec przesuwa si\u0119 na&nbsp;pozycj\u0119 nad&nbsp;drug\u0105 podstaw\u0105 wsadu i&nbsp;niezw\u0142ocznie rozpoczyna grzanie nowego wsadu.<\/p>\n<p>Pierwszy wsad jest ch\u0142odzony, a&nbsp;nast\u0119pnie zostaje roz\u0142adowany i&nbsp;zast\u0105piony nowym wsadem. Cykl ten mo\u017cna zako\u0144czy\u0107 przed&nbsp;rozpocz\u0119ciem kolejnego cyklu homogenizacji. Piec pokroczny zapewnia oszcz\u0119dno\u015b\u0107 powierzchni w&nbsp;zak\u0142adzie, jako \u017ce&nbsp;dwie podstawy wsadu zajmuj\u0105 o&nbsp;wiele mniej miejsca ni\u017c stacjonarny piec dwustronny z&nbsp;dwoma w\u00f3zkami wsadowymi.<\/p>\n<p>[\/et_pb_tab][et_pb_tab title=&#8221;Piece ci\u0105g\u0142e&#8221; _builder_version=&#8221;4.19.2&#8243; global_colors_info=&#8221;{}&#8221;]<\/p>\n<p>Piece do&nbsp;ci\u0105g\u0142ej homogenizacji okr\u0105g\u0142ych wlewk\u00f3w wykorzystywane s\u0105&nbsp;w&nbsp;zak\u0142adach o&nbsp;wy\u017cszym poziomie produkcji w&nbsp;zakresie homogenizacji. Szybki nagrzew przez&nbsp;otwory s\u0142u\u017cy do&nbsp;indywidualnego nagrzewania ka\u017cdego wlewka do&nbsp;temperatury homogenizacji w&nbsp;bardzo kr\u00f3tkim czasie. W&nbsp;tej&nbsp;konstrukcji wykorzystuje si\u0119 urz\u0105dzenia za\u0142adowcze s\u0142u\u017c\u0105ce do&nbsp;za\u0142adunku po&nbsp;jednym wlewku na&nbsp;raz do&nbsp;pieca pokrocznego. Wlewki przemieszczaj\u0105 si\u0119 dalej przez&nbsp;komor\u0119 grzejn\u0105 i&nbsp;komor\u0119 wytrzymania na&nbsp;specjalnych siod\u0142ach trzonu, aby ograniczy\u0107 tarcie i&nbsp;poprawi\u0107 prostoliniowo\u015b\u0107.<\/p>\n<p>Po&nbsp;stronie wylotowej ka\u017cdy wlewek przechodzi przez&nbsp;komor\u0119 hartownicz\u0105 o&nbsp;specjalnej budowie, aby nast\u0119pnie znale\u017a\u0107 si\u0119 na&nbsp;stole zasobnika. Automatyczne sterowanie reguluje ruch, czas i&nbsp;parametry cyklu w&nbsp;zale\u017cno\u015bci od&nbsp;\u015brednicy wlewka. Firma SECO\/WARWICK oferuje r\u00f3wnie\u017c urz\u0105dzenia pomocnicze pozwalaj\u0105ce stworzy\u0107 kompleksowy system.<\/p>\n<p><strong><span style=\"color: #dc291e;\">\/<\/span> Elastyczno\u015b\u0107 produkcji<br \/><\/strong>Ze&nbsp;wzgl\u0119du na&nbsp;wielostrefow\u0105 budow\u0119, technologia pieca z&nbsp;pionowym przep\u0142ywem powietrza jest konstrukcyjnie elastyczna. Piec mo\u017ce obrabia\u0107 partie r\u00f3\u017cnych stop\u00f3w i&nbsp;\u015brednic bez&nbsp;pozostawiania pustych siode\u0142ek.<\/p>\n<p><strong><span style=\"color: #dc291e;\">\/ <\/span>Automatyczna obs\u0142uga<br \/><\/strong>Praca pieca jest ca\u0142kowicie zautomatyzowana poprzez system sterowania. Podczas normalnej pracy nie&nbsp;jest wymagana \u017cadna interakcja ze&nbsp;strony u\u017cytkownika, np.&nbsp;gdy&nbsp;nast\u0119puje zatrzymanie lub gdy&nbsp;piec wymaga ponownego uruchomienia po&nbsp;zatrzymaniu. Przestoje i&nbsp;ponowne uruchomienia zwykle wi\u0105\u017c\u0105 si\u0119 ze&nbsp;znacznym ryzykiem uszkodzenia produktu. Poniewa\u017c proces jest w&nbsp;pe\u0142ni zautomatyzowany, wyeliminowane s\u0105&nbsp;wszelkie b\u0142\u0119dy zwi\u0105zane z&nbsp;kontrol\u0105 procesu przez&nbsp;cz\u0142owieka, a&nbsp;sp\u00f3jno\u015b\u0107 operacji ulega poprawie.<\/p>\n<p><strong><span style=\"color: #dc291e;\">\/<\/span> Identyfikowalno\u015b\u0107 produktu<br \/><\/strong>PLC rejestruje szczeg\u00f3\u0142owe dane historyczne (pozycja, temperatura, stopie\u0144 przemiany, czas przebywania) dla ka\u017cdego k\u0119sa. System udost\u0119pnia r\u00f3wnie\u017c raporty dotycz\u0105ce pojedynczych k\u0119s\u00f3w i&nbsp;partii k\u0119s\u00f3w na&nbsp;podstawie zdobytych danych. Dane i&nbsp;raporty mo\u017cna wykorzysta\u0107 do&nbsp;usprawnienia procesu i&nbsp;udzielenia odpowiedzi na&nbsp;pytania klient\u00f3w.<\/p>\n<p><strong><span style=\"color: #dc291e;\">\/<\/span> Modu\u0142owa konstrukcja \u2013 jedna instalacja<br \/><\/strong>Buduj\u0105c instalacj\u0119 do&nbsp;ci\u0105g\u0142ej homogenizacji, nasz zesp\u00f3\u0142 in\u017cynier\u00f3w projektuje instalacj\u0119 w&nbsp;sekcjach. Oznacza to, \u017ce&nbsp;instalacja jest dostarczana do&nbsp;siedziby klienta w&nbsp;cz\u0119\u015bciach, ponownie sk\u0142adana i&nbsp;montowana. Ten spos\u00f3b budowy zabezpiecza prac\u0119 zak\u0142adu i&nbsp;minimalizuje czas monta\u017cu w&nbsp;celu zagwarantowania ci\u0105g\u0142o\u015bci produkcji.<\/p>\n<p><strong><span style=\"color: #dc291e;\">\/<\/span> Efektywno\u015b\u0107 energetyczna<\/strong><br \/>System sterowania stale optymalizuje piec, aby osi\u0105ga\u0107 najwy\u017csz\u0105 przepustowo\u015b\u0107 bez&nbsp;pustych przestrzeni, niezale\u017cnie od&nbsp;asortymentu produkt\u00f3w. Ci\u0105g\u0142y i&nbsp;zoptymalizowany przep\u0142yw detali prowadzi do&nbsp;bardziej efektywnego wykorzystania energii. Dwururowy przeciwpr\u0105dowy wymiennik ciep\u0142a odzyskuje znaczn\u0105 ilo\u015b\u0107 zu\u017cytej energii. Wysokiej jako\u015bci uszczelnienia i&nbsp;dobra izolacja ograniczaj\u0105 straty ze&nbsp;\u015bcian do&nbsp;minimum.<\/p>\n<p><strong><span style=\"color: #dc291e;\">\/<\/span> Kontrola przep\u0142ywu powietrza<\/strong><br \/>W&nbsp;procesie projektowania mechanicznego in\u017cynierowie optymalizuj\u0105 wn\u0119trze pieca, aby uzyska\u0107 najlepsz\u0105 mo\u017cliw\u0105 wydajno\u015b\u0107, tak&nbsp;aby spe\u0142ni\u0107 r\u00f3\u017cne potrzeby naszych klient\u00f3w.<\/p>\n<p><strong><span style=\"color: #dc291e;\">\/<\/span> Udoskonalona wymiana ciep\u0142a \u2013 pionowy przep\u0142yw powietrza<\/strong><br \/>Strumie\u0144 powietrza o&nbsp;du\u017cej pr\u0119dko\u015bci jest kierowany na&nbsp;g\u00f3r\u0119 ka\u017cdego k\u0119sa, co&nbsp;skutkuje wy\u017cszymi wsp\u00f3\u0142czynnikami przenikania ciep\u0142a. Poniewa\u017c piec sk\u0142ada si\u0119 z&nbsp;wielu stref, mo\u017cliwe jest zastosowanie wy\u017cszych temperatur powietrza w&nbsp;ka\u017cdej ze&nbsp;stref bez&nbsp;ryzyka uszkodzenia detalu.<\/p>\n<p>Te&nbsp;wy\u017csze temperatury powietrza w&nbsp;po\u0142\u0105czeniu z&nbsp;wy\u017cszym wsp\u00f3\u0142czynnikiem przenikania ciep\u0142a umo\u017cliwiaj\u0105 znacznie wi\u0119ksze pr\u0119dko\u015bci konwekcyjnego przekazywania ciep\u0142a do&nbsp;k\u0119s\u00f3w. Poniewa\u017c mo\u017cliwe jest dzia\u0142anie stref w&nbsp;wy\u017cszej temperaturze bez&nbsp;uszczerbku dla bezpiecze\u0144stwa, wzmocniony jest r\u00f3wnie\u017c radiacyjny transfer ciep\u0142a. Lepsza wymiana ciep\u0142a skutkuje kr\u00f3tszymi czasami nagrzewu k\u0119s\u00f3w o&nbsp;ma\u0142ej i&nbsp;du\u017cej \u015brednicy.<\/p>\n<p><strong><span style=\"color: #dc291e;\">\/<\/span> Jednolita jako\u015b\u0107<\/strong><br \/>Proces temperaturowej obr\u00f3bki cieplnej mo\u017cna zoptymalizowa\u0107, poniewa\u017c piec do&nbsp;homogenizacji ci\u0105g\u0142ej posiada przep\u0142yw detali z&nbsp;jedn\u0105 warstw\u0105 wlewk\u00f3w. Kontrola jako\u015bci jest mo\u017cliwa dla ka\u017cdego pojedynczego k\u0119sa o&nbsp;tej&nbsp;samej wydajno\u015bci. Proces ch\u0142odzenia mo\u017cna r\u00f3wnie\u017c kontrolowa\u0107 i&nbsp;optymalizowa\u0107.<\/p>\n<p>[\/et_pb_tab][et_pb_tab title=&#8221;Przep\u0142yw powietrza&#8221; _builder_version=&#8221;4.23.1&#8243; global_colors_info=&#8221;{}&#8221;]<\/p>\n<p>Opatentowana technologia odwracania przep\u0142ywu powietrza SECO\/WARWICK z\u00a0dwukierunkow\u0105 kontrol\u0105 temperatury (w\u00a0g\u00f3r\u0119\/w d\u00f3\u0142), wykorzystuj\u0105ca wentylator z\u00a0przep\u0142ywem osiowym, regularnie zmienia kierunek obrotu, zmieniaj\u0105c tym samym kierunek poziomego przep\u0142ywu powietrza przez\u00a0wsad. Temperatura strumienia powietrza jest monitorowana i\u00a0kontrolowana po\u00a0obu stronach wsadu.<\/p>\n<p>G\u0142owica termiczna jest wykorzystywana na\u00a0wczesnych etapach cyklu dla zapewnienia szybkiego i\u00a0skutecznego grzania. System ten zapewnia wi\u0119ksz\u0105 pr\u0119dko\u015b\u0107 grzania i\u00a0r\u00f3wnomierno\u015b\u0107 temperatury wsadu w\u00a0stosunku do\u00a0jednokierunkowego przep\u0142ywu powietrza. Idzie za\u00a0tym wi\u0119ksza wydajno\u015b\u0107, ni\u017cszy koszt paliwa i\u00a0lepsze efekty metalurgiczne.<\/p>\n<p>[\/et_pb_tab][et_pb_tab title=&#8221;Opatentowana konstrukcja prowadnic&#8221; _builder_version=&#8221;4.23.1&#8243; global_colors_info=&#8221;{}&#8221;]<\/p>\n<p>Firma SECO\/WARWICK jest posiadaczem patentu na\u00a0regulowan\u0105 kierownic\u0119 przep\u0142ywu powietrza. Ruchome kierownice istotnie podnosz\u0105 wydajno\u015b\u0107 pieca, w\u00a0szczeg\u00f3lno\u015bci w\u00a0przypadku homogenizacji wsad\u00f3w o\u00a0rozmiarach mniejszych ni\u017c maksymalnie dopuszczalne. Kierownice mo\u017cna regulowa\u0107 w\u00a0zale\u017cno\u015bci od\u00a0wysoko\u015bci wsadu, aby skutecznie ogranicza\u0107 lub blokowa\u0107 otwart\u0105 przestrze\u0144 nad\u00a0wsadem.<\/p>\n<p><strong><span style=\"color: #dc291e;\">\/<\/span><\/strong> Kr\u00f3tszy czas nagrzewania dzi\u0119ki wy\u017cszej pr\u0119dko\u015bci przep\u0142ywu powietrza<br \/><strong><span style=\"color: #dc291e;\">\/<\/span><\/strong> Zapobieganie zwarciom przep\u0142ywu powietrza podczas homogenizacji wsad\u00f3w o\u00a0rozmiarze mniejszym ni\u017c maksymalny<br \/><strong><span style=\"color: #dc291e;\">\/<\/span><\/strong> Ochrona przed\u00a0przegrzaniem g\u00f3rnej warstwy<br \/><strong><span style=\"color: #dc291e;\">\/<\/span><\/strong> Ni\u017csze zapotrzebowanie na\u00a0energi\u0119 dzi\u0119ki szybszemu tempu nagrzewania<br \/><strong><span style=\"color: #dc291e;\">\/<\/span><\/strong> Wy\u017csza r\u00f3wnomierno\u015b\u0107, jako \u017ce\u00a0powietrze jest bardziej r\u00f3wnomiernie roz\u0142o\u017cone nad\u00a0wszystkimi powierzchniami wsadu<\/p>\n<p>[\/et_pb_tab][et_pb_tab title=&#8221;System ch\u0142odzenia&#8221; _builder_version=&#8221;4.23.1&#8243; global_colors_info=&#8221;{}&#8221;]<\/p>\n<p>Ch\u0142odzenie po\u00a0homogenizacji mo\u017ce by\u0107 bardzo korzystne dla okr\u0105g\u0142ych wlewk\u00f3w i\u00a0k\u0119s\u00f3w. Potrzeby produkcyjne wymagaj\u0105 ich szybszego i\u00a0bardziej r\u00f3wnomiernego ch\u0142odzenia. Kolejne dowody wskazuj\u0105, \u017ce\u00a0uzyskiwana struktura ziarna k\u0119s\u00f3w i\u00a0ich zdatno\u015b\u0107 do\u00a0obr\u00f3bki wynikaj\u0105 z\u00a0czynnika ch\u0142odz\u0105cego wykorzystywanego po\u00a0homogenizacji. Szybkie ch\u0142odzenie jest po\u017c\u0105dane, jednak musi ono nast\u0119powa\u0107 r\u00f3wnomiernie na\u00a0ca\u0142ej powierzchni wsadu. W\u00a0przeciwnym razie mo\u017ce doj\u015b\u0107 do\u00a0znacznego wygi\u0119cia wlewk\u00f3w lub pogorszenia w\u0142a\u015bciwo\u015bci mechanicznych.<\/p>\n<p>Do\u00a0wsad\u00f3w nieprzelotowych, wykorzystuj\u0105cych w\u00f3zek lub tac\u0119, firma SECO\/WARWICK oferuje szerok\u0105 gam\u0119 ch\u0142odnic, m.in.\u00a0z\u00a0jednokierunkowym przep\u0142ywem powietrza, z\u00a0odwracanym przep\u0142ywem powietrza, konstrukcje powietrze\/mg\u0142a itp. w\u00a0zale\u017cno\u015bci od\u00a0oczekiwanego poziomu wydajno\u015bci. Komory te\u00a0s\u0105\u00a0zaprojektowane w\u00a0celu r\u00f3wnomiernego ch\u0142odzenia wsadu zgodnie ze\u00a0specyfikacj\u0105 klienta.<\/p>\n<p>Wsad zazwyczaj jest ch\u0142odzony zanurzeniowo z\u00a0r\u00f3\u017cnymi dost\u0119pnymi pr\u0119dko\u015bciami w\u00a0zale\u017cno\u015bci od\u00a0potrzeb Klienta. Tempem ch\u0142odzenia mo\u017cna r\u00f3wnie\u017c sterowa\u0107 za\u00a0pomoc\u0105 wentylator\u00f3w o\u00a0regulowanej pr\u0119dko\u015bci.<\/p>\n<p>[\/et_pb_tab][et_pb_tab title=&#8221; &#8221; _builder_version=&#8221;4.23.1&#8243; _module_preset=&#8221;default&#8221; global_colors_info=&#8221;{}&#8221;]<\/p>\n<p><span style=\"color: #ff0000;\"><strong>\/<\/strong><\/span> Palniki z&nbsp;auto rekuperatorem o&nbsp;wysokiej wydajno\u015bci do&nbsp;ok. 86% sprawno\u015bci<br \/><span style=\"color: #ff0000;\"><strong>\/<\/strong><\/span> Ekologiczna, biosoluble izolacja o&nbsp;odpowiednio dobranej grubo\u015bci w&nbsp;celu optymalizacji strat przez&nbsp;\u015bciany<\/p>\n<p>[\/et_pb_tab][\/et_pb_tabs][et_pb_code _builder_version=&#8221;4.10.3&#8243; _module_preset=&#8221;default&#8221; global_module=&#8221;123769&#8243; saved_tabs=&#8221;all&#8221; global_colors_info=&#8221;{}&#8221;]<!-- [et_pb_line_break_holder] --><pee style=\"text-align: center;\"><a class=\"small-button smallred\" style=\"font-size: 20px; padding: 20px 60px;\" href=\"https:\/\/www.secowarwick.com\/pl\/zapytaj-o-oferte\/\"><span style=\"display: block; transform: skew(15deg,0deg); -webkit-transform: skew(15deg,0deg); font-size: 20px; !important\">ZAPYTAJ O OFERT\u0118<\/span><\/a><\/pee>[\/et_pb_code][\/et_pb_column][et_pb_column type=&#8221;1_4&#8243; _builder_version=&#8221;4.16&#8243; custom_padding=&#8221;|||&#8221; global_colors_info=&#8221;{}&#8221; custom_padding__hover=&#8221;|||&#8221;][et_pb_gallery gallery_ids=&#8221;116230,116223,116216&#8243; posts_number=&#8221;1&#8243; show_title_and_caption=&#8221;off&#8221; show_pagination=&#8221;off&#8221; zoom_icon_color=&#8221;#e2001a&#8221; module_class=&#8221;seco-products-gallery-new&#8221; _builder_version=&#8221;4.16&#8243; custom_css_overlay_icon=&#8221;content:&#8217;ZOBACZ GALERI\u0118&#8217; !important;&#8221; global_colors_info=&#8221;{}&#8221;][\/et_pb_gallery][et_pb_text admin_label=&#8221;btn_pl_premiumlibrary&#8221; module_class=&#8221;premium-library-button&#8221; _builder_version=&#8221;4.23.1&#8243; _module_preset=&#8221;default&#8221; text_orientation=&#8221;center&#8221; global_module=&#8221;157169&#8243; saved_tabs=&#8221;all&#8221; locked=&#8221;off&#8221; global_colors_info=&#8221;{}&#8221;]<\/p>\n<a href='https:\/\/www.secowarwick.com\/pl\/trescipremium\/' class='small-button smallred'><span>TRE\u015aCI PREMIUM<\/span><\/a>\n<p>[\/et_pb_text][et_pb_text admin_label=&#8221;R&#038;D PL&#8221; module_class=&#8221;product_widget_wrap_rd&#8221; _builder_version=&#8221;4.23.1&#8243; _module_preset=&#8221;default&#8221; text_orientation=&#8221;center&#8221; global_module=&#8221;165497&#8243; saved_tabs=&#8221;all&#8221; locked=&#8221;off&#8221; global_colors_info=&#8221;{}&#8221;]<\/p>\n<p><a href=\"https:\/\/www.secowarwick.com\/pl\/rd\/\"><span class=\"product_wigtet_name\">R&amp;D<\/span><\/a><\/p>\n<p>[\/et_pb_text][et_pb_text admin_label=&#8221;AUTOMATYKA PL&#8221; module_class=&#8221;product_widget_wrap_automation&#8221; _builder_version=&#8221;4.23.1&#8243; _module_preset=&#8221;default&#8221; global_module=&#8221;165495&#8243; saved_tabs=&#8221;all&#8221; locked=&#8221;off&#8221; global_colors_info=&#8221;{}&#8221;]<\/p>\n<p><a href=\"https:\/\/www.secowarwick.com\/pl\/service\/automatyka\/\"><span class=\"product_wigtet_name\">AUTOMATYKA<\/span><\/a><\/p>\n<p>[\/et_pb_text][et_pb_text admin_label=&#8221;SERVICE PL&#8221; module_class=&#8221;product_widget_wrap_service&#8221; _builder_version=&#8221;4.23.1&#8243; _module_preset=&#8221;default&#8221; global_module=&#8221;165500&#8243; saved_tabs=&#8221;all&#8221; locked=&#8221;off&#8221; global_colors_info=&#8221;{}&#8221;]<\/p>\n<p><a href=\"https:\/\/www.secowarwick.com\/pl\/profesjonalne-uslugi-serwisowe\/\"><span class=\"product_wigtet_name\">SERWIS<\/span><\/a><\/p>\n<p>[\/et_pb_text][et_pb_text admin_label=&#8221;SUPLEMENTALS PL&#8221; module_class=&#8221;product_widget_wrap_supleme&#8221; _builder_version=&#8221;4.23.1&#8243; _module_preset=&#8221;default&#8221; global_module=&#8221;165502&#8243; saved_tabs=&#8221;all&#8221; locked=&#8221;off&#8221; global_colors_info=&#8221;{}&#8221;]<\/p>\n<p><span class=\"product_wigtet_name\">DODATKOWE:<\/span><\/p>\n<p>[\/et_pb_text][et_pb_text admin_label=&#8221;Product brochure&#8221; module_class=&#8221;suplementals_product_brochure suplementals_wrap&#8221; _builder_version=&#8221;4.23.1&#8243; _module_preset=&#8221;default&#8221; locked=&#8221;off&#8221; global_colors_info=&#8221;{}&#8221;]<\/p>\n<p><a href=\"https:\/\/www.secowarwick.com\/wp-content\/uploads\/2025\/07\/ALU-Aluminum-Homogenizing-Furnaces-WWW.pdf\" target=\"_blank\" rel=\"noopener\">Broszura produktu<\/a><\/p>\n<p>[\/et_pb_text][et_pb_text admin_label=&#8221;Product catalogue alu pl&#8221; module_class=&#8221;suplementals_product_catalogue suplementals_wrap&#8221; _builder_version=&#8221;4.23.1&#8243; _module_preset=&#8221;default&#8221; global_module=&#8221;170202&#8243; saved_tabs=&#8221;all&#8221; locked=&#8221;off&#8221; global_colors_info=&#8221;{}&#8221;]<\/p>\n<p><a href=\"https:\/\/www.secowarwick.com\/wp-content\/uploads\/2025\/02\/Aluminum_Furnaces_catalogue.pdf\" target=\"_blank\" rel=\"noopener\">Katalog produkt\u00f3w<\/a><\/p>\n<p>[\/et_pb_text][et_pb_text admin_label=&#8221;Product infographic&#8221; module_class=&#8221;suplementals_product_infographic suplementals_wrap&#8221; _builder_version=&#8221;4.23.1&#8243; _module_preset=&#8221;default&#8221; locked=&#8221;off&#8221; global_colors_info=&#8221;{}&#8221;]<\/p>\n<p><a href=\"https:\/\/www.secowarwick.com\/wp-content\/uploads\/2023\/06\/ALUMINUM-HOMOGENIZING-FURNACE.jpg\" target=\"_blank\" rel=\"noopener\">Infografika produktu<\/a><\/p>\n<p>[\/et_pb_text][et_pb_text admin_label=&#8221;Product movie playlist alu pl&#8221; module_class=&#8221;suplementals_product_movie suplementals_wrap&#8221; _builder_version=&#8221;4.23.1&#8243; _module_preset=&#8221;default&#8221; global_module=&#8221;170199&#8243; saved_tabs=&#8221;all&#8221; locked=&#8221;off&#8221; global_colors_info=&#8221;{}&#8221;]<\/p>\n<p><a href=\"https:\/\/www.youtube.com\/playlist?list=PLa0hhW_hoQqEsIHM5LQtr9h_9UlwGFBO8\" target=\"_blank\" rel=\"noopener\">Film produktowy<\/a><\/p>\n<p>[\/et_pb_text][et_pb_text admin_label=&#8221;dnabook-pl&#8221; module_class=&#8221;suplementals_product_dna suplementals_wrap&#8221; _builder_version=&#8221;4.23.1&#8243; _module_preset=&#8221;default&#8221; global_module=&#8221;165509&#8243; saved_tabs=&#8221;all&#8221; locked=&#8221;off&#8221; global_colors_info=&#8221;{}&#8221;]<\/p>\n<p><a href=\"https:\/\/www.secowarwick.com\/wp-content\/uploads\/2025\/07\/DNA_BOOK.pdf\" target=\"_blank\" rel=\"noopener\">DNA\/BOOK<\/a><\/p>\n<p>[\/et_pb_text][et_pb_text admin_label=&#8221;ECO\/BOOK-pl&#8221; module_class=&#8221;suplementals_product_eco suplementals_wrap&#8221; _builder_version=&#8221;4.23.1&#8243; _module_preset=&#8221;default&#8221; global_module=&#8221;165511&#8243; saved_tabs=&#8221;all&#8221; locked=&#8221;off&#8221; global_colors_info=&#8221;{}&#8221;]<\/p>\n<p><a href=\"https:\/\/www.secowarwick.com\/wp-content\/uploads\/2023\/06\/ECOBOOK-2-1.pdf\" target=\"_blank\" rel=\"noopener\">ECO\/BOOK<\/a><\/p>\n<p>[\/et_pb_text][et_pb_text admin_label=&#8221;RFQ product widget pl&#8221; module_class=&#8221;product_widget_wrap_rfq-en&#8221; _builder_version=&#8221;4.23.1&#8243; _module_preset=&#8221;default&#8221; global_module=&#8221;186180&#8243; saved_tabs=&#8221;all&#8221; global_colors_info=&#8221;{}&#8221; locked=&#8221;off&#8221;]<\/p>\n<p style=\"text-align: center;\"><a class=\"small-button smallred\" href=\"https:\/\/www.secowarwick.com\/pl\/zapytaj-o-oferte\/\"><span class=\"product_wigtet_name\">ZAPYTAJ O&nbsp;OFERT\u0118<\/span><\/a><\/p>\n<p>[\/et_pb_text][\/et_pb_column][\/et_pb_row][\/et_pb_section]<\/p>\n","protected":false},"excerpt":{"rendered":"<p>[et_pb_breadcrumbs _builder_version=&#8221;4.10.3&#8243; _module_preset=&#8221;default&#8221; global_colors_info=&#8221;{}&#8221;][\/et_pb_breadcrumbs]Piece do\u00a0homogenizacji aluminium Projektowane na\u00a0zam\u00f3wienie piece do\u00a0homogenizacji okr\u0105g\u0142ych wlewk\u00f3w i\u00a0k\u0119s\u00f3w aluminium przeznaczone do\u00a0wi\u0119kszo\u015bci technologicznych aplikacji. Konstrukcje urz\u0105dze\u0144 obejmuj\u0105 piece nieprzelotowe (zar\u00f3wno konstrukcji w\u00f3zkowej, jak i\u00a0tacowej), piece pokroczne oraz\u00a0piece ci\u0105g\u0142e wyposa\u017cone w\u00a0systemy transportu materia\u0142\u00f3w i\u00a0urz\u0105dzenia do\u00a0ch\u0142odzenia wsadu.W&nbsp;przypadku konstrukcji nieprzelotowej, do&nbsp;transportu wsadu do&nbsp;i&nbsp;z&nbsp;pieca wykorzystuje si\u0119 zazwyczaj izolowany w\u00f3zek z&nbsp;nap\u0119dem elektrycznym. Cz\u0119sto wykorzystuje si\u0119 tak\u017ce [&hellip;]<\/p>\n","protected":false},"author":2,"featured_media":87595,"parent":7102,"menu_order":0,"comment_status":"closed","ping_status":"closed","template":"","meta":{"_acf_changed":false,"_et_pb_use_builder":"on","_et_pb_old_content":"","_et_gb_content_width":"","footnotes":""},"class_list":["post-86724","page","type-page","status-publish","has-post-thumbnail"],"acf":[],"_links":{"self":[{"href":"https:\/\/www.secowarwick.com\/pl\/wp-json\/wp\/v2\/pages\/86724","targetHints":{"allow":["GET"]}}],"collection":[{"href":"https:\/\/www.secowarwick.com\/pl\/wp-json\/wp\/v2\/pages"}],"about":[{"href":"https:\/\/www.secowarwick.com\/pl\/wp-json\/wp\/v2\/types\/page"}],"author":[{"embeddable":true,"href":"https:\/\/www.secowarwick.com\/pl\/wp-json\/wp\/v2\/users\/2"}],"replies":[{"embeddable":true,"href":"https:\/\/www.secowarwick.com\/pl\/wp-json\/wp\/v2\/comments?post=86724"}],"version-history":[{"count":17,"href":"https:\/\/www.secowarwick.com\/pl\/wp-json\/wp\/v2\/pages\/86724\/revisions"}],"predecessor-version":[{"id":186233,"href":"https:\/\/www.secowarwick.com\/pl\/wp-json\/wp\/v2\/pages\/86724\/revisions\/186233"}],"up":[{"embeddable":true,"href":"https:\/\/www.secowarwick.com\/pl\/wp-json\/wp\/v2\/pages\/7102"}],"wp:featuredmedia":[{"embeddable":true,"href":"https:\/\/www.secowarwick.com\/pl\/wp-json\/wp\/v2\/media\/87595"}],"wp:attachment":[{"href":"https:\/\/www.secowarwick.com\/pl\/wp-json\/wp\/v2\/media?parent=86724"}],"curies":[{"name":"wp","href":"https:\/\/api.w.org\/{rel}","templated":true}]}}