{"id":86745,"date":"2020-01-02T11:32:22","date_gmt":"2020-01-02T10:32:22","guid":{"rendered":"http:\/\/www.secowarwick.com\/?page_id=86745"},"modified":"2025-10-30T09:32:51","modified_gmt":"2025-10-30T08:32:51","slug":"przesycanie-i-starzenie","status":"publish","type":"page","link":"https:\/\/www.secowarwick.com\/pl\/produkty\/obrobka-cieplna-aluminium\/przesycanie-i-starzenie\/","title":{"rendered":"Piece do przesycania i starzenia aluminium"},"content":{"rendered":"<p>[et_pb_section fb_built=&#8221;1&#8243; _builder_version=&#8221;4.16&#8243; global_colors_info=&#8221;{}&#8221;][et_pb_row _builder_version=&#8221;4.16&#8243; background_size=&#8221;initial&#8221; background_position=&#8221;top_left&#8221; background_repeat=&#8221;repeat&#8221; global_colors_info=&#8221;{}&#8221;][et_pb_column type=&#8221;4_4&#8243; _builder_version=&#8221;4.16&#8243; custom_padding=&#8221;|||&#8221; global_colors_info=&#8221;{}&#8221; custom_padding__hover=&#8221;|||&#8221;][et_pb_image src=&#8221;https:\/\/www.secowarwick.com\/wp-content\/uploads\/2019\/12\/slider-aluminium-Solution-and-Aging.jpg&#8221; alt=&#8221;Przesycanie i\u00a0starzenie aluminium&#8221; title_text=&#8221;Przesycanie i\u00a0starzenie aluminium&#8221; align_tablet=&#8221;center&#8221; align_phone=&#8221;&#8221; align_last_edited=&#8221;on|desktop&#8221; _builder_version=&#8221;4.16&#8243; global_colors_info=&#8221;{}&#8221;][\/et_pb_image][\/et_pb_column][\/et_pb_row][et_pb_row column_structure=&#8221;3_4,1_4&#8243; _builder_version=&#8221;4.16&#8243; background_size=&#8221;initial&#8221; background_position=&#8221;top_left&#8221; background_repeat=&#8221;repeat&#8221; global_colors_info=&#8221;{}&#8221;][et_pb_column type=&#8221;3_4&#8243; _builder_version=&#8221;4.16&#8243; custom_padding=&#8221;|||&#8221; global_colors_info=&#8221;{}&#8221; custom_padding__hover=&#8221;|||&#8221;][et_pb_breadcrumbs _builder_version=&#8221;3.6&#8243; global_colors_info=&#8221;{}&#8221;][\/et_pb_breadcrumbs][et_pb_text _builder_version=&#8221;4.23.1&#8243; global_colors_info=&#8221;{}&#8221;]<\/p>\n<h1>Piece do&nbsp;ci\u0105g\u0142ego przesycania i&nbsp;starzenia aluminium<\/h1>\n<p>SECO\/WARWICK jest \u015bwiatowym liderem i\u00a0innowacyjnym producentem piec\u00f3w do\u00a0ci\u0105g\u0142ego przesycania i\u00a0starzenia aluminium, posiadaj\u0105cym kilkudziesi\u0119cioletnie do\u015bwiadczenie. Dostarczamy kompletne rozwi\u0105zanie dla Twoich\u00a0potrzeb zwi\u0105zanych z\u00a0indywidualnym projektem systemu. Na\u00a0og\u00f3ln\u0105 wydajno\u015b\u0107 system\u00f3w obr\u00f3bki cieplnej SECO\/WARWICK sk\u0142ada si\u0119 wiele czynnik\u00f3w. Konwekcyjny nagrzew za\u00a0pomoc\u0105 powietrza o\u00a0du\u017cej pr\u0119dko\u015bci rozprowadza ciep\u0142o r\u00f3wnomiernie i\u00a0wydajnie, zapewniaj\u0105c du\u017c\u0105 r\u00f3wnomierno\u015b\u0107 temperatury.<\/p>\n<p>Sprawdzony system izolacji, stanowi\u0105cy jedn\u0105 z\u00a0najtrwalszych ok\u0142adzin na\u00a0rynku, dodatkowo podnosi sprawno\u015b\u0107 energetyczn\u0105. R\u00f3\u017cnorodno\u015b\u0107 schemat\u00f3w przep\u0142ywu powietrza zwi\u0119ksza wydajno\u015b\u0107 naszych piec\u00f3w.<\/p>\n<p>[\/et_pb_text][et_pb_tabs module_class=&#8221;red-tabs eco-tab6&#8243; _builder_version=&#8221;4.23.1&#8243; custom_css_main_element=&#8221;margin-top: 2rem;||margin-bottom: 2rem;&#8221; global_colors_info=&#8221;{}&#8221;][et_pb_tab title=&#8221;Mo\u017cliwo\u015bci&#8221; _builder_version=&#8221;4.23.1&#8243; global_colors_info=&#8221;{}&#8221;]<\/p>\n<p>Nasi konstruktorzy \u015bci\u015ble wsp\u00f3\u0142pracuj\u0105 z\u00a0dzia\u0142ami in\u017cynieryjnymi i\u00a0produkcji, aby zapewni\u0107 optymaln\u0105 wydajno\u015b\u0107 kompletnego systemu pieca, jak r\u00f3wnie\u017c prac\u0119 ca\u0142ego zak\u0142adu.<\/p>\n<p>Oferujemy kompleksowe rozwi\u0105zania \u201epod klucz\u201d dla ka\u017cdego projektu, obejmuj\u0105ce:<\/p>\n<p><strong><span style=\"color: #dc291e;\">\/<\/span><\/strong> Rysunek fundamentu<br \/><strong><span style=\"color: #dc291e;\">\/<\/span> Piece do\u00a0przesycania<\/strong><br \/><strong><span style=\"color: #dc291e;\">\/<\/span> Piece do\u00a0starzenia<\/strong><br \/><strong><span style=\"color: #dc291e;\">\/<\/span><\/strong> Systemy transportu wsadu<br \/><strong><span style=\"color: #dc291e;\">\/<\/span><\/strong> Systemy sterowania<br \/><strong><span style=\"color: #dc291e;\">\/<\/span><\/strong> Automatyczne \u015bledzenie produktu<br \/><strong><span style=\"color: #dc291e;\">\/<\/span><\/strong> Instalacj\u0119.<\/p>\n<p>[\/et_pb_tab][et_pb_tab title=&#8221;Cechy&#8221; _builder_version=&#8221;4.23.1&#8243; global_colors_info=&#8221;{}&#8221;]<\/p>\n<p>Firma SECO\/WARWICK wykorzystuje r\u00f3\u017cne konstrukcje do\u00a0recyrkulacji przep\u0142ywu powietrza z\u00a0u\u017cyciem wentylator\u00f3w osiowych i\u00a0od\u015brodkowych zaprojektowanych specjalnie do\u00a0wybranego zastosowania, kt\u00f3re obejmuj\u0105:<\/p>\n<p><strong><span style=\"color: #dc291e;\">\/<\/span><\/strong> Gwarantuje r\u00f3wnomierno\u015b\u0107 temperatury +\/-3\u2103 w&nbsp;ostatniej fazie wytrzymania. Czasy zanurzenia ju\u017c od&nbsp;10s<br \/><strong><span style=\"color: #dc291e;\">\/<\/span><\/strong> Poziomy przep\u0142yw poprzeczny z&nbsp;odwracaniem kierunku przep\u0142ywu<br \/><strong><span style=\"color: #dc291e;\">\/<\/span><\/strong> Wzd\u0142u\u017cny przep\u0142yw powietrza (lub przep\u0142yw tunelowy). Powietrze obiegowe porusza si\u0119 wzd\u0142u\u017c pieca lub strefy sterowania. Jest to&nbsp;idealne rozwi\u0105zanie do&nbsp;masowej produkcji cz\u0119\u015bci aluminiowych w&nbsp;koszach lub na&nbsp;stojakach<br \/><strong><span style=\"color: #dc291e;\">\/<\/span><\/strong> Pionowy przep\u0142yw powietrza (w&nbsp;g\u00f3r\u0119 lub w&nbsp;d\u00f3\u0142) stosowany z&nbsp;regu\u0142y w&nbsp;przypadku koszy z&nbsp;ma\u0142ymi odlewami lub odkuwkami z&nbsp;aluminium<br \/><strong><span style=\"color: #dc291e;\">\/<\/span><\/strong> Uruchomienie i&nbsp;testowanie<br \/><strong><span style=\"color: #dc291e;\">\/<\/span><\/strong> Szkolenie<\/p>\n<p>Dob\u00f3r odpowiedniego przep\u0142ywu powietrza zale\u017cy od\u00a0g\u0119sto\u015bci i\u00a0konfiguracji wsadu, oczekiwanego tempa produkcji, dost\u0119pnego miejsca, wymaganego czasu nagrzewu i\u00a0r\u00f3wnomierno\u015bci temperatury, sposobu transportu, metody nagrzewu itp. Oprogramowanie analityczne ANSYS mo\u017cna wykorzysta\u0107 do\u00a0oceny szybko\u015bci nagrzewu wsadu przed\u00a0wybraniem najbardziej wydajnego przep\u0142ywu powietrza. Mo\u017cliwe jest przetestowanie faktycznego wsadu w\u00a0celu potwierdzenia wynik\u00f3w teoretycznych.<\/p>\n<p>Ch\u0142odzenie wsadu po\u00a0obr\u00f3bcie cieplnej ma\u00a0kluczowe znaczenie dla osi\u0105gni\u0119cia odpowiednich efekt\u00f3w metalurgicznych. SECO\/WARWICK ma\u00a0do\u015bwiadczenie z\u00a0wieloma r\u00f3\u017cnymi systemami ch\u0142odzenia. Dost\u0119pne opcje obejmuj\u0105: ruchome lub stacjonarne wanny hartownicze zanurzeniowe, wanny hartownicze windowe lub systemy natryskowe.<\/p>\n<p>Opcjonalne funkcje hartowania obejmuj\u0105 nap\u0119dzane silnikiem mieszarki, wymienniki ciep\u0142a, elementy zanurzeniowe i\u00a0grza\u0142ki z\u00a0grzaniem po\u015brednim.<\/p>\n<p>[\/et_pb_tab][et_pb_tab title=&#8221;Piece przelotowe z\u00a0trzonem rolkowym &#8221; _builder_version=&#8221;4.19.2&#8243; global_colors_info=&#8221;{}&#8221;]<\/p>\n<p>Takie wysokowydajne piece gwarantuj\u0105 przewag\u0119 konkurencyjn\u0105 producentom cz\u0119\u015bci lotniczych i&nbsp;motoryzacyjnych, spe\u0142niaj\u0105c jednocze\u015bnie najbardziej surowe wymagania kosztowe i&nbsp;produkcyjne.<\/p>\n<p>Piece przelotowe zapewniaj\u0105 elastyczno\u015b\u0107 dla szerokiej gamy produkt\u00f3w. Dzi\u0119ki wykorzystaniu nap\u0119d\u00f3w o&nbsp;zmiennej pr\u0119dko\u015bci, czas przebywania i&nbsp;wytrzymania mo\u017cna skraca\u0107 lub wyd\u0142u\u017ca\u0107 wedle potrzeb klienta.<\/p>\n<p>Unikalny system SECO\/WARWICK rozdzielaj\u0105cy komory grzania i&nbsp;wytrzymania z&nbsp;wewn\u0119trznymi drzwiami, gwarantuje niezr\u00f3wnan\u0105 elastyczno\u015b\u0107 i&nbsp;regulacj\u0119 temperatury. Dzi\u0119ki wbudowanej komorze wylotowej mo\u017cna roz\u0142adowywa\u0107 piec bez&nbsp;wp\u0142ywu na&nbsp;r\u00f3wnomierno\u015b\u0107 temperatury pozosta\u0142ych obrabianych element\u00f3w. Mechanizmy o&nbsp;wysokiej pr\u0119dko\u015bci szybko przenosz\u0105 wsad do&nbsp;czynnika hartowniczego.<\/p>\n<p>[\/et_pb_tab][et_pb_tab title=&#8221;Zalety&#8221; _builder_version=&#8221;4.23.1&#8243; global_colors_info=&#8221;{}&#8221;]<\/p>\n<p><strong><span style=\"color: #ff0000;\">\/<\/span> Jako\u015b\u0107<\/strong><br \/>Dzi\u0119ki do\u015bwiadczeniu SECO\/WARWICK i\u00a0mo\u017cliwo\u015bciom projektowania \u201epod klucz\u201d nadal b\u0119dziemy \u015bwiatowym liderem i\u00a0innowacyjnym producentem system\u00f3w piec\u00f3w do\u00a0obr\u00f3bki cieplnej. SECO\/WARWICK to\u00a0Tw\u00f3j\u00a0kompletny dostawca system\u00f3w do\u00a0obr\u00f3bki cieplnej i\u00a0starzenia.<\/p>\n<p><strong><span style=\"color: #ff0000;\">\/<\/span> Wsparcie zak\u0142ad\u00f3w produkcyjnych<\/strong><br \/>Oferujemy zalecenia dotycz\u0105ce rozmieszczenia urz\u0105dze\u0144 maj\u0105ce na\u00a0celu oszcz\u0119dno\u015b\u0107 miejsca, si\u0142y roboczej i\u00a0operacji. Aby zapewni\u0107 natychmiastow\u0105 i\u00a0dok\u0142adn\u0105 prac\u0119 urz\u0105dze\u0144, SECO\/WARWICK przed\u00a0wysy\u0142k\u0105 testuje ka\u017cdy piec w\u00a0zakresie mechanicznym i\u00a0elektrycznym w\u00a0swoim zak\u0142adzie, chyba \u017ce\u00a0rozmiar urz\u0105dzenia uniemo\u017cliwia monta\u017c przed\u00a0wysy\u0142k\u0105.<\/p>\n<p><strong><span style=\"color: #ff0000;\">\/<\/span> Systemy sterowania<\/strong><br \/>Systemy sterowania dostarczane wraz z\u00a0lini\u0105 piec\u00f3w standardowo obejmuj\u0105 sterownik programowalny i\u00a0komputer osobisty do\u00a0obs\u0142ugi automatycznej. Oprogramowanie procesowe jest tworzone przez\u00a0in\u017cynier\u00f3w SECO\/WARWICK specjalizuj\u0105cych si\u0119 w\u00a0procesach przesycania i\u00a0obr\u00f3bki wsadu.<\/p>\n<p>[\/et_pb_tab][et_pb_tab title=&#8221;Procesy&#8221; _builder_version=&#8221;4.23.1&#8243; global_colors_info=&#8221;{}&#8221;]<\/p>\n<p><strong><span style=\"color: #ff0000;\">\/<\/span><\/strong> Przesycanie<br \/><strong><span style=\"color: #ff0000;\">\/<\/span><\/strong> Starzenie<\/p>\n<p>[\/et_pb_tab][et_pb_tab title=&#8221;Przemys\u0142y &#8221; _builder_version=&#8221;4.23.1&#8243; global_colors_info=&#8221;{}&#8221;]<\/p>\n<p><strong><span style=\"color: #ff0000;\">\/<\/span><\/strong> Motoryzacja<br \/><strong><span style=\"color: #ff0000;\">\/<\/span><\/strong> Odlewnictwo<br \/><strong><span style=\"color: #ff0000;\">\/<\/span><\/strong> Budownictwo<\/p>\n<p>[\/et_pb_tab][et_pb_tab title=&#8221; &#8221; _builder_version=&#8221;4.23.1&#8243; _module_preset=&#8221;default&#8221; global_colors_info=&#8221;{}&#8221;]<\/p>\n<p><span style=\"color: #ff0000;\"><strong>\/<\/strong> <\/span>Palniki z&nbsp;auto rekuperatorem o&nbsp;wysokiej wydajno\u015bci do&nbsp;ok. 86% sprawno\u015bci<br \/><span style=\"color: #ff0000;\"><strong>\/<\/strong><\/span> Ekologiczna, biosoluble izolacja o&nbsp;odpowiednio dobranej grubo\u015bci w&nbsp;celu optymalizacji strat przez&nbsp;\u015bciany<\/p>\n<p>[\/et_pb_tab][\/et_pb_tabs][et_pb_code _builder_version=&#8221;4.10.3&#8243; _module_preset=&#8221;default&#8221; global_module=&#8221;123769&#8243; saved_tabs=&#8221;all&#8221; global_colors_info=&#8221;{}&#8221;]<!-- [et_pb_line_break_holder] --><pee style=\"text-align: center;\"><a class=\"small-button smallred\" style=\"font-size: 20px; padding: 20px 60px;\" href=\"https:\/\/www.secowarwick.com\/pl\/zapytaj-o-oferte\/\"><span style=\"display: block; transform: skew(15deg,0deg); -webkit-transform: skew(15deg,0deg); font-size: 20px; !important\">ZAPYTAJ O OFERT\u0118<\/span><\/a><\/pee>[\/et_pb_code][\/et_pb_column][et_pb_column type=&#8221;1_4&#8243; _builder_version=&#8221;4.16&#8243; custom_padding=&#8221;|||&#8221; global_colors_info=&#8221;{}&#8221; custom_padding__hover=&#8221;|||&#8221;][et_pb_gallery gallery_ids=&#8221;87606&#8243; posts_number=&#8221;1&#8243; show_title_and_caption=&#8221;off&#8221; show_pagination=&#8221;off&#8221; zoom_icon_color=&#8221;#e2001a&#8221; module_class=&#8221;seco-products-gallery-new&#8221; _builder_version=&#8221;4.16&#8243; custom_css_overlay_icon=&#8221;content:&#8217;ZOBACZ GALERI\u0118&#8217; !important;&#8221; global_colors_info=&#8221;{}&#8221;][\/et_pb_gallery][et_pb_text admin_label=&#8221;btn_pl_premiumlibrary&#8221; module_class=&#8221;premium-library-button&#8221; _builder_version=&#8221;4.23.1&#8243; _module_preset=&#8221;default&#8221; text_orientation=&#8221;center&#8221; global_module=&#8221;157169&#8243; saved_tabs=&#8221;all&#8221; locked=&#8221;off&#8221; global_colors_info=&#8221;{}&#8221;]<\/p>\n<a href='https:\/\/www.secowarwick.com\/pl\/trescipremium\/' class='small-button smallred'><span>TRE\u015aCI PREMIUM<\/span><\/a>\n<p>[\/et_pb_text][et_pb_text admin_label=&#8221;R&#038;D PL&#8221; module_class=&#8221;product_widget_wrap_rd&#8221; _builder_version=&#8221;4.23.1&#8243; _module_preset=&#8221;default&#8221; text_orientation=&#8221;center&#8221; global_module=&#8221;165497&#8243; saved_tabs=&#8221;all&#8221; locked=&#8221;off&#8221; global_colors_info=&#8221;{}&#8221;]<\/p>\n<p><a href=\"https:\/\/www.secowarwick.com\/pl\/rd\/\"><span class=\"product_wigtet_name\">R&amp;D<\/span><\/a><\/p>\n<p>[\/et_pb_text][et_pb_text admin_label=&#8221;AUTOMATYKA PL&#8221; module_class=&#8221;product_widget_wrap_automation&#8221; _builder_version=&#8221;4.23.1&#8243; _module_preset=&#8221;default&#8221; global_module=&#8221;165495&#8243; saved_tabs=&#8221;all&#8221; locked=&#8221;off&#8221; global_colors_info=&#8221;{}&#8221;]<\/p>\n<p><a href=\"https:\/\/www.secowarwick.com\/pl\/service\/automatyka\/\"><span class=\"product_wigtet_name\">AUTOMATYKA<\/span><\/a><\/p>\n<p>[\/et_pb_text][et_pb_text admin_label=&#8221;SERVICE PL&#8221; module_class=&#8221;product_widget_wrap_service&#8221; _builder_version=&#8221;4.23.1&#8243; _module_preset=&#8221;default&#8221; global_module=&#8221;165500&#8243; saved_tabs=&#8221;all&#8221; locked=&#8221;off&#8221; global_colors_info=&#8221;{}&#8221;]<\/p>\n<p><a href=\"https:\/\/www.secowarwick.com\/pl\/profesjonalne-uslugi-serwisowe\/\"><span class=\"product_wigtet_name\">SERWIS<\/span><\/a><\/p>\n<p>[\/et_pb_text][et_pb_text admin_label=&#8221;SUPLEMENTALS PL&#8221; module_class=&#8221;product_widget_wrap_supleme&#8221; _builder_version=&#8221;4.23.1&#8243; _module_preset=&#8221;default&#8221; global_module=&#8221;165502&#8243; saved_tabs=&#8221;all&#8221; locked=&#8221;off&#8221; global_colors_info=&#8221;{}&#8221;]<\/p>\n<p><span class=\"product_wigtet_name\">DODATKOWE:<\/span><\/p>\n<p>[\/et_pb_text][et_pb_text admin_label=&#8221;Product catalogue alu pl&#8221; module_class=&#8221;suplementals_product_catalogue suplementals_wrap&#8221; _builder_version=&#8221;4.23.1&#8243; _module_preset=&#8221;default&#8221; global_module=&#8221;170202&#8243; saved_tabs=&#8221;all&#8221; locked=&#8221;off&#8221; global_colors_info=&#8221;{}&#8221;]<\/p>\n<p><a href=\"https:\/\/www.secowarwick.com\/wp-content\/uploads\/2025\/02\/Aluminum_Furnaces_catalogue.pdf\" target=\"_blank\" rel=\"noopener\">Katalog produkt\u00f3w<\/a><\/p>\n<p>[\/et_pb_text][et_pb_text admin_label=&#8221;Product movie playlist alu pl&#8221; module_class=&#8221;suplementals_product_movie suplementals_wrap&#8221; _builder_version=&#8221;4.23.1&#8243; _module_preset=&#8221;default&#8221; global_module=&#8221;170199&#8243; saved_tabs=&#8221;all&#8221; locked=&#8221;off&#8221; global_colors_info=&#8221;{}&#8221;]<\/p>\n<p><a href=\"https:\/\/www.youtube.com\/playlist?list=PLa0hhW_hoQqEsIHM5LQtr9h_9UlwGFBO8\" target=\"_blank\" rel=\"noopener\">Film produktowy<\/a><\/p>\n<p>[\/et_pb_text][et_pb_text admin_label=&#8221;dnabook-pl&#8221; module_class=&#8221;suplementals_product_dna suplementals_wrap&#8221; _builder_version=&#8221;4.23.1&#8243; _module_preset=&#8221;default&#8221; global_module=&#8221;165509&#8243; saved_tabs=&#8221;all&#8221; locked=&#8221;off&#8221; global_colors_info=&#8221;{}&#8221;]<\/p>\n<p><a href=\"https:\/\/www.secowarwick.com\/wp-content\/uploads\/2025\/07\/DNA_BOOK.pdf\" target=\"_blank\" rel=\"noopener\">DNA\/BOOK<\/a><\/p>\n<p>[\/et_pb_text][et_pb_text admin_label=&#8221;ECO\/BOOK-pl&#8221; module_class=&#8221;suplementals_product_eco suplementals_wrap&#8221; _builder_version=&#8221;4.23.1&#8243; _module_preset=&#8221;default&#8221; global_module=&#8221;165511&#8243; saved_tabs=&#8221;all&#8221; locked=&#8221;off&#8221; global_colors_info=&#8221;{}&#8221;]<\/p>\n<p><a href=\"https:\/\/www.secowarwick.com\/wp-content\/uploads\/2023\/06\/ECOBOOK-2-1.pdf\" target=\"_blank\" rel=\"noopener\">ECO\/BOOK<\/a><\/p>\n<p>[\/et_pb_text][et_pb_text admin_label=&#8221;RFQ product widget pl&#8221; module_class=&#8221;product_widget_wrap_rfq-en&#8221; _builder_version=&#8221;4.23.1&#8243; _module_preset=&#8221;default&#8221; global_module=&#8221;186180&#8243; saved_tabs=&#8221;all&#8221; global_colors_info=&#8221;{}&#8221; locked=&#8221;off&#8221;]<\/p>\n<p style=\"text-align: center;\"><a class=\"small-button smallred\" href=\"https:\/\/www.secowarwick.com\/pl\/zapytaj-o-oferte\/\"><span class=\"product_wigtet_name\">ZAPYTAJ O&nbsp;OFERT\u0118<\/span><\/a><\/p>\n<p>[\/et_pb_text][\/et_pb_column][\/et_pb_row][\/et_pb_section]<\/p>\n","protected":false},"excerpt":{"rendered":"<p>[et_pb_breadcrumbs _builder_version=&#8221;3.6&#8243; global_colors_info=&#8221;{}&#8221;][\/et_pb_breadcrumbs]Piece do&nbsp;ci\u0105g\u0142ego przesycania i&nbsp;starzenia aluminium SECO\/WARWICK jest \u015bwiatowym liderem i\u00a0innowacyjnym producentem piec\u00f3w do\u00a0ci\u0105g\u0142ego przesycania i\u00a0starzenia aluminium, posiadaj\u0105cym kilkudziesi\u0119cioletnie do\u015bwiadczenie. Dostarczamy kompletne rozwi\u0105zanie dla Twoich\u00a0potrzeb zwi\u0105zanych z\u00a0indywidualnym projektem systemu. Na\u00a0og\u00f3ln\u0105 wydajno\u015b\u0107 system\u00f3w obr\u00f3bki cieplnej SECO\/WARWICK sk\u0142ada si\u0119 wiele czynnik\u00f3w. Konwekcyjny nagrzew za\u00a0pomoc\u0105 powietrza o\u00a0du\u017cej pr\u0119dko\u015bci rozprowadza ciep\u0142o r\u00f3wnomiernie i\u00a0wydajnie, zapewniaj\u0105c du\u017c\u0105 r\u00f3wnomierno\u015b\u0107 temperatury. Sprawdzony [&hellip;]<\/p>\n","protected":false},"author":2,"featured_media":87606,"parent":7102,"menu_order":0,"comment_status":"closed","ping_status":"closed","template":"","meta":{"_acf_changed":false,"_et_pb_use_builder":"on","_et_pb_old_content":"","_et_gb_content_width":"","footnotes":""},"class_list":["post-86745","page","type-page","status-publish","has-post-thumbnail"],"acf":[],"_links":{"self":[{"href":"https:\/\/www.secowarwick.com\/pl\/wp-json\/wp\/v2\/pages\/86745","targetHints":{"allow":["GET"]}}],"collection":[{"href":"https:\/\/www.secowarwick.com\/pl\/wp-json\/wp\/v2\/pages"}],"about":[{"href":"https:\/\/www.secowarwick.com\/pl\/wp-json\/wp\/v2\/types\/page"}],"author":[{"embeddable":true,"href":"https:\/\/www.secowarwick.com\/pl\/wp-json\/wp\/v2\/users\/2"}],"replies":[{"embeddable":true,"href":"https:\/\/www.secowarwick.com\/pl\/wp-json\/wp\/v2\/comments?post=86745"}],"version-history":[{"count":22,"href":"https:\/\/www.secowarwick.com\/pl\/wp-json\/wp\/v2\/pages\/86745\/revisions"}],"predecessor-version":[{"id":186227,"href":"https:\/\/www.secowarwick.com\/pl\/wp-json\/wp\/v2\/pages\/86745\/revisions\/186227"}],"up":[{"embeddable":true,"href":"https:\/\/www.secowarwick.com\/pl\/wp-json\/wp\/v2\/pages\/7102"}],"wp:featuredmedia":[{"embeddable":true,"href":"https:\/\/www.secowarwick.com\/pl\/wp-json\/wp\/v2\/media\/87606"}],"wp:attachment":[{"href":"https:\/\/www.secowarwick.com\/pl\/wp-json\/wp\/v2\/media?parent=86745"}],"curies":[{"name":"wp","href":"https:\/\/api.w.org\/{rel}","templated":true}]}}