{"id":87083,"date":"2019-08-29T15:05:41","date_gmt":"2019-08-29T13:05:41","guid":{"rendered":"http:\/\/www.secowarwick.com\/roller-hearth-atmosphere-heat-treatment-furnaces\/"},"modified":"2025-10-30T09:20:52","modified_gmt":"2025-10-30T08:20:52","slug":"piece-z-trzonem-rolkowym","status":"publish","type":"page","link":"https:\/\/www.secowarwick.com\/pl\/produkty\/piece-do-obrobki-cieplnej-metali-w-atmosferach-atm\/piece-z-trzonem-rolkowym\/","title":{"rendered":"Piece z trzonem rolkowym do obr\u00f3bki cieplnej w atmosferze"},"content":{"rendered":"<p>[et_pb_section fb_built=&#8221;1&#8243; _builder_version=&#8221;4.16&#8243; global_colors_info=&#8221;{}&#8221;][et_pb_row _builder_version=&#8221;4.16&#8243; background_size=&#8221;initial&#8221; background_position=&#8221;top_left&#8221; background_repeat=&#8221;repeat&#8221; global_colors_info=&#8221;{}&#8221;][et_pb_column type=&#8221;4_4&#8243; _builder_version=&#8221;4.16&#8243; custom_padding=&#8221;|||&#8221; global_colors_info=&#8221;{}&#8221; custom_padding__hover=&#8221;|||&#8221;][et_pb_image src=&#8221;https:\/\/www.secowarwick.com\/wp-content\/uploads\/2019\/12\/Roller-Hearth-slider.jpg&#8221; alt=&#8221;Piece z trzonem rolkowym do obr\u00f3bki cieplnej w atmosferze&#8221; title_text=&#8221;Piece z trzonem rolkowym do obr\u00f3bki cieplnej w atmosferze&#8221; align_tablet=&#8221;center&#8221; align_phone=&#8221;&#8221; align_last_edited=&#8221;on|desktop&#8221; _builder_version=&#8221;4.16&#8243; global_colors_info=&#8221;{}&#8221;][\/et_pb_image][\/et_pb_column][\/et_pb_row][et_pb_row column_structure=&#8221;3_4,1_4&#8243; _builder_version=&#8221;4.16&#8243; background_size=&#8221;initial&#8221; background_position=&#8221;top_left&#8221; background_repeat=&#8221;repeat&#8221; global_colors_info=&#8221;{}&#8221;][et_pb_column type=&#8221;3_4&#8243; _builder_version=&#8221;4.16&#8243; custom_padding=&#8221;|||&#8221; global_colors_info=&#8221;{}&#8221; custom_padding__hover=&#8221;|||&#8221;][et_pb_breadcrumbs _builder_version=&#8221;3.6&#8243; global_colors_info=&#8221;{}&#8221;][\/et_pb_breadcrumbs][et_pb_text module_class=&#8221;podtytuly&#8221; _builder_version=&#8221;4.23.1&#8243; global_colors_info=&#8221;{}&#8221;]<\/p>\n<p>&nbsp;<\/p>\n<h1>Piece z\u00a0trzonem rolkowym do\u00a0obr\u00f3bki cieplnej w\u00a0atmosferze<\/h1>\n<h2>System piec\u00f3w z\u00a0r\u00f3\u017cnymi konstrukcjami kom\u00f3r grzania i\u00a0ch\u0142odzenia<\/h2>\n<p><strong>Piece z\u00a0trzonem rolkowym s\u0105\u00a0przeznaczone do\u00a0ekonomicznej obr\u00f3bki cieplnej r\u00f3\u017cnorodnych produkt\u00f3w, zapewniaj\u0105c jednorodne, powtarzalne efekty.<\/strong> Oferujemy szerok\u0105 gam\u0119 instalacji grzewczych \u2013 elektrycznych lub opalanych paliwem \u2013z dopasowanymi sekcjami ch\u0142odzenia i\u00a0uk\u0142adami transportowymi. W\u00a0po\u0142\u0105czeniu z\u00a0atmosfer\u0105 ochronn\u0105 utrzymuj\u0105c\u0105 produkt w\u00a0czysto\u015bci lub wspomagaj\u0105c\u0105 obr\u00f3bk\u0119 powierzchniow\u0105 piece z\u00a0trzonem rolkowym stanowi\u0105 wydajne narz\u0119dzie we\u00a0wsp\u00f3\u0142czesnym otoczeniu produkcyjnym.<\/p>\n<p>[\/et_pb_text][et_pb_tabs module_class=&#8221;red-tabs eco-tab6&#8243; _builder_version=&#8221;4.23.1&#8243; custom_css_main_element=&#8221;margin-top: 2rem;||margin-bottom: 2rem;&#8221; global_colors_info=&#8221;{}&#8221;][et_pb_tab title=&#8221;Opis&#8221; _builder_version=&#8221;4.16&#8243; global_colors_info=&#8221;{}&#8221;]Specjali\u015bci w&nbsp;dziedzinie proces\u00f3w technologii SECO\/WARWICK pomog\u0105 w&nbsp;doborze odpowiedniego po\u0142\u0105czenia dla danego zastosowania produkcyjnego i&nbsp;skonfiguruj\u0105 system piecowy z&nbsp;r\u00f3\u017cnymi konstrukcjami kom\u00f3r grzania i&nbsp;ch\u0142odzenia projektowanymi na&nbsp;zam\u00f3wienie i&nbsp;dopasowanymi do&nbsp;danego procesu.<\/p>\n<p>Piece z&nbsp;trzonem rolkowym s\u0105&nbsp;doskona\u0142ym rozwi\u0105zaniem do&nbsp;wy\u017carzania odlew\u00f3w stalowych, pozwalaj\u0105cym poprawi\u0107 ich podatno\u015b\u0107 na&nbsp;obr\u00f3bk\u0119. Mog\u0105 by\u0107 r\u00f3wnie\u017c wykorzystywane do&nbsp;wy\u017carzania w&nbsp;celu usuwania napr\u0119\u017ce\u0144 z&nbsp;odlew\u00f3w lub odkuwek. Piec mo\u017cna nagrzewa\u0107 z&nbsp;wykorzystaniem bezpo\u015brednich palnik\u00f3w gazowych, gazowych rur promieniuj\u0105cych lub elektrycznych grza\u0142ek oporowych. Komory ch\u0142odzenia z&nbsp;p\u0142aszczem wodnym s\u0142u\u017c\u0105 do&nbsp;szybkiego ch\u0142odzenia, pracy z&nbsp;palnikami dopalaj\u0105cymi powietrze i&nbsp;usprawniania konwekcyjnego przekazywania ciep\u0142a w&nbsp;ni\u017cszych temperaturach.[\/et_pb_tab][et_pb_tab title=&#8221;Cechy&#8221; _builder_version=&#8221;4.23.1&#8243; global_colors_info=&#8221;{}&#8221;]<\/p>\n<p><strong><span style=\"color: #e31300;\">\/\u00a0<\/span><\/strong><strong>Ci\u0105g\u0142y, nieograniczony przep\u0142yw pracy<\/strong>:<br \/>System przeno\u015bnik\u00f3w trzonu rolkowego sk\u0142ada si\u0119 z&nbsp;szeregu rolek z&nbsp;nap\u0119dem zewn\u0119trznym. W&nbsp;przeciwie\u0144stwie do&nbsp;piec\u00f3w ta\u015bmowych, \u0142a\u0144cuchowych lub przepychowych nie&nbsp;wyst\u0119puj\u0105 w&nbsp;nim skumulowane naciski na&nbsp;przeno\u015bnik ani napr\u0119\u017cenia. Pozwala to&nbsp;unikn\u0105\u0107 ogranicze\u0144 w&nbsp;zakresie produkcji i&nbsp;cyklu, za\u015b d\u0142ugo\u015b\u0107 pieca zale\u017cy wy\u0142\u0105cznie od&nbsp;wymaga\u0144 konkretnego zastosowania. Indywidualna obs\u0142uga sekcji rolek umo\u017cliwia przep\u0142yw ci\u0105g\u0142y lub przerywany.<\/p>\n<p><strong><span style=\"color: #e31300;\">\/ <\/span><\/strong><strong>Szybka produkcja o&nbsp;najwy\u017cszej jako\u015bci:<\/strong><u><strong><br \/><\/strong><\/u>Zaawansowana konstrukcja piec\u00f3w umo\u017cliwia podniesienie zar\u00f3wno jako\u015bci, jak i\u00a0tempa produkcji. Indywidualnie nap\u0119dzane sekcje rolek umo\u017cliwiaj\u0105ce szybkie podawanie i\u00a0wydawanie, wytrzyma\u0142e systemy izolacyjne, spawane hermetyczne obudowy i\u00a0drzwi przystosowane do\u00a0wysokiej temperatury zapewniaj\u0105 szybkie, dok\u0142adne i\u00a0jednorodne grzanie oraz\u00a0ch\u0142odzenie, ograniczaj\u0105c mieszanie atmosfery, straty ciep\u0142a i\u00a0odkszta\u0142cenia lub napr\u0119\u017cenia element\u00f3w poddawanych obr\u00f3bce.<\/p>\n<p><strong><span style=\"color: #e31300;\">\/\u00a0<\/span>\u0141atwa instalacja<\/strong>:<br \/>Sekcje pieca s\u0105&nbsp;ca\u0142kowicie montowane w&nbsp;fabryce, \u0142\u0105cznie z&nbsp;izolacj\u0105, instalacjami grzewczymi, ruroci\u0105gami, okablowaniem i&nbsp;rolkami. Sekcje montowane na&nbsp;p\u0142ozach mo\u017cna szybko i&nbsp;\u0142atwo ustawi\u0107 na&nbsp;swoim miejscu, po\u0142\u0105czy\u0107 razem spawami lub \u015brubami i&nbsp;przekaza\u0107 do&nbsp;eksploatacji. Monta\u017c przez&nbsp;wysoko wykwalifikowanych pracownik\u00f3w fabryki z&nbsp;wykorzystaniem odpowiednich narz\u0119dzi, przyrz\u0105d\u00f3w i&nbsp;element\u00f3w mocuj\u0105cych gwarantuje wi\u0119ksz\u0105 trosk\u0119 o&nbsp;jako\u015b\u0107 wykonania i&nbsp;szczeg\u00f3\u0142y konstrukcji, co&nbsp;eliminuje wiele problem\u00f3w, kt\u00f3re cz\u0119sto wyst\u0119puj\u0105 w&nbsp;przypadku monta\u017cu w&nbsp;terenie.<\/p>\n<p><strong><span style=\"color: #e31300;\">\/\u00a0<\/span>Podej\u015bcie do\u00a0wyd\u0142u\u017conej \u017cywotno\u015bci element\u00f3w<\/strong>:<br \/>Dzi\u0119ki zewn\u0119trznemu nap\u0119dowi poszczeg\u00f3lnych rolek przeno\u015bnika i&nbsp;pozostawaniu w&nbsp;tej&nbsp;samej strefie temperaturowej, rolki nie&nbsp;s\u0105&nbsp;nara\u017cone na&nbsp;cykle wzrostu i&nbsp;spadku temperatury, co&nbsp;umo\u017cliwia optymalizacj\u0119 ich konstrukcji pod&nbsp;k\u0105tem maksymalnej \u017cywotno\u015bci w&nbsp;temperaturach roboczych. Dodatkowo wyeliminowane zosta\u0142y skumulowane obci\u0105\u017cenia rolek przeno\u015bnika, tac roboczych i&nbsp;wsad\u00f3w. Drzwi pieca wykonano i&nbsp;zaizolowano specjalnie z&nbsp;my\u015bl\u0105 o&nbsp;eksploatacji w&nbsp;konkretnych strefach wysokiej temperatury, w&nbsp;kt\u00f3rych&nbsp;s\u0105&nbsp;montowane, co&nbsp;ogranicza napr\u0119\u017cenia i&nbsp;wypaczenia powodowane przez&nbsp;r\u00f3\u017cnice temperatury. Sekcje grzania i&nbsp;ch\u0142odzenia sk\u0142adaj\u0105 si\u0119 z&nbsp;niezawodnych element\u00f3w wysokiej jako\u015bci gwarantuj\u0105cych d\u0142ugotrwa\u0142\u0105 eksploatacj\u0119. Monta\u017c sekcji pieca w&nbsp;fabryce eliminuje wiele problem\u00f3w, kt\u00f3re cz\u0119sto wyst\u0119puj\u0105 w&nbsp;konstrukcjach montowanych w&nbsp;terenie.<\/p>\n<p><strong><span style=\"color: #e31300;\">\/\u00a0<\/span>Elastyczna eksploatacja<\/strong>:<br \/>Indywidualne sekcje rolek mo\u017cna uruchamia\u0107 i&nbsp;zatrzymywa\u0107, a&nbsp;tak\u017ce zmienia\u0107 ich kierunek ruchu; mog\u0105 te\u017c si\u0119 waha\u0107, a&nbsp;tak\u017ce pracowa\u0107 z&nbsp;tak\u0105 sam\u0105 pr\u0119dko\u015bci\u0105 lub z&nbsp;r\u00f3\u017cnymi pr\u0119dko\u015bciami. Oznacza to, \u017ce&nbsp;piec pozwala uzyska\u0107 wymagany cykl, a&nbsp;przy tym zajmuje minimaln\u0105 ilo\u015b\u0107 miejsca. Wysoka pr\u0119dko\u015b\u0107 przenoszenia pomi\u0119dzy sekcjami umo\u017cliwia zachowanie ma\u0142ych odleg\u0142o\u015bci pomi\u0119dzy wsadem lub tacami roboczymi, z&nbsp;odst\u0119pem podczas przechodzenia przez&nbsp;drzwi, co&nbsp;zapewnia optymalne wykorzystanie przestrzeni trzonu i&nbsp;minimalizuje mieszanie atmosfery. Wszystkie otwory drzwiowe mo\u017cna dostosowa\u0107 do&nbsp;wysoko\u015bci wsadu, co&nbsp;pozwala uzyska\u0107 szybsze dzia\u0142anie i&nbsp;ogranicza mieszanie atmosfery.<\/p>\n<p><strong><span style=\"color: #e31300;\">\/\u00a0<\/span>Ni\u017csze koszty produktu<\/strong>:<br \/>Szeroki wyb\u00f3r kombinacji i&nbsp;rozmiar\u00f3w piec\u00f3w umo\u017cliwia dobranie urz\u0105dzenia najlepiej dopasowanego do&nbsp;potrzeb. Wy\u017csza jako\u015b\u0107 produkt\u00f3w i&nbsp;wy\u017csze tempo produkcji pozwalaj\u0105 ograniczy\u0107 koszty. Monta\u017c fabryczny oznacza ni\u017cszy koszt instalacji i&nbsp;szybsze przekazanie pieca do&nbsp;eksploatacji. Konstrukcja pieca oraz&nbsp;wykonanie z&nbsp;najlepszych materia\u0142\u00f3w pozwalaj\u0105 ograniczy\u0107 konserwacj\u0119 do&nbsp;minimum.<\/p>\n<p><strong><span style=\"color: #e31300;\">\/\u00a0<\/span>Wy\u017carzanie cykliczne<\/strong>:<br \/>Wy\u017carzanie cykliczne pozwala uzyska\u0107 wytrzyma\u0142\u0105, jednorodn\u0105 struktur\u0119 stali. Typowe zastosowania obejmuj\u0105 podnoszenie zdatno\u015bci do&nbsp;obr\u00f3bki wsadu do&nbsp;produkcji wkr\u0119t\u00f3w, popraw\u0119 w\u0142a\u015bciwo\u015bci obr\u00f3bki na&nbsp;zimno wsadu do&nbsp;g\u0142\u0119bokiego t\u0142oczenia oraz&nbsp;podnoszenie wytrzyma\u0142o\u015bci k\u00f3\u0142 z\u0119batych lub cz\u0119\u015bci maszyn na&nbsp;uderzenia i&nbsp;zm\u0119czenie. W&nbsp;piecu stal jest nagrzewana nieco powy\u017cej temperatury hartowania (ok. 925\u00b0C\/1700\u00b0F), szybko ch\u0142odzona do&nbsp;temperatury, w&nbsp;kt\u00f3rej&nbsp;powinno doj\u015b\u0107 do&nbsp;transformacji (ok. 650\u00b0C\/1200\u00b0F), utrzymywana w&nbsp;tej&nbsp;temperaturze do&nbsp;uzyskania transformacji, a&nbsp;nast\u0119pnie ch\u0142odzona. Piec mo\u017ce by\u0107 nagrzewany z&nbsp;wykorzystaniem gazowych rur promieniuj\u0105cych lub elektrycznych grza\u0142ek oporowych i&nbsp;standardowo wykorzystuje atmosfer\u0119 kontrolowan\u0105, co&nbsp;zapobiega \u0142uszczeniu si\u0119 i&nbsp;odw\u0119glaniu powierzchni. Maksymalna temperatura pieca: 950\u00b0C\/1750\u00b0F<\/p>\n<p><strong><span style=\"color: #e31300;\">\/\u00a0<\/span>Lutowanie twarde miedzi:<br \/><\/strong>Drogie cz\u0119\u015bci kute lub obrabiane mo\u017cna cz\u0119sto zast\u0105pi\u0107 lutowanymi zespo\u0142ami miedzianych cz\u0119\u015bci t\u0142oczonych. W\u00a0wielu przypadkach miedziane cz\u0119\u015bci lutowane zapewniaj\u0105 wy\u017csz\u0105 jako\u015b\u0107 przy jednoczesnym obni\u017ceniu koszt\u00f3w. Piec do\u00a0lutowania twardego miedzi standardowo wyposa\u017cony jest w\u00a0komor\u0119 z\u00a0grzaniem elektrycznym wykorzystuj\u0105cym grza\u0142ki stopowe albo\u00a0grza\u0142ki z\u00a0w\u0119glika krzemu oraz\u00a0komor\u0119 ch\u0142odzenia z\u00a0p\u0142aszczem wodnym. Piece do\u00a0lutowania twardego miedzi pracuj\u0105 w\u00a0atmosferze redukcyjnej, chroni\u0105cej lutowanie przed\u00a0negatywnym wp\u0142ywem tlenk\u00f3w. Maksymalna temperatura pieca: 1150\u00b0C\/2100\u00b0F<\/p>\n<p><strong><span style=\"color: #e31300;\">\/\u00a0<\/span>Wykrawanie magnetyczne i\u00a0wy\u017carzanie pakiet\u00f3w<\/strong>:<br \/>Wyb\u00f3r wy\u017cszej sprawno\u015bci elementu lub ni\u017cszych koszt\u00f3w mo\u017cna uzyska\u0107 w&nbsp;silnikach elektrycznych, transformatorach, d\u0142awikach i&nbsp;obci\u0105\u017ceniach poprzez wy\u017carzanie pakiet\u00f3w magnetycznych po&nbsp;zako\u0144czeniu ostatniego wykrawania, \u015bcinania lub spawania. Takie ko\u0144cowe wy\u017carzanie ogranicza straty w&nbsp;praktycznie ka\u017cdej stali magnetycznej. Piec zazwyczaj wyposa\u017cony jest w&nbsp;komor\u0119 dopalania, pozwalaj\u0105c\u0105 usuwa\u0107 smary, komor\u0119 grzania i&nbsp;utrzymywania, komor\u0119 wolnego ch\u0142odzenia i&nbsp;komor\u0119 ch\u0142odzenia strumieniem powietrza. Piec mo\u017ce by\u0107 nagrzewany z&nbsp;wykorzystaniem gazowych rur promieniuj\u0105cych lub elektrycznych grza\u0142ek oporowych. Piec jest eksploatowany z&nbsp;precyzyjnie dobran\u0105 atmosfer\u0105 kontrolowan\u0105. Maksymalna temperatura pieca: 950\u00b0C\/1750\u00b0F<\/p>\n<p><strong><span style=\"color: #e31300;\">\/<\/span><span style=\"color: #e31300;\">\u00a0<\/span>Hartowanie<\/strong>:<br \/>Piec s\u0142u\u017cy do&nbsp;podnoszenia odporno\u015bci na&nbsp;zu\u017cycie i&nbsp;odkszta\u0142cenia w&nbsp;razie uderzenia element\u00f3w takich jak ko\u0142a z\u0119bate, wa\u0142y korbowe, wa\u0142y krzywkowe i&nbsp;inne. Cz\u0119\u015bci te&nbsp;mog\u0105 by\u0107 wykonane z&nbsp;wysokow\u0119glowych stali podatnych na&nbsp;hartowanie lub naw\u0119glanych stali niskow\u0119glowych. Komora grzejna mo\u017ce by\u0107 nagrzewana gazowymi rurami promieniuj\u0105cymi lub elektrycznymi grza\u0142kami oporowymi. Piec mo\u017cna wyposa\u017cy\u0107 we&nbsp;wbudowany system hartowniczy z&nbsp;wind\u0105. Alternatywnie, wsad mo\u017ce by\u0107 podawany do&nbsp;hartowania r\u0119cznego, matrycowego lub w&nbsp;prasach. Piec jest przystosowany do&nbsp;pracy z&nbsp;atmosfer\u0105 ochronn\u0105, kt\u00f3ra&nbsp;nie&nbsp;ma&nbsp;dzia\u0142ania odw\u0119glaj\u0105cego. Maksymalna temperatura pieca: 950\u00b0C\/1750\u00b0F<\/p>\n<p>[\/et_pb_tab][et_pb_tab title=&#8221;Zalety&#8221; _builder_version=&#8221;4.23.1&#8243; global_colors_info=&#8221;{}&#8221;]<\/p>\n<p><span style=\"color: #e31300;\"><strong>\/\u00a0<\/strong><\/span>\u0141atwiejsza i&nbsp;ta\u0144sza rekuperacja energii w&nbsp;systemach ci\u0105g\u0142ych<br \/><span style=\"color: #e31300;\"><strong>\/\u00a0<\/strong><\/span>Systemy do&nbsp;pracy ci\u0105g\u0142ej zajmuj\u0105 mniej wi\u0119cej po\u0142ow\u0119 powierzchni potrzebnej dla kilku urz\u0105dze\u0144 przeznaczonych do&nbsp;pracy partiami<br \/><span style=\"color: #e31300;\"><strong>\/\u00a0<\/strong><\/span>D\u0142u\u017csza \u017cywotno\u015b\u0107 urz\u0105dze\u0144 \u2013 zazwyczaj 40 lat i&nbsp;d\u0142u\u017cej<br \/><span style=\"color: #e31300;\"><strong>\/\u00a0<\/strong><\/span>Zakres temperatury od&nbsp;200\u00b0C \u2013 1200\u00b0C (400\u00b0C \u2013 2250\u00b0C)<br \/><span style=\"color: #e31300;\"><strong>\/\u00a0<\/strong><\/span>Przystosowane do&nbsp;pracy z&nbsp;atmosfer\u0105 powietrzn\u0105, produktami spalania, atmosfer\u0105 egzotermiczn\u0105 (EXOGAS), endotermiczn\u0105 (ENDOGAS), azotem\/wodorem, amoniakiem (AMMOGAS) lub par\u0105<br \/><span style=\"color: #e31300;\"><strong>\/\u00a0<\/strong><\/span>Nieograniczona wydajno\u015b\u0107 \u2013 standardowo od&nbsp;225 kg (500 funt\u00f3w) do&nbsp;6800 kg (15 000 funt\u00f3w) na&nbsp;godzin\u0119<\/p>\n<p>[\/et_pb_tab][et_pb_tab title=&#8221;Procesy&#8221; _builder_version=&#8221;4.16&#8243; global_colors_info=&#8221;{}&#8221;]<strong><span style=\"color: #e31300;\">\/\u00a0<\/span><\/strong>Wy\u017carzanie<br \/>\n<strong><span style=\"color: #e31300;\">\/\u00a0<\/span><\/strong>Hartowanie<br \/>\n<strong><span style=\"color: #e31300;\">\/\u00a0<\/span><\/strong>Podgrzewanie<br \/>\n<strong><span style=\"color: #e31300;\">\/\u00a0<\/span><\/strong>Normalizowanie<br \/>\n<strong><span style=\"color: #e31300;\">\/\u00a0<\/span><\/strong>Odpr\u0119\u017canie[\/et_pb_tab][et_pb_tab title=&#8221;Materia\u0142y&#8221; _builder_version=&#8221;4.16&#8243; global_colors_info=&#8221;{}&#8221;]<\/p>\n<p style=\"text-align: left;\"><strong><span style=\"color: #e31300;\">\u00a0\/<\/span>\u00a0<\/strong>Stal<\/p>\n<p>[\/et_pb_tab][et_pb_tab title=&#8221;Przemys\u0142y&#8221; _builder_version=&#8221;4.23.1&#8243; _module_preset=&#8221;default&#8221; global_colors_info=&#8221;{}&#8221;]<\/p>\n<p><strong><span style=\"color: #dc291e;\">\/<\/span><\/strong> Przemys\u0142 \u0142o\u017cyskowy<br \/><strong><span style=\"color: #dc291e;\">\/<\/span><\/strong> Przemys\u0142 zbrojeniowy<br \/><strong><span style=\"color: #dc291e;\">\/ <\/span><\/strong>Mennice<br \/><strong><span style=\"color: #dc291e;\">\/<\/span><\/strong>\u00a0Producenci element\u00f3w z\u0142\u0105cznych<\/p>\n<p>[\/et_pb_tab][et_pb_tab title=&#8221; &#8221; _builder_version=&#8221;4.23.1&#8243; _module_preset=&#8221;default&#8221; global_colors_info=&#8221;{}&#8221;]<\/p>\n<p><strong><span style=\"color: #dc291e;\">\/<\/span><\/strong> System odzysku ciep\u0142a<br \/><strong><span style=\"color: #dc291e;\">\/<\/span><\/strong> W&nbsp;trakcie projektowania analizowany jest aspekt akumulacyjno\u015bci cieplnej urz\u0105dzenia, ograniczaj\u0105cy straty cieplne<br \/><strong><span style=\"color: #dc291e;\">\/<\/span><\/strong> Ograniczamy pob\u00f3r gazu i&nbsp;emisj\u0119 do&nbsp;atmosfery<br \/><strong><span style=\"color: #dc291e;\">\/<\/span><\/strong> System grzejny elektryczny zamiast gazowego<br \/><strong><span style=\"color: #dc291e;\">\/<\/span><\/strong> Odlewne mieszad\u0142a o&nbsp;wyd\u0142u\u017conej \u017cywotno\u015bci eksploatacyjnej<br \/><strong><span style=\"color: #dc291e;\">\/<\/span><\/strong> Mo\u017cliwo\u015b\u0107 ch\u0142odzenia powietrznymi wymiennikami zainstalowanych mieszarek atmosfery<\/p>\n<p>[\/et_pb_tab][\/et_pb_tabs][et_pb_code _builder_version=&#8221;4.10.3&#8243; _module_preset=&#8221;default&#8221; global_module=&#8221;123769&#8243; saved_tabs=&#8221;all&#8221; global_colors_info=&#8221;{}&#8221;]<!-- [et_pb_line_break_holder] --><pee style=\"text-align: center;\"><a class=\"small-button smallred\" style=\"font-size: 20px; padding: 20px 60px;\" href=\"https:\/\/www.secowarwick.com\/pl\/zapytaj-o-oferte\/\"><span style=\"display: block; transform: skew(15deg,0deg); -webkit-transform: skew(15deg,0deg); font-size: 20px; !important\">ZAPYTAJ O OFERT\u0118<\/span><\/a><\/pee>[\/et_pb_code][\/et_pb_column][et_pb_column type=&#8221;1_4&#8243; _builder_version=&#8221;4.16&#8243; custom_padding=&#8221;|||&#8221; global_colors_info=&#8221;{}&#8221; custom_padding__hover=&#8221;|||&#8221;][et_pb_gallery gallery_ids=&#8221;87035,87042,87049,87056,87063,87070,87077,87734&#8243; posts_number=&#8221;1&#8243; show_title_and_caption=&#8221;off&#8221; show_pagination=&#8221;off&#8221; zoom_icon_color=&#8221;#e2001a&#8221; module_class=&#8221;seco-products-gallery-new&#8221; _builder_version=&#8221;4.16&#8243; custom_css_overlay_icon=&#8221;content:&#8217;ZOBACZ GALERI\u0118&#8217; !important;&#8221; global_colors_info=&#8221;{}&#8221;][\/et_pb_gallery][et_pb_text admin_label=&#8221;btn_pl_premiumlibrary&#8221; module_class=&#8221;premium-library-button&#8221; _builder_version=&#8221;4.23.1&#8243; _module_preset=&#8221;default&#8221; text_orientation=&#8221;center&#8221; global_module=&#8221;157169&#8243; saved_tabs=&#8221;all&#8221; locked=&#8221;off&#8221; global_colors_info=&#8221;{}&#8221;]<\/p>\n<a href='https:\/\/www.secowarwick.com\/pl\/trescipremium\/' class='small-button smallred'><span>TRE\u015aCI PREMIUM<\/span><\/a>\n<p>[\/et_pb_text][et_pb_text admin_label=&#8221;R&#038;D PL&#8221; module_class=&#8221;product_widget_wrap_rd&#8221; _builder_version=&#8221;4.23.1&#8243; _module_preset=&#8221;default&#8221; text_orientation=&#8221;center&#8221; global_module=&#8221;165497&#8243; saved_tabs=&#8221;all&#8221; locked=&#8221;off&#8221; global_colors_info=&#8221;{}&#8221;]<\/p>\n<p><a href=\"https:\/\/www.secowarwick.com\/pl\/rd\/\"><span class=\"product_wigtet_name\">R&amp;D<\/span><\/a><\/p>\n<p>[\/et_pb_text][et_pb_text admin_label=&#8221;AUTOMATYKA PL&#8221; module_class=&#8221;product_widget_wrap_automation&#8221; _builder_version=&#8221;4.23.1&#8243; _module_preset=&#8221;default&#8221; global_module=&#8221;165495&#8243; saved_tabs=&#8221;all&#8221; locked=&#8221;off&#8221; global_colors_info=&#8221;{}&#8221;]<\/p>\n<p><a href=\"https:\/\/www.secowarwick.com\/pl\/service\/automatyka\/\"><span class=\"product_wigtet_name\">AUTOMATYKA<\/span><\/a><\/p>\n<p>[\/et_pb_text][et_pb_text admin_label=&#8221;SERVICE PL&#8221; module_class=&#8221;product_widget_wrap_service&#8221; _builder_version=&#8221;4.23.1&#8243; _module_preset=&#8221;default&#8221; global_module=&#8221;165500&#8243; saved_tabs=&#8221;all&#8221; locked=&#8221;off&#8221; global_colors_info=&#8221;{}&#8221;]<\/p>\n<p><a href=\"https:\/\/www.secowarwick.com\/pl\/profesjonalne-uslugi-serwisowe\/\"><span class=\"product_wigtet_name\">SERWIS<\/span><\/a><\/p>\n<p>[\/et_pb_text][et_pb_text admin_label=&#8221;SUPLEMENTALS PL&#8221; module_class=&#8221;product_widget_wrap_supleme&#8221; _builder_version=&#8221;4.23.1&#8243; _module_preset=&#8221;default&#8221; global_module=&#8221;165502&#8243; saved_tabs=&#8221;all&#8221; locked=&#8221;off&#8221; global_colors_info=&#8221;{}&#8221;]<\/p>\n<p><span class=\"product_wigtet_name\">DODATKOWE:<\/span><\/p>\n<p>[\/et_pb_text][et_pb_text admin_label=&#8221;Product movie playlista&#8221; module_class=&#8221;suplementals_product_movie suplementals_wrap&#8221; _builder_version=&#8221;4.23.1&#8243; _module_preset=&#8221;default&#8221; global_module=&#8221;169535&#8243; saved_tabs=&#8221;all&#8221; locked=&#8221;off&#8221; global_colors_info=&#8221;{}&#8221;]<\/p>\n<p><a href=\"https:\/\/www.youtube.com\/playlist?list=PLa0hhW_hoQqEsIHM5LQtr9h_9UlwGFBO8\" target=\"_blank\" rel=\"noopener\">Film produktowy<\/a><\/p>\n<p>[\/et_pb_text][et_pb_text admin_label=&#8221;dnabook-pl&#8221; module_class=&#8221;suplementals_product_dna suplementals_wrap&#8221; _builder_version=&#8221;4.23.1&#8243; _module_preset=&#8221;default&#8221; global_module=&#8221;165509&#8243; saved_tabs=&#8221;all&#8221; locked=&#8221;off&#8221; global_colors_info=&#8221;{}&#8221;]<\/p>\n<p><a href=\"https:\/\/www.secowarwick.com\/wp-content\/uploads\/2025\/07\/DNA_BOOK.pdf\" target=\"_blank\" rel=\"noopener\">DNA\/BOOK<\/a><\/p>\n<p>[\/et_pb_text][et_pb_text admin_label=&#8221;ECO\/BOOK-pl&#8221; module_class=&#8221;suplementals_product_eco suplementals_wrap&#8221; _builder_version=&#8221;4.23.1&#8243; _module_preset=&#8221;default&#8221; global_module=&#8221;165511&#8243; saved_tabs=&#8221;all&#8221; locked=&#8221;off&#8221; global_colors_info=&#8221;{}&#8221;]<\/p>\n<p><a href=\"https:\/\/www.secowarwick.com\/wp-content\/uploads\/2023\/06\/ECOBOOK-2-1.pdf\" target=\"_blank\" rel=\"noopener\">ECO\/BOOK<\/a><\/p>\n<p>[\/et_pb_text][et_pb_text admin_label=&#8221;RFQ product widget pl&#8221; module_class=&#8221;product_widget_wrap_rfq-en&#8221; _builder_version=&#8221;4.23.1&#8243; _module_preset=&#8221;default&#8221; global_module=&#8221;186180&#8243; saved_tabs=&#8221;all&#8221; global_colors_info=&#8221;{}&#8221; locked=&#8221;off&#8221;]<\/p>\n<p style=\"text-align: center;\"><a class=\"small-button smallred\" href=\"https:\/\/www.secowarwick.com\/pl\/zapytaj-o-oferte\/\"><span class=\"product_wigtet_name\">ZAPYTAJ O&nbsp;OFERT\u0118<\/span><\/a><\/p>\n<p>[\/et_pb_text][\/et_pb_column][\/et_pb_row][\/et_pb_section]<\/p>\n","protected":false},"excerpt":{"rendered":"<p>[et_pb_breadcrumbs _builder_version=&#8221;3.6&#8243; global_colors_info=&#8221;{}&#8221;][\/et_pb_breadcrumbs]&nbsp; Piece z\u00a0trzonem rolkowym do\u00a0obr\u00f3bki cieplnej w\u00a0atmosferze System piec\u00f3w z\u00a0r\u00f3\u017cnymi konstrukcjami kom\u00f3r grzania i\u00a0ch\u0142odzenia Piece z\u00a0trzonem rolkowym s\u0105\u00a0przeznaczone do\u00a0ekonomicznej obr\u00f3bki cieplnej r\u00f3\u017cnorodnych produkt\u00f3w, zapewniaj\u0105c jednorodne, powtarzalne efekty. Oferujemy szerok\u0105 gam\u0119 instalacji grzewczych \u2013 elektrycznych lub opalanych paliwem \u2013z dopasowanymi sekcjami ch\u0142odzenia i\u00a0uk\u0142adami transportowymi. W\u00a0po\u0142\u0105czeniu z\u00a0atmosfer\u0105 ochronn\u0105 utrzymuj\u0105c\u0105 produkt w\u00a0czysto\u015bci lub wspomagaj\u0105c\u0105 obr\u00f3bk\u0119 powierzchniow\u0105 [&hellip;]<\/p>\n","protected":false},"author":2,"featured_media":87734,"parent":7141,"menu_order":0,"comment_status":"closed","ping_status":"closed","template":"","meta":{"_acf_changed":false,"_et_pb_use_builder":"on","_et_pb_old_content":"","_et_gb_content_width":"","footnotes":""},"class_list":["post-87083","page","type-page","status-publish","has-post-thumbnail"],"acf":[],"_links":{"self":[{"href":"https:\/\/www.secowarwick.com\/pl\/wp-json\/wp\/v2\/pages\/87083","targetHints":{"allow":["GET"]}}],"collection":[{"href":"https:\/\/www.secowarwick.com\/pl\/wp-json\/wp\/v2\/pages"}],"about":[{"href":"https:\/\/www.secowarwick.com\/pl\/wp-json\/wp\/v2\/types\/page"}],"author":[{"embeddable":true,"href":"https:\/\/www.secowarwick.com\/pl\/wp-json\/wp\/v2\/users\/2"}],"replies":[{"embeddable":true,"href":"https:\/\/www.secowarwick.com\/pl\/wp-json\/wp\/v2\/comments?post=87083"}],"version-history":[{"count":12,"href":"https:\/\/www.secowarwick.com\/pl\/wp-json\/wp\/v2\/pages\/87083\/revisions"}],"predecessor-version":[{"id":186215,"href":"https:\/\/www.secowarwick.com\/pl\/wp-json\/wp\/v2\/pages\/87083\/revisions\/186215"}],"up":[{"embeddable":true,"href":"https:\/\/www.secowarwick.com\/pl\/wp-json\/wp\/v2\/pages\/7141"}],"wp:featuredmedia":[{"embeddable":true,"href":"https:\/\/www.secowarwick.com\/pl\/wp-json\/wp\/v2\/media\/87734"}],"wp:attachment":[{"href":"https:\/\/www.secowarwick.com\/pl\/wp-json\/wp\/v2\/media?parent=87083"}],"curies":[{"name":"wp","href":"https:\/\/api.w.org\/{rel}","templated":true}]}}