{"id":89059,"date":"2019-08-29T15:05:37","date_gmt":"2019-08-29T13:05:37","guid":{"rendered":"http:\/\/www.secowarwick.com\/produkty\/piece-do-obrobki-cieplnej-metali-w-atmosferach-atm\/rotary-retort-furnaces\/"},"modified":"2025-10-30T09:23:47","modified_gmt":"2025-10-30T08:23:47","slug":"piece-z-retorta-obrotowa","status":"publish","type":"page","link":"https:\/\/www.secowarwick.com\/pl\/produkty\/piece-do-obrobki-cieplnej-metali-w-atmosferach-atm\/piece-z-retorta-obrotowa\/","title":{"rendered":"Systemy piec\u00f3w z retort\u0105 obrotow\u0105"},"content":{"rendered":"<p>[et_pb_section fb_built=&#8221;1&#8243; _builder_version=&#8221;4.16&#8243; global_colors_info=&#8221;{}&#8221;][et_pb_row _builder_version=&#8221;4.16&#8243; background_size=&#8221;initial&#8221; background_position=&#8221;top_left&#8221; background_repeat=&#8221;repeat&#8221; global_colors_info=&#8221;{}&#8221;][et_pb_column type=&#8221;4_4&#8243; _builder_version=&#8221;4.16&#8243; custom_padding=&#8221;|||&#8221; global_colors_info=&#8221;{}&#8221; custom_padding__hover=&#8221;|||&#8221;][et_pb_image src=&#8221;https:\/\/www.secowarwick.com\/wp-content\/uploads\/2019\/12\/rotary-retort-slider.jpg&#8221; alt=&#8221;ALUMINIUM HEAT TREATMENT AND CAB (CONTROLLED ATMOSPHERE BRAZING)&#8221; title_text=&#8221;ALUMINIUM HEAT TREATMENT AND CAB (CONTROLLED ATMOSPHERE BRAZING) SECO\/WARWICK &#8221; align_tablet=&#8221;center&#8221; align_phone=&#8221;&#8221; align_last_edited=&#8221;on|desktop&#8221; _builder_version=&#8221;4.16&#8243; global_colors_info=&#8221;{}&#8221;][\/et_pb_image][et_pb_breadcrumbs _builder_version=&#8221;3.6&#8243; global_colors_info=&#8221;{}&#8221;][\/et_pb_breadcrumbs][\/et_pb_column][\/et_pb_row][et_pb_row column_structure=&#8221;3_4,1_4&#8243; _builder_version=&#8221;4.16&#8243; background_size=&#8221;initial&#8221; background_position=&#8221;top_left&#8221; background_repeat=&#8221;repeat&#8221; global_colors_info=&#8221;{}&#8221;][et_pb_column type=&#8221;3_4&#8243; _builder_version=&#8221;4.16&#8243; custom_padding=&#8221;|||&#8221; global_colors_info=&#8221;{}&#8221; custom_padding__hover=&#8221;|||&#8221;][et_pb_text _builder_version=&#8221;4.23.1&#8243; global_colors_info=&#8221;{}&#8221;]<\/p>\n<p>&nbsp;<\/p>\n<h1>Systemy piec\u00f3w z\u00a0retort\u0105 obrotow\u0105<\/h1>\n<h2>Piece z\u00a0retort\u0105 obrotow\u0105 do\u00a0przelotowej obr\u00f3bki cieplnej ma\u0142ych cz\u0119\u015bci<\/h2>\n<p>Piece SECO\/WARWICK z\u00a0retort\u0105 obrotow\u0105 zosta\u0142y zaprojektowane do\u00a0utrzymywania ci\u0105g\u0142o\u015bci i\u00a0wysokiej jako\u015bci procesu hartowania, gwarantuj\u0105cego szybk\u0105, wydajn\u0105 i\u00a0jednolit\u0105 obr\u00f3bk\u0119 ciepln\u0105 ma\u0142ych cz\u0119\u015bci. Zapewniaj\u0105 elastyczno\u015b\u0107 procesu, dzi\u0119ki czemu mo\u017cna go\u00a0wykorzystywa\u0107 w\u00a0\u015brodowiskach produkcyjnych do\u00a0jednego lub wielu zastosowa\u0144.<\/p>\n<p>Piec z\u00a0retort\u0105 obrotow\u0105 mo\u017ce zosta\u0107 wykonany jako wolno stoj\u0105cy piec do\u00a0hartowania lub wy\u017carzania z\u00a0opomiarowanym systemem za\u0142adunku i\u00a0wbudowanym systemem hartowniczym lub wbudowany w\u00a0lini\u0119 do\u00a0hartowania i\u00a0wyci\u0105gania z\u00a0piecem do\u00a0odpuszczania, myjkami, generatorami atmosfery, analizatorami itp.<\/p>\n<p>[\/et_pb_text][et_pb_tabs module_class=&#8221;red-tabs&#8221; _builder_version=&#8221;4.23.1&#8243; custom_css_main_element=&#8221;margin-top: 2rem;||margin-bottom: 2rem;&#8221; global_colors_info=&#8221;{}&#8221;][et_pb_tab title=&#8221;Opis&#8221; _builder_version=&#8221;4.23.1&#8243; global_colors_info=&#8221;{}&#8221;]<\/p>\n<p>Piece z\u00a0retort\u0105 obrotow\u0105 s\u0142u\u017c\u0105 do\u00a0obr\u00f3bki bardzo r\u00f3\u017cnorodnych ma\u0142ych cz\u0119\u015bci, m.in.\u00a0wkr\u0119t\u00f3w, nakr\u0119tek, \u015brub, gwo\u017adzi, podk\u0142adek i\u00a0monet. Piec z\u00a0retort\u0105 obrotow\u0105 jest szczeg\u00f3lnie dobrze dostosowany do\u00a0hartowania w\u00a0atmosferze kontrolowanej, w\u0119gloazotowania i\u00a0naw\u0119glania w\u00a0zakresie temperatur od\u00a0840\u00b0C do\u00a0955\u00b0C (1550\u20111750\u00b0F).<\/p>\n<h3>Whirl-A-Way Quench<\/h3>\n<p>Wanna hartownicza Whirl-A-Way to\u00a0system do\u00a0szybkiego, jednolitego hartowania, w\u00a0kt\u00f3rym\u00a0wytwarza si\u0119 grubsza warstwa utwardzona. Konstrukcja systemu ma\u00a0na\u00a0celu uzyskanie doskona\u0142ych efekt\u00f3w hartowania cz\u0119\u015bci \u017celaznych i\u00a0nie\u017celaznych po\u00a0osi\u0105gni\u0119ciu przez\u00a0nie\u00a0w\u0142a\u015bciwej temperatury w\u00a0piecu. Cz\u0119\u015bci s\u0105\u00a0umieszczane w\u00a0czynniku hartowniczym ju\u017c kilka sekund po\u00a0osi\u0105gni\u0119ciu temperatury, a\u00a0nast\u0119pnie przekazywane na\u00a0obrotowy przeno\u015bnik roz\u0142adunkowy przez\u00a0ruch czynnika hartowniczego. Ruch ten umo\u017cliwia natychmiastowe usuni\u0119cie bariery parowej ka\u017cdej cz\u0119\u015bci, co\u00a0pozwala uzyska\u0107 doskona\u0142e parametry hartowania. Po\u00a0wprowadzeniu do\u00a0b\u0119bna hartowniczego cz\u0119\u015bci s\u0105\u00a0przenoszone do\u00a0punktu roz\u0142adunku dzi\u0119ki ruchowi obrotowego zgarniak\u00f3w b\u0119bna. Czynnikiem hartowniczym mo\u017ce by\u0107 olej, woda lub \u015brodek syntetyczny. Opatentowany system Whirl-A-Way zaprojektowano w\u00a0taki spos\u00f3b, aby zapobiega\u0107 zanieczyszczeniu atmosfery w\u00a0piecu. Umo\u017cliwia on\u00a0obs\u0142ug\u0119 r\u00f3\u017cnorodnych konfiguracji cz\u0119\u015bci przy ci\u0105g\u0142ym utrzymywaniu indywidualnych efekt\u00f3w hartowania z\u00a0wy\u017csz\u0105 grubo\u015bci\u0105 warstwy utwardzonej i\u00a0lepsz\u0105 jednorodno\u015bci\u0105.<\/p>\n<p>[\/et_pb_tab][et_pb_tab title=&#8221;Cechy&#8221; _builder_version=&#8221;4.23.1&#8243; global_colors_info=&#8221;{}&#8221;]<\/p>\n<p><strong><span style=\"color: #e31300;\">\/\u00a0<\/span>Wykonanie fabryczne<br \/><\/strong>Wszystkie urz\u0105dzenia s\u0105&nbsp;w&nbsp;ca\u0142o\u015bci montowane w&nbsp;fabryce z&nbsp;wszystkimi rurami i&nbsp;okablowaniem oraz&nbsp;przechodz\u0105 przed&nbsp;wysy\u0142k\u0105 pr\u00f3by mechaniczne, aby ograniczy\u0107 czas i&nbsp;koszty instalacji. Zapewniamy szybkie pod\u0142\u0105czenie czynnik\u00f3w roboczych.<\/p>\n<p><strong><span style=\"color: #e31300;\">\/\u00a0<\/span>Lej za\u0142adowczy\/\u0142adowarka<br \/><\/strong>Lej za\u0142adowczy\/\u0142adowark\u0119 zaprojektowano z&nbsp;my\u015bl\u0105 o&nbsp;\u0142adowaniu okre\u015blonego wsadu cz\u0119\u015bci do&nbsp;pieca przy ka\u017cdym obrocie retorty. Cz\u0119\u015bci zgromadzone w&nbsp;leju za\u0142adowczym s\u0105&nbsp;automatycznie przenoszone do&nbsp;kosza wsadowego po&nbsp;jego ustawieniu w&nbsp;dolnym po\u0142o\u017ceniu podno\u015bnika. Za\u0142adowany kosz jest nast\u0119pnie podnoszony, a&nbsp;cz\u0119\u015bci automatycznie trafiaj\u0105 do&nbsp;pieca.<\/p>\n<p>[\/et_pb_tab][et_pb_tab title=&#8221;Zalety&#8221; _builder_version=&#8221;4.23.1&#8243; global_colors_info=&#8221;{}&#8221;]<\/p>\n<p><strong><span style=\"color: #e31300;\">\/\u00a0<\/span>Standardowe wyposa\u017cenie<br \/><\/strong>Linie piecowe s\u0105&nbsp;wst\u0119pnie zaprojektowane w&nbsp;standardowych wymiarach o&nbsp;pojemno\u015bci znamionowej od&nbsp;225 kg (500 lb) do&nbsp;450 kg (1000 lb). Umo\u017cliwia to&nbsp;ich szybk\u0105 produkcj\u0119, dostaw\u0119 i&nbsp;instalacj\u0119. Dostarczali\u015bmy r\u00f3wnie\u017c systemy projektowane na&nbsp;zam\u00f3wienie o&nbsp;wydajno\u015bci godzinowej do&nbsp;1800 kg (4000 lb).<\/p>\n<p><strong><span style=\"color: #e31300;\">\/\u00a0<\/span>Budowa elektryczna<br \/><\/strong>Konstrukcja z&nbsp;grzaniem elektrycznym wyposa\u017cona jest w&nbsp;bagnetowe elementy grzejne, kt\u00f3re mo\u017cna z&nbsp;\u0142atwo\u015bci\u0105 wymieni\u0107 od&nbsp;zewn\u0119trznej strony pieca.<\/p>\n<p><strong><span style=\"color: #e31300;\">\/\u00a0<\/span>Budowa gazowa<br \/><\/strong>Konstrukcja z&nbsp;grzaniem gazowym wyposa\u017cona jest w&nbsp;odlewane od\u015brodkowo stopowe rury promieniuj\u0105ce i&nbsp;kompletny system spalania.<\/p>\n<p><strong><span style=\"color: #e31300;\">\/\u00a0<\/span>Retorta<br \/><\/strong>Samono\u015bna, jednocz\u0119\u015bciowa odlewana retorta jest wsparta po&nbsp;jednej stronie i&nbsp;uszczelniona po&nbsp;stronie wsadu w&nbsp;piecu. W&nbsp;obszarach ciep\u0142ych i&nbsp;po&nbsp;stronie wy\u0142adunkowej nie&nbsp;wyst\u0119puj\u0105 uszczelki ani \u0142o\u017cyska.<\/p>\n<p><strong><span style=\"color: #e31300;\">\/\u00a0<\/span>Mechanizm obrotowy<br \/><\/strong>Zgarniaki wirnika p\u0142ynnie i&nbsp;cicho przenosz\u0105 cz\u0119\u015bci przez&nbsp;piec. Pr\u0119dko\u015b\u0107 obrotow\u0105 retorty mo\u017cna regulowa\u0107 w&nbsp;szerokim zakresie, co&nbsp;zapewnia pe\u0142n\u0105 elastyczno\u015b\u0107 czasu cykli obr\u00f3bki.<\/p>\n<p><strong><span style=\"color: #e31300;\">\/\u00a0<\/span>Szczelno\u015b\u0107 atmosfery<br \/><\/strong>Retorta jest oparta na&nbsp;uszczelnionym \u0142o\u017cysku, a&nbsp;wanna hartownicza zamontowana na&nbsp;piecu z&nbsp;wykorzystaniem po\u0142\u0105czenia ko\u0142nierzowego. Jedynie ma\u0142e drzwi \u0142adunkowe otwieraj\u0105 si\u0119 na&nbsp;moment przy ka\u017cdym obrocie retorty.<\/p>\n<p><strong><span style=\"color: #e31300;\">\/\u00a0<\/span>Niewielkie wymagania w&nbsp;zakresie konserwacji<br \/><\/strong>Brak potrzeby stosowania koszy czy&nbsp;tac. Retorta jest jedynym elementem ruchomym nara\u017conym na&nbsp;dzia\u0142anie wysokich temperatur.<\/p>\n<p><strong><span style=\"color: #e31300;\">\/\u00a0<\/span>Automatyka<br \/><\/strong>Po&nbsp;za\u0142adowaniu cz\u0119\u015bci obr\u00f3bka cieplna przebiega w&nbsp;pe\u0142ni automatycznie.<\/p>\n<p><strong><span style=\"color: #e31300;\">\/\u00a0<\/span>Brak zag\u0142\u0119bie\u0144<br \/><\/strong>System przeznaczony jest do&nbsp;monta\u017cu na&nbsp;poziomie posadzki, nie&nbsp;wymaga zatem \u017cadnych zag\u0142\u0119bie\u0144 ani specjalnych fundament\u00f3w.<\/p>\n<p><strong><span style=\"color: #e31300;\">\/\u00a0<\/span>Doskona\u0142y transport materia\u0142\u00f3w<br \/><\/strong>Wewn\u0119trzne przenoszenie zgarniak\u00f3w przez&nbsp;retort\u0119 pieca oraz&nbsp;transport przez&nbsp;wann\u0119 hartownicz\u0105 z&nbsp;wykorzystaniem czynnika \u2013 bez&nbsp;udzia\u0142u cz\u0119\u015bci mechanicznych \u2013 minimalizuje ryzyko straty, przemieszania lub uszkodzenia cz\u0119\u015bci.<\/p>\n<p>[\/et_pb_tab][et_pb_tab title=&#8221;Procesy&#8221; _builder_version=&#8221;4.23.1&#8243; global_colors_info=&#8221;{}&#8221;]<\/p>\n<p><strong><span style=\"color: #e31300;\">\/ <\/span><\/strong>Hartowanie<br \/><strong><span style=\"color: #e31300;\">\/<\/span><\/strong> W\u0119gloazotowanie<br \/><strong><span style=\"color: #e31300;\">\/<\/span><\/strong> Naw\u0119glanie<\/p>\n<p>[\/et_pb_tab][et_pb_tab title=&#8221;Materia\u0142y&#8221; _builder_version=&#8221;4.23.1&#8243; global_colors_info=&#8221;{}&#8221;]<\/p>\n<p style=\"text-align: left;\"><strong><span style=\"color: #e31300;\">\/<\/span><\/strong> Wkr\u0119ty<br \/><strong><span style=\"color: #e31300;\">\/<\/span><\/strong> Nakr\u0119tki<br \/><strong><span style=\"color: #e31300;\">\/<\/span><\/strong> \u015aruby<br \/><strong><span style=\"color: #e31300;\">\/<\/span><\/strong> Gwo\u017adzie<br \/><strong><span style=\"color: #e31300;\">\/<\/span><\/strong>\u00a0Podk\u0142adki i\u00a0monety.<\/p>\n<p>[\/et_pb_tab][et_pb_tab title=&#8221;Przemys\u0142y&#8221; _builder_version=&#8221;4.23.1&#8243; _module_preset=&#8221;default&#8221; global_colors_info=&#8221;{}&#8221;]<\/p>\n<p><strong><span style=\"color: #dc291e;\">\/<\/span><\/strong> Przemys\u0142 \u0142o\u017cyskowy<br \/><strong><span style=\"color: #dc291e;\">\/<\/span><\/strong> Przemys\u0142 motoryzacyjny<br \/><strong><span style=\"color: #dc291e;\">\/<\/span><\/strong> Producenci maszyn rolniczych<br \/><strong><span style=\"color: #dc291e;\">\/<\/span><\/strong> Producenci element\u00f3w z\u0142\u0105cznych<\/p>\n<p>[\/et_pb_tab][\/et_pb_tabs][et_pb_code _builder_version=&#8221;4.10.3&#8243; _module_preset=&#8221;default&#8221; global_module=&#8221;123769&#8243; saved_tabs=&#8221;all&#8221; global_colors_info=&#8221;{}&#8221;]<!-- [et_pb_line_break_holder] --><pee style=\"text-align: center;\"><a class=\"small-button smallred\" style=\"font-size: 20px; padding: 20px 60px;\" href=\"https:\/\/www.secowarwick.com\/pl\/zapytaj-o-oferte\/\"><span style=\"display: block; transform: skew(15deg,0deg); -webkit-transform: skew(15deg,0deg); font-size: 20px; !important\">ZAPYTAJ O OFERT\u0118<\/span><\/a><\/pee>[\/et_pb_code][\/et_pb_column][et_pb_column type=&#8221;1_4&#8243; _builder_version=&#8221;4.16&#8243; custom_padding=&#8221;|||&#8221; global_colors_info=&#8221;{}&#8221; custom_padding__hover=&#8221;|||&#8221;][et_pb_gallery gallery_ids=&#8221;83716,83724,87744&#8243; posts_number=&#8221;1&#8243; show_title_and_caption=&#8221;off&#8221; show_pagination=&#8221;off&#8221; zoom_icon_color=&#8221;#e2001a&#8221; module_class=&#8221;seco-products-gallery-new&#8221; _builder_version=&#8221;4.16&#8243; custom_css_overlay_icon=&#8221;content:&#8217;ZOBACZ GALERI\u0118&#8217; !important;&#8221; global_colors_info=&#8221;{}&#8221;][\/et_pb_gallery][et_pb_text admin_label=&#8221;btn_pl_premiumlibrary&#8221; module_class=&#8221;premium-library-button&#8221; _builder_version=&#8221;4.23.1&#8243; _module_preset=&#8221;default&#8221; text_orientation=&#8221;center&#8221; global_module=&#8221;157169&#8243; saved_tabs=&#8221;all&#8221; locked=&#8221;off&#8221; global_colors_info=&#8221;{}&#8221;]<\/p>\n<a href='https:\/\/www.secowarwick.com\/pl\/trescipremium\/' class='small-button smallred'><span>TRE\u015aCI PREMIUM<\/span><\/a>\n<p>[\/et_pb_text][et_pb_text admin_label=&#8221;R&#038;D PL&#8221; module_class=&#8221;product_widget_wrap_rd&#8221; _builder_version=&#8221;4.23.1&#8243; _module_preset=&#8221;default&#8221; text_orientation=&#8221;center&#8221; global_module=&#8221;165497&#8243; saved_tabs=&#8221;all&#8221; locked=&#8221;off&#8221; global_colors_info=&#8221;{}&#8221;]<\/p>\n<p><a href=\"https:\/\/www.secowarwick.com\/pl\/rd\/\"><span class=\"product_wigtet_name\">R&amp;D<\/span><\/a><\/p>\n<p>[\/et_pb_text][et_pb_text admin_label=&#8221;AUTOMATYKA PL&#8221; module_class=&#8221;product_widget_wrap_automation&#8221; _builder_version=&#8221;4.23.1&#8243; _module_preset=&#8221;default&#8221; global_module=&#8221;165495&#8243; saved_tabs=&#8221;all&#8221; locked=&#8221;off&#8221; global_colors_info=&#8221;{}&#8221;]<\/p>\n<p><a href=\"https:\/\/www.secowarwick.com\/pl\/service\/automatyka\/\"><span class=\"product_wigtet_name\">AUTOMATYKA<\/span><\/a><\/p>\n<p>[\/et_pb_text][et_pb_text admin_label=&#8221;SERVICE PL&#8221; module_class=&#8221;product_widget_wrap_service&#8221; _builder_version=&#8221;4.23.1&#8243; _module_preset=&#8221;default&#8221; global_module=&#8221;165500&#8243; saved_tabs=&#8221;all&#8221; locked=&#8221;off&#8221; global_colors_info=&#8221;{}&#8221;]<\/p>\n<p><a href=\"https:\/\/www.secowarwick.com\/pl\/profesjonalne-uslugi-serwisowe\/\"><span class=\"product_wigtet_name\">SERWIS<\/span><\/a><\/p>\n<p>[\/et_pb_text][et_pb_text admin_label=&#8221;SUPLEMENTALS PL&#8221; module_class=&#8221;product_widget_wrap_supleme&#8221; _builder_version=&#8221;4.23.1&#8243; _module_preset=&#8221;default&#8221; global_module=&#8221;165502&#8243; saved_tabs=&#8221;all&#8221; locked=&#8221;off&#8221; global_colors_info=&#8221;{}&#8221;]<\/p>\n<p><span class=\"product_wigtet_name\">DODATKOWE:<\/span><\/p>\n<p>[\/et_pb_text][et_pb_text admin_label=&#8221;Product infographic&#8221; module_class=&#8221;suplementals_product_infographic suplementals_wrap&#8221; _builder_version=&#8221;4.23.1&#8243; _module_preset=&#8221;default&#8221; locked=&#8221;off&#8221; global_colors_info=&#8221;{}&#8221;]<\/p>\n<p><a href=\"https:\/\/www.secowarwick.com\/wp-content\/uploads\/2023\/06\/Rotary-Retort-2.jpg\" target=\"_blank\" rel=\"noopener\">Infografika produktu<\/a><\/p>\n<p>[\/et_pb_text][et_pb_text admin_label=&#8221;Product movie playlista&#8221; module_class=&#8221;suplementals_product_movie suplementals_wrap&#8221; _builder_version=&#8221;4.23.1&#8243; _module_preset=&#8221;default&#8221; global_module=&#8221;169535&#8243; saved_tabs=&#8221;all&#8221; locked=&#8221;off&#8221; global_colors_info=&#8221;{}&#8221;]<\/p>\n<p><a href=\"https:\/\/www.youtube.com\/playlist?list=PLa0hhW_hoQqEsIHM5LQtr9h_9UlwGFBO8\" target=\"_blank\" rel=\"noopener\">Film produktowy<\/a><\/p>\n<p>[\/et_pb_text][et_pb_text admin_label=&#8221;dnabook-pl&#8221; module_class=&#8221;suplementals_product_dna suplementals_wrap&#8221; _builder_version=&#8221;4.23.1&#8243; _module_preset=&#8221;default&#8221; global_module=&#8221;165509&#8243; saved_tabs=&#8221;all&#8221; locked=&#8221;off&#8221; global_colors_info=&#8221;{}&#8221;]<\/p>\n<p><a href=\"https:\/\/www.secowarwick.com\/wp-content\/uploads\/2025\/07\/DNA_BOOK.pdf\" target=\"_blank\" rel=\"noopener\">DNA\/BOOK<\/a><\/p>\n<p>[\/et_pb_text][et_pb_text admin_label=&#8221;ECO\/BOOK-pl&#8221; module_class=&#8221;suplementals_product_eco suplementals_wrap&#8221; _builder_version=&#8221;4.23.1&#8243; _module_preset=&#8221;default&#8221; global_module=&#8221;165511&#8243; saved_tabs=&#8221;all&#8221; locked=&#8221;off&#8221; global_colors_info=&#8221;{}&#8221;]<\/p>\n<p><a href=\"https:\/\/www.secowarwick.com\/wp-content\/uploads\/2023\/06\/ECOBOOK-2-1.pdf\" target=\"_blank\" rel=\"noopener\">ECO\/BOOK<\/a><\/p>\n<p>[\/et_pb_text][et_pb_text admin_label=&#8221;RFQ product widget pl&#8221; module_class=&#8221;product_widget_wrap_rfq-en&#8221; _builder_version=&#8221;4.23.1&#8243; _module_preset=&#8221;default&#8221; global_module=&#8221;186180&#8243; saved_tabs=&#8221;all&#8221; global_colors_info=&#8221;{}&#8221; locked=&#8221;off&#8221;]<\/p>\n<p style=\"text-align: center;\"><a class=\"small-button smallred\" href=\"https:\/\/www.secowarwick.com\/pl\/zapytaj-o-oferte\/\"><span class=\"product_wigtet_name\">ZAPYTAJ O&nbsp;OFERT\u0118<\/span><\/a><\/p>\n<p>[\/et_pb_text][\/et_pb_column][\/et_pb_row][\/et_pb_section]<\/p>\n","protected":false},"excerpt":{"rendered":"<p>[et_pb_breadcrumbs _builder_version=&#8221;3.6&#8243; global_colors_info=&#8221;{}&#8221;][\/et_pb_breadcrumbs]&nbsp; Systemy piec\u00f3w z\u00a0retort\u0105 obrotow\u0105 Piece z\u00a0retort\u0105 obrotow\u0105 do\u00a0przelotowej obr\u00f3bki cieplnej ma\u0142ych cz\u0119\u015bci Piece SECO\/WARWICK z\u00a0retort\u0105 obrotow\u0105 zosta\u0142y zaprojektowane do\u00a0utrzymywania ci\u0105g\u0142o\u015bci i\u00a0wysokiej jako\u015bci procesu hartowania, gwarantuj\u0105cego szybk\u0105, wydajn\u0105 i\u00a0jednolit\u0105 obr\u00f3bk\u0119 ciepln\u0105 ma\u0142ych cz\u0119\u015bci. Zapewniaj\u0105 elastyczno\u015b\u0107 procesu, dzi\u0119ki czemu mo\u017cna go\u00a0wykorzystywa\u0107 w\u00a0\u015brodowiskach produkcyjnych do\u00a0jednego lub wielu zastosowa\u0144. Piec z\u00a0retort\u0105 obrotow\u0105 mo\u017ce zosta\u0107 wykonany jako [&hellip;]<\/p>\n","protected":false},"author":2,"featured_media":0,"parent":7141,"menu_order":0,"comment_status":"closed","ping_status":"closed","template":"","meta":{"_acf_changed":false,"_et_pb_use_builder":"on","_et_pb_old_content":"","_et_gb_content_width":"","footnotes":""},"class_list":["post-89059","page","type-page","status-publish"],"acf":[],"_links":{"self":[{"href":"https:\/\/www.secowarwick.com\/pl\/wp-json\/wp\/v2\/pages\/89059","targetHints":{"allow":["GET"]}}],"collection":[{"href":"https:\/\/www.secowarwick.com\/pl\/wp-json\/wp\/v2\/pages"}],"about":[{"href":"https:\/\/www.secowarwick.com\/pl\/wp-json\/wp\/v2\/types\/page"}],"author":[{"embeddable":true,"href":"https:\/\/www.secowarwick.com\/pl\/wp-json\/wp\/v2\/users\/2"}],"replies":[{"embeddable":true,"href":"https:\/\/www.secowarwick.com\/pl\/wp-json\/wp\/v2\/comments?post=89059"}],"version-history":[{"count":12,"href":"https:\/\/www.secowarwick.com\/pl\/wp-json\/wp\/v2\/pages\/89059\/revisions"}],"predecessor-version":[{"id":186217,"href":"https:\/\/www.secowarwick.com\/pl\/wp-json\/wp\/v2\/pages\/89059\/revisions\/186217"}],"up":[{"embeddable":true,"href":"https:\/\/www.secowarwick.com\/pl\/wp-json\/wp\/v2\/pages\/7141"}],"wp:attachment":[{"href":"https:\/\/www.secowarwick.com\/pl\/wp-json\/wp\/v2\/media?parent=89059"}],"curies":[{"name":"wp","href":"https:\/\/api.w.org\/{rel}","templated":true}]}}