{"id":89542,"date":"2020-02-10T09:58:45","date_gmt":"2020-02-10T08:58:45","guid":{"rendered":"http:\/\/www.secowarwick.com\/vector-3d-vacuum-furnaces\/"},"modified":"2020-03-17T07:59:24","modified_gmt":"2020-03-17T06:59:24","slug":"vector-3d-piece-prozniowe","status":"publish","type":"page","link":"https:\/\/www.secowarwick.com\/pl\/vector-3d-piece-prozniowe\/","title":{"rendered":"Vector 3D"},"content":{"rendered":"<p>[et_pb_section bb_built=&#8221;1&#8243;][et_pb_row][et_pb_column type=&#8221;4_4&#8243;][et_pb_slider _builder_version=&#8221;3.6&#8243;][et_pb_slide _builder_version=&#8221;3.6&#8243; button_link=&#8221;#&#8221; background_color=&#8221;#e2001a&#8221; use_background_color_gradient=&#8221;off&#8221; background_color_gradient_start=&#8221;#2b87da&#8221; background_color_gradient_end=&#8221;#29c4a9&#8243; background_color_gradient_type=&#8221;linear&#8221; background_color_gradient_direction=&#8221;180deg&#8221; background_color_gradient_direction_radial=&#8221;center&#8221; background_color_gradient_start_position=&#8221;0%&#8221; background_color_gradient_end_position=&#8221;100%&#8221; background_color_gradient_overlays_image=&#8221;off&#8221; background_image=&#8221;https:\/\/www.secowarwick.com\/wp-content\/uploads\/2020\/01\/vector3D.jpg&#8221; parallax=&#8221;off&#8221; parallax_method=&#8221;on&#8221; background_size=&#8221;cover&#8221; background_position=&#8221;center&#8221; background_repeat=&#8221;no-repeat&#8221; background_blend=&#8221;normal&#8221; allow_player_pause=&#8221;off&#8221; background_video_pause_outside_viewport=&#8221;on&#8221; use_bg_overlay=&#8221;off&#8221; use_text_overlay=&#8221;off&#8221; text_border_radius=&#8221;3&#8243; alignment=&#8221;center&#8221; child_filter_hue_rotate=&#8221;0deg&#8221; child_filter_saturate=&#8221;100%&#8221; child_filter_brightness=&#8221;100%&#8221; child_filter_contrast=&#8221;100%&#8221; child_filter_invert=&#8221;0%&#8221; child_filter_sepia=&#8221;0%&#8221; child_filter_opacity=&#8221;100%&#8221; child_filter_blur=&#8221;0px&#8221; child_mix_blend_mode=&#8221;normal&#8221; background_layout=&#8221;dark&#8221; text_shadow_style=&#8221;none&#8221; header_text_shadow_style=&#8221;none&#8221; body_text_shadow_style=&#8221;none&#8221; custom_button=&#8221;off&#8221; button_bg_use_color_gradient=&#8221;off&#8221; button_bg_color_gradient_overlays_image=&#8221;off&#8221; button_use_icon=&#8221;on&#8221; button_on_hover=&#8221;on&#8221; button_text_shadow_style=&#8221;none&#8221; box_shadow_style_button=&#8221;none&#8221; \/][\/et_pb_slider][et_pb_text _builder_version=&#8221;3.6&#8243;]<\/p>\n<p>&nbsp;<\/p>\n<p>&nbsp;<\/p>\n<p>[\/et_pb_text][et_pb_text _builder_version=&#8221;3.6&#8243;]<\/p>\n<h1>Piec pr\u00f3\u017cniowy dla producent\u00f3w cz\u0119\u015bci metalowych metod\u0105 druku 3D<\/h1>\n<p>&nbsp;<\/p>\n<p>Vector 3D stanowi ewolucj\u0119 najpopularniejszego produktu SECO\/WARWICK \u2013 jednokomorowego pieca pr\u00f3\u017cniowego. Rozwi\u0105zanie to \u0142\u0105czy wszystkie zalety urz\u0105dze\u0144 z hartowaniem gazem, a tak\u017ce spe\u0142nia nowe wymagania stawiane przez rynek wytwarzania przyrostowego.<\/p>\n<p>Piec Vector 3D umo\u017cliwia przeprowadzanie proces\u00f3w takich jak spiekanie, usuwanie lepiszcza, odpr\u0119\u017canie, starzenie lub przesycanie, kt\u00f3re nale\u017c\u0105 do najwa\u017cniejszych proces\u00f3w przy drukowaniu 3D z metalu.<\/p>\n<p>[\/et_pb_text][et_pb_text _builder_version=&#8221;3.6&#8243;]<\/p>\n<p>&nbsp;<\/p>\n<p>&nbsp;<\/p>\n<p>&nbsp;<\/p>\n<p>[\/et_pb_text][et_pb_toggle _builder_version=&#8221;3.6&#8243; title=&#8221;Czy potrzebuj\u0119 pieca do drukowania metalowych cz\u0119\u015bci 3D?&#8221;]<\/p>\n<p>Obr\u00f3bka cieplna jest niezb\u0119dna w przypadku wi\u0119kszo\u015bci technologii druku 3D metalu dost\u0119pnych na rynku. Technologie laserowe (EOS, SLM itp.) umo\u017cliwiaj\u0105 drukowanie cz\u0119\u015bci metalowych, jednak\u017ce maj\u0105 one nieregularn\u0105 struktur\u0119 cz\u0105steczkow\u0105. Procesy odpr\u0119\u017cania lub starzenia pomagaj\u0105 uzyska\u0107 bardziej jednorodn\u0105 struktur\u0119 woln\u0105 od napr\u0119\u017ce\u0144 wewn\u0119trznych. W efekcie drukowane elementy maj\u0105 mniejsz\u0105 tendencj\u0119 do p\u0119kania w nieoczekiwany spos\u00f3b.<br \/>\nW przypadku technologii binder jetting (ExOne, Desktop Metal, etc.) obr\u00f3bka cieplna nie jest jedynie opcj\u0105, lecz cz\u0119\u015bci\u0105 procesu drukowania. Wydruk daje \u201ecz\u0119\u015b\u0107 zielon\u0105\u201d, kt\u00f3ra jest po\u0142\u0105czeniem proszku metalu i spoiwa. W procesie spiekania proszek metalu topi si\u0119, a lepiszcze jest usuwane. Oznacza to, \u017ce \u201ezielona cz\u0119\u015b\u0107\u201d staje si\u0119 jednorodnym metalem dopiero po procesie obr\u00f3bki cieplnej.<br \/>\nOba procesy mog\u0105 by\u0107 realizowane w piecach pr\u00f3\u017cniowych VECTOR 3D zaprojektowanych i produkowanych przez SECO\/WARWICK. S\u0105 to najnowocze\u015bniejsze piece pr\u00f3\u017cniowe, przygotowane na cz\u0105steczki lepiszcza i zanieczyszczenie wyst\u0119puj\u0105ce w procesie spiekania.<\/p>\n<p>[\/et_pb_toggle][et_pb_toggle _builder_version=&#8221;3.6&#8243; title=&#8221;Jakiego rodzaju procesy obr\u00f3bki cieplnej s\u0105 wsp\u00f3lne dla drukowania 3D z metalu?&#8221; custom_margin=&#8221;35px|||&#8221;]<\/p>\n<p>Spiekanie, odpr\u0119\u017canie i starzenie to najbardziej powszechne procesy, jednak wszystko zale\u017cy od\u00a0technologii drukowania. W przypadku technologii Binder Jetting uzyskuje si\u0119 \u201ecz\u0119\u015b\u0107 zielon\u0105\u201d, kt\u00f3ra jest po\u0142\u0105czeniem proszku metalu i lepiszcza. W procesie spiekania proszek metalu topi si\u0119, a lepiszcze jest usuwane. Oznacza to, \u017ce \u201ezielona cz\u0119\u015b\u0107\u201d staje si\u0119 metalem dopiero po procesie obr\u00f3bki cieplnej.<\/p>\n<p>Technologie laserowe umo\u017cliwiaj\u0105 drukowanie cz\u0119\u015bci metalowych, jednak maj\u0105 one nieregularn\u0105 struktur\u0119 cz\u0105steczkow\u0105. Procesy odpr\u0119\u017cania lub starzenia pomagaj\u0105 uzyska\u0107 bardziej jednorodn\u0105 struktur\u0119 woln\u0105 od napr\u0119\u017ce\u0144 wewn\u0119trznych. W efekcie drukowane elementy maj\u0105 mniejsz\u0105 tendencj\u0119 do p\u0119kania w nieoczekiwany spos\u00f3b.<\/p>\n<p>Nale\u017cy pami\u0119ta\u0107, \u017ce wydrukowana cz\u0119\u015b\u0107, nawet po obr\u00f3bce, mo\u017ce wymaga\u0107 jeszcze dodatkowego procesu dok\u0142adnie tak samo, jak element odlewany uzyskany w\u00a0tradycyjny spos\u00f3b. Warto rozwa\u017cy\u0107 piec, kt\u00f3ry b\u0119dzie nadawa\u0142 si\u0119 do przeprowadzenia dodatkowych proces\u00f3w obr\u00f3bki cieplnej. Piec pr\u00f3\u017cniowy VECTOR 3D, zaprojektowany i produkowany przez SECO\/WARWICK, jest\u00a0doskona\u0142ym przyk\u0142adem urz\u0105dzenia uniwersalnego, w kt\u00f3rym mo\u017cna przeprowadza\u0107 wszystkie ewentualne procesy. Dodatkowo piec jest przygotowany na cz\u0105stki lepiszcza, kt\u00f3re s\u0105 naturalnym efektem ubocznym spiekania. Pi\u0119\u0107 r\u00f3\u017cnych system\u00f3w zabezpiecze\u0144 utrzymuje piec w dobrym stanie i\u00a0gwarantuje jego trwa\u0142o\u015b\u0107 na\u00a0 lata.<\/p>\n<p>[\/et_pb_toggle][et_pb_toggle _builder_version=&#8221;3.6&#8243; title=&#8221;Mam ju\u017c piec pr\u00f3\u017cniowy. Czy mog\u0119 go r\u00f3wnie\u017c wykorzysta\u0107 do zastosowa\u0144 zwi\u0105zanych z drukiem 3D?&#8221; custom_margin=&#8221;35px|||&#8221;]<\/p>\n<p>To zale\u017cy. Wi\u0119kszo\u015b\u0107 piec\u00f3w pr\u00f3\u017cniowych jest dostosowana do przeprowadzania proces\u00f3w odpr\u0119\u017cania lub starzenia. Je\u017celi wymagana temperatura mie\u015bci si\u0119 w zakresie pieca, nie powinno by\u0107 problemu z takim zastosowaniem. Sytuacja jest bardziej skomplikowana w przypadku technologii Binder Jetting i proces\u00f3w spiekania. Podczas obr\u00f3bki cieplnej dochodzi do parowania lepiszcza, kt\u00f3re to pary mog\u0105 gromadzi\u0107 si\u0119 w zimnej cz\u0119\u015bci pieca, instalacji pompowej lub przepustach zasilania. Mo\u017ce to doprowadzi\u0107 do skr\u00f3cenia \u017cywotno\u015bci niekt\u00f3rych element\u00f3w pieca, a nawet doprowadzi\u0107 do powa\u017cnego zwarcia skutkuj\u0105cego po\u017carem. Piec pr\u00f3\u017cniowy VECTOR 3D jest zaprojektowany specjalnie z my\u015bl\u0105 o procesie Binder Jetting. Jest on dodatkowo wyposa\u017cony w uk\u0142ady zabezpiecze\u0144, kt\u00f3re pomagaj\u0105 utrzyma\u0107 piec w dobrym stanie przez wiele lat. Oczywi\u015bcie piec zaprojektowany z my\u015bl\u0105 o procesie Binder Jetting mo\u017cna wykorzystywa\u0107 do innych proces\u00f3w dok\u0142adnie tak samo, jak zwyk\u0142y piec pr\u00f3\u017cniowy. Nale\u017cy pami\u0119ta\u0107, piec pr\u00f3\u017cniowy jest najlepszym mo\u017cliwym urz\u0105dzeniem do zastosowa\u0144 wytwarzania przyrostowego, jednak\u017ce nie ka\u017cdy piec pr\u00f3\u017cniowy jest przystosowany do wymaga\u0144 zwi\u0105zanych z typowymi procesami wytwarzania przyrostowego.<\/p>\n<p>[\/et_pb_toggle][et_pb_toggle _builder_version=&#8221;3.6&#8243; title=&#8221;Planuj\u0119 wykorzystywa\u0107 kilka drukarek 3D do metalu pracuj\u0105cych z r\u00f3\u017cnymi technologiami. Czy znajd\u0119 piec, kt\u00f3ry poradzi sobie ze wszystkimi?&#8221; custom_margin=&#8221;35px|||&#8221;]<\/p>\n<p>Tak. Piec pr\u00f3\u017cniowy jest uniwersalnym urz\u0105dzeniem, kt\u00f3ry nadaje si\u0119 do wi\u0119kszo\u015bci proces\u00f3w obr\u00f3bki cieplnej. W jednym urz\u0105dzeniu mo\u017cna przeprowadza\u0107 spiekanie, odpr\u0119\u017canie, starzenie oraz utwardzanie, naw\u0119glanie, wy\u017carzanie, lutowanie twarde, powlekanie, hartowanie i przesycanie. Oczywi\u015bcie konieczna jest odpowiednia konfiguracja pieca na etapie projektowania i wykonania. Rozbudowa w przysz\u0142o\u015bci mo\u017ce by\u0107 zbyt kosztowna. Jako \u017ce piec to zwykle inwestycja na 10-30 lat, zawsze warto rozwa\u017cy\u0107 potrzeby, jakie mog\u0105 wyst\u0105pi\u0107 w przysz\u0142o\u015bci. Piec pr\u00f3\u017cniowy VECTOR 3D jest doskona\u0142ym przyk\u0142adem urz\u0105dzenia uniwersalnego, w kt\u00f3rym mo\u017cna przeprowadza\u0107 wszystkie procesy obr\u00f3bki cieplnej. Dodatkowo jest przygotowany do proces\u00f3w wytwarzania przyrostowego, w tym system\u00f3w usuwania lepiszcza.<\/p>\n<p>[\/et_pb_toggle][et_pb_toggle _builder_version=&#8221;3.6&#8243; title=&#8221;Na rynku istniej\u0105 r\u00f3\u017cne rodzaje piec\u00f3w. Jaki jest najbardziej optymalny do zastosowa\u0144 drukowania 3D metalu?&#8221; custom_margin=&#8221;35px|||&#8221;]<\/p>\n<p>Obecnie drukowanie 3D metalu skupia si\u0119 na stali nierdzewnej i superstopach, np. tytanowych lub aluminiowych itp. W takich przypadkach procesy obr\u00f3bki cieplnej nale\u017cy przeprowadza\u0107 w \u015brodowisku pozbawionym tlenu, co mo\u017cna uzyska\u0107 poprzez wykorzystanie pieca atmosferowego pracuj\u0105cego z atmosfer\u0105 ochronn\u0105 zapewnian\u0105 przez mieszank\u0119 gaz\u00f3w lub pieca pr\u00f3\u017cniowego, w kt\u00f3rym poziom tlenu jest ograniczony jest okre\u015blonym poziomem pr\u00f3\u017cni. Trendy rynkowe pokazuj\u0105, \u017ce do produkcji niemasowej prostych element\u00f3w i prototyp\u00f3w stosuje si\u0119 g\u0142\u00f3wnie proste laboratoryjne piece atmosferowe ze wzgl\u0119du na koszt urz\u0105dze\u0144. Zawsze tam, gdzie koszty eksploatacji i czas przygotowania nie s\u0105 najwa\u017cniejsze. Z kolei w przypadku \u015brednich i du\u017cych wolumen\u00f3w produkcji cz\u0119\u015bci dla wymagaj\u0105cych rynk\u00f3w, np. lotnictwa, naturalnym wyborem s\u0105 piece pr\u00f3\u017cniowe, do kt\u00f3rych zalicza si\u0119 VECTOR 3D. Wy\u017cszy koszt zakupu w por\u00f3wnaniu z prostym urz\u0105dzeniem atmosferowym jest kompensowany podczas eksploatacji pieca.<\/p>\n<p>[\/et_pb_toggle][et_pb_toggle _builder_version=&#8221;3.6&#8243; title=&#8221;Obszar roboczy mojej drukarki to 400x250x250. Czy powinienem rozwa\u017ca\u0107 piec o takiej samej wielko\u015bci?&#8221; custom_margin=&#8221;35px|||&#8221;]<\/p>\n<p>To zale\u017cy. Na potrzeby produkcji prototyp\u00f3w, kiedy drukowanie odbywa si\u0119 sporadycznie, mo\u017ce to by\u0107 optymalne rozwi\u0105zanie. Jednak\u017ce w przypadku \u015brednich i du\u017cych wolumen\u00f3w produkcji nale\u017cy rozwa\u017cy\u0107 r\u00f3wnie\u017c wydajno\u015b\u0107 urz\u0105dze\u0144. Rosn\u0105ca pr\u0119dko\u015b\u0107 druku to obecnie jedna z najwa\u017cniejszych kwestii dla wszystkich producent\u00f3w drukarek. W efekcie ro\u015bnie ona z miesi\u0105ca na miesi\u0105c. Z drugiej strony procesy obr\u00f3bki cieplnej dosz\u0142y ju\u017c do \u015bciany, a zwi\u0119kszenie pr\u0119dko\u015bci nie jest takie \u0142atwe, poniewa\u017c trudno oszukiwa\u0107 fizyk\u0119. Z tego powodu u\u017cytkownicy drukarek cz\u0119sto stawiaj\u0105 na wi\u0119ksze piece umo\u017cliwiaj\u0105ce obr\u00f3bk\u0119 kilku drukowanych partii. W ten spos\u00f3b wymiarem pieca mo\u017cna zr\u00f3wnowa\u017cy\u0107 pr\u0119dko\u015b\u0107 drukarki. Obecnie wi\u0119kszo\u015b\u0107 u\u017cytkownik\u00f3w drukarek posiada wi\u0119cej ni\u017c jeden egzemplarz. Warto to r\u00f3wnie\u017c wzi\u0105\u0107 pod uwag\u0119. Piece s\u0105 zazwyczaj inwestycj\u0105 na lata. Nie wolno pozwoli\u0107, aby by\u0142y \u201enajs\u0142abszym ogniwem w \u0142a\u0144cuchu\u201d.<\/p>\n<p>Dlatego te\u017c VECTOR 3D oferujemy w 4 standardowych wielko\u015bciach (250x250x400; 400x400x600; 600x600x900 and 900x900x1200). Je\u017celi proces klienta wymaga innych wymiar\u00f3w, firma SECO\/WARWICK pozostaje otwarta na indywidualne konstrukcje. W ofercie sp\u00f3\u0142ki mo\u017cna znale\u017a\u0107 liczne urz\u0105dzenia zaprojektowane do potrzeb klienta, nawet tak ogromne konstrukcje jak ca\u0142kowicie metalowy piec pr\u00f3\u017cniowy o d\u0142ugo\u015bci 32 m zapewniaj\u0105cy jednorodno\u015b\u0107 temperatury na poziomie +\/-3\u00b0C lub poziomy piec pr\u00f3\u017cniowy obs\u0142uguj\u0105cy wsady do 120 ton.<\/p>\n<p>[\/et_pb_toggle][\/et_pb_column][\/et_pb_row][\/et_pb_section]<\/p>\n","protected":false},"excerpt":{"rendered":"<p><div class=\"et_pb_row et_pb_row_0 et_pb_row_empty\">\n\t\t\t\t\n\t\t\t\t\n\t\t\t\t\n\t\t\t\t\n\t\t\t\t\n\t\t\t<\/div> &nbsp; &nbsp; Piec pr\u00f3\u017cniowy dla producent\u00f3w cz\u0119\u015bci metalowych metod\u0105 druku 3D &nbsp; Vector 3D stanowi ewolucj\u0119 najpopularniejszego produktu SECO\/WARWICK \u2013 jednokomorowego pieca pr\u00f3\u017cniowego. Rozwi\u0105zanie to \u0142\u0105czy wszystkie zalety urz\u0105dze\u0144 z hartowaniem gazem, a tak\u017ce spe\u0142nia nowe wymagania stawiane przez rynek wytwarzania przyrostowego. Piec Vector 3D umo\u017cliwia przeprowadzanie proces\u00f3w takich jak spiekanie, usuwanie lepiszcza, odpr\u0119\u017canie, [&hellip;]<\/p>\n","protected":false},"author":2,"featured_media":0,"parent":0,"menu_order":0,"comment_status":"closed","ping_status":"closed","template":"","meta":{"_acf_changed":false,"_et_pb_use_builder":"on","_et_pb_old_content":"","_et_gb_content_width":"","footnotes":""},"class_list":["post-89542","page","type-page","status-publish"],"acf":[],"_links":{"self":[{"href":"https:\/\/www.secowarwick.com\/pl\/wp-json\/wp\/v2\/pages\/89542","targetHints":{"allow":["GET"]}}],"collection":[{"href":"https:\/\/www.secowarwick.com\/pl\/wp-json\/wp\/v2\/pages"}],"about":[{"href":"https:\/\/www.secowarwick.com\/pl\/wp-json\/wp\/v2\/types\/page"}],"author":[{"embeddable":true,"href":"https:\/\/www.secowarwick.com\/pl\/wp-json\/wp\/v2\/users\/2"}],"replies":[{"embeddable":true,"href":"https:\/\/www.secowarwick.com\/pl\/wp-json\/wp\/v2\/comments?post=89542"}],"version-history":[{"count":0,"href":"https:\/\/www.secowarwick.com\/pl\/wp-json\/wp\/v2\/pages\/89542\/revisions"}],"wp:attachment":[{"href":"https:\/\/www.secowarwick.com\/pl\/wp-json\/wp\/v2\/media?parent=89542"}],"curies":[{"name":"wp","href":"https:\/\/api.w.org\/{rel}","templated":true}]}}