{"id":90535,"date":"2020-03-16T11:37:30","date_gmt":"2020-03-16T10:37:30","guid":{"rendered":"http:\/\/www.secowarwick.com\/?page_id=90535"},"modified":"2020-05-08T11:28:04","modified_gmt":"2020-05-08T09:28:04","slug":"seminarium2020","status":"publish","type":"page","link":"https:\/\/www.secowarwick.com\/pl\/seminarium2020\/","title":{"rendered":"Seminarium 2020"},"content":{"rendered":"<p>[et_pb_section bb_built=&#8221;1&#8243; fullwidth=&#8221;on&#8221; next_background_color=&#8221;#000000&#8243; custom_padding_tablet=&#8221;50px|0|50px|0&#8243; custom_padding_last_edited=&#8221;on|desktop&#8221; _builder_version=&#8221;3.6&#8243; disabled=&#8221;off&#8221; disabled_on=&#8221;on||&#8221;][et_pb_fullwidth_header _builder_version=&#8221;3.6&#8243; background_video_mp4=&#8221;https:\/\/www.secowarwick.com\/wp-content\/uploads\/2020\/03\/remontaz-Seco-video-poprawka-2.mp4&#8243; header_fullscreen=&#8221;on&#8221; header_scroll_down=&#8221;on&#8221; custom_margin=&#8221;-80px|||&#8221; custom_padding=&#8221;||80px|&#8221; \/][\/et_pb_section][et_pb_section bb_built=&#8221;1&#8243; prev_background_color=&#8221;#000000&#8243; custom_padding_tablet=&#8221;50px|0|50px|0&#8243; custom_padding_last_edited=&#8221;on|desktop&#8221; _builder_version=&#8221;3.6&#8243; custom_margin=&#8221;||0px|&#8221; custom_padding=&#8221;||0px|&#8221;][et_pb_row][et_pb_column type=&#8221;2_3&#8243;][et_pb_breadcrumbs]<\/p>\n<p>&lt;div class=&#8221;et_pb_module et_pb_breadcrumbs et_pb_breadcrumbs_1&#8243;&gt;<br \/>\n&lt;p id=&#8221;breadcrumbs&#8221;&gt;&lt;span class=&#8221;breadcrumb_last&#8221;&gt;HOME&lt;\/span&gt;&lt;\/p&gt;<\/p>\n<p>&lt;\/div&gt;<br \/>\n&lt;!&#8211; .et_pb_converter &#8211;&gt;<\/p>\n<p>[\/et_pb_breadcrumbs][et_pb_text _builder_version=&#8221;3.6&#8243;]<\/p>\n<h1>XXIII SEMINARIUM SECO\/WARWICK \u201eObr\u00f3bka Cieplna 4.0\u201d<\/h1>\n<p>[\/et_pb_text][\/et_pb_column][et_pb_column type=&#8221;1_3&#8243;][\/et_pb_column][\/et_pb_row][et_pb_row custom_padding=&#8221;||0px|&#8221; column_padding_mobile=&#8221;on&#8221; parallax_method_1=&#8221;off&#8221; background_position=&#8221;top_left&#8221; background_repeat=&#8221;repeat&#8221; background_size=&#8221;initial&#8221; _builder_version=&#8221;3.6&#8243; custom_margin=&#8221;||0px|&#8221;][et_pb_column type=&#8221;4_4&#8243;][et_pb_text text_orientation=&#8221;justified&#8221; custom_css_main_element=&#8221;letter-spacing: 0.4px&#8221; use_border_color=&#8221;off&#8221; background_position=&#8221;top_left&#8221; background_repeat=&#8221;repeat&#8221; background_size=&#8221;initial&#8221; _builder_version=&#8221;3.6&#8243;]<\/p>\n<p>Szanowni Pa\u0144stwo,<\/p>\n<p>Z uwagi na sytuacj\u0119 w kraju i na \u015bwiecie, a zwi\u0105zan\u0105 z COVID-19, zesp\u00f3\u0142 SECO\/WARWICK pracuje nad now\u0105 formu\u0142\u0105 Seminarium Obr\u00f3bka Cieplna 4.0. Jeste\u015bmy pewni, \u017ce cho\u0107 okoliczno\u015bci spotkania i wydarzenia b\u0119d\u0105 inne, to uczestnicy b\u0119d\u0105 usatysfakcjonowani.<\/p>\n<p>Wi\u0119cej informacji ju\u017c wkr\u00f3tce.<\/p>\n<p>&nbsp;<\/p>\n<p>[\/et_pb_text][\/et_pb_column][\/et_pb_row][\/et_pb_section]<\/p>\n","protected":false},"excerpt":{"rendered":"<p><div class=\"et_pb_row et_pb_row_0 et_pb_row_empty\">\n\t\t\t\t\n\t\t\t\t\n\t\t\t\t\n\t\t\t\t\n\t\t\t\t\n\t\t\t<\/div>[et_pb_breadcrumbs] &lt;div class=&#8221;et_pb_module et_pb_breadcrumbs et_pb_breadcrumbs_1&#8243;&gt; &lt;p id=&#8221;breadcrumbs&#8221;&gt;&lt;span class=&#8221;breadcrumb_last&#8221;&gt;HOME&lt;\/span&gt;&lt;\/p&gt; &lt;\/div&gt; &lt;!&#8211; .et_pb_converter &#8211;&gt; [\/et_pb_breadcrumbs] XXIII SEMINARIUM SECO\/WARWICK \u201eObr\u00f3bka Cieplna 4.0\u201d Szanowni Pa\u0144stwo, Z uwagi na sytuacj\u0119 w kraju i na \u015bwiecie, a zwi\u0105zan\u0105 z COVID-19, zesp\u00f3\u0142 SECO\/WARWICK pracuje nad now\u0105 formu\u0142\u0105 Seminarium Obr\u00f3bka Cieplna 4.0. Jeste\u015bmy pewni, \u017ce cho\u0107 okoliczno\u015bci spotkania i wydarzenia b\u0119d\u0105 inne, to [&hellip;]<\/p>\n","protected":false},"author":2,"featured_media":0,"parent":0,"menu_order":0,"comment_status":"closed","ping_status":"closed","template":"","meta":{"_acf_changed":false,"_et_pb_use_builder":"on","_et_pb_old_content":"","_et_gb_content_width":"","footnotes":""},"class_list":["post-90535","page","type-page","status-publish"],"acf":[],"_links":{"self":[{"href":"https:\/\/www.secowarwick.com\/pl\/wp-json\/wp\/v2\/pages\/90535","targetHints":{"allow":["GET"]}}],"collection":[{"href":"https:\/\/www.secowarwick.com\/pl\/wp-json\/wp\/v2\/pages"}],"about":[{"href":"https:\/\/www.secowarwick.com\/pl\/wp-json\/wp\/v2\/types\/page"}],"author":[{"embeddable":true,"href":"https:\/\/www.secowarwick.com\/pl\/wp-json\/wp\/v2\/users\/2"}],"replies":[{"embeddable":true,"href":"https:\/\/www.secowarwick.com\/pl\/wp-json\/wp\/v2\/comments?post=90535"}],"version-history":[{"count":0,"href":"https:\/\/www.secowarwick.com\/pl\/wp-json\/wp\/v2\/pages\/90535\/revisions"}],"wp:attachment":[{"href":"https:\/\/www.secowarwick.com\/pl\/wp-json\/wp\/v2\/media?parent=90535"}],"curies":[{"name":"wp","href":"https:\/\/api.w.org\/{rel}","templated":true}]}}