{"id":90817,"date":"2020-03-21T14:27:30","date_gmt":"2020-03-21T13:27:30","guid":{"rendered":"http:\/\/www.secowarwick.com\/?page_id=90817"},"modified":"2025-02-23T17:46:24","modified_gmt":"2025-02-23T16:46:24","slug":"rozwijane","status":"publish","type":"page","link":"https:\/\/www.secowarwick.com\/pl\/karierar4\/rozwijane\/","title":{"rendered":"Rozwijane"},"content":{"rendered":"<p>[et_pb_section fb_built=&#8221;1&#8243; _builder_version=&#8221;4.16&#8243; background_color=&#8221;#f5f5f5&#8243; custom_margin=&#8221;0px|0px|0px|0px&#8221; custom_padding=&#8221;0px|0px|0px|0px&#8221; global_colors_info=&#8221;{}&#8221;][et_pb_row _builder_version=&#8221;4.16&#8243; background_color=&#8221;#f5f5f5&#8243; custom_margin=&#8221;0px|0px|0px|0px&#8221; custom_padding=&#8221;0px|0px|0px|0px&#8221; global_colors_info=&#8221;{}&#8221;][et_pb_column type=&#8221;4_4&#8243; _builder_version=&#8221;4.16&#8243; custom_padding=&#8221;|||&#8221; global_colors_info=&#8221;{}&#8221; custom_padding__hover=&#8221;|||&#8221;][et_pb_code module_class=&#8221;kariera2020code&#8221; _builder_version=&#8221;4.23.1&#8243; custom_margin=&#8221;30px|0px|0px|0px&#8221; custom_padding=&#8221;0px|0px|0px|0px&#8221; hover_enabled=&#8221;0&#8243; custom_css_main_element=&#8221;.collapsible22 {|| background-color: #777;|| color: white;|| cursor: pointer;|| padding: 18px;|| width: 100%;|| border: none;|| text-align: left;|| outline: none;|| font-size: 15px;||}||||.active22, .collapsible22:hover {|| background-color: #555;||}||||.content22 {|| padding: 0 18px;|| display: none;|| overflow: hidden;|| background-color: #f1f1f1;||}&#8221; global_colors_info=&#8221;{}&#8221; sticky_enabled=&#8221;0&#8243;]<\/p>\n<div class=\"karierawiersz\"><!-- [et_pb_line_break_holder] --> <\/p>\n<div class=\"kariera1z3\" ><!-- [et_pb_line_break_holder] --><\/p>\n<div class=\"ikokareer\"><img decoding=\"async\" src=\"https:\/\/www.secowarwick.com\/wp-content\/uploads\/2020\/03\/jak1-1.png\" class=\"wkarierze2020\"><\/div>\n<p><!-- [et_pb_line_break_holder] --><\/p>\n<h5><b>ROZWIJAMY<\/b><\/h5>\n<p><!-- [et_pb_line_break_holder] -->siebie, produkty, klient\u00f3w<!-- [et_pb_line_break_holder] --><button type=\"button\" class=\"collapsible22\"><img decoding=\"async\" src=\"https:\/\/www.secowarwick.com\/wp-content\/uploads\/2020\/03\/rozwijak-2.png\" class=\"rozwijak\"><img decoding=\"async\" src=\"https:\/\/www.secowarwick.com\/wp-content\/uploads\/2020\/03\/porozwijak-1.png\" class=\"porozwijak\"><\/button><!-- [et_pb_line_break_holder] --><\/p>\n<div class=\"content22\"><!-- [et_pb_line_break_holder] --> <pee>szkolenia wewn\u0119trze i zewn\u0119trzne, kursy j\u0119zykowe, sesje case study, nowoczesne R&#038;D (SMART\/SECO: <a href=\"https:\/\/www.secowarwick.com\/pl\/rd\/seco-lab-badania-metalograficzne\/\">SECO\/LAB<\/a>, <a href=\"https:\/\/www.secowarwick.com\/pl\/innowacje\/\">SECO\/LENS<\/a>), innowacyjne technologie i us\u0142ugi (<a href=\"https:\/\/www.secowarwick.com\/pl\/profesjonalne-uslugi-serwisowe\/\">SECO\/PREDICTIVE<\/a>, <a href=\"https:\/\/www.secowarwick.com\/pl\/produkty\/piece-prozniowe\/ucm-4d-quench-nowoczesna-alternatywa-dla-hartowania-w-prasach\/\">UCM<\/a>, <a href=\"https:\/\/www.secowarwick.com\/pl\/produkty\/piece-do-obrobki-cieplnej-metali-w-atmosferach-atm\/zeroflow\/\">ZeroFlow<\/a>, FineCarb, <a href=\"https:\/\/www.secowarwick.com\/pl\/prenitlpc\/\">PreNitLPC<\/a>, <a href=\"https:\/\/www.secowarwick.com\/pl\/produkty\/piece-do-obrobki-cieplnej-metali-w-atmosferach-atm\/super-iq-uniwersalny-piec-komorowy\/\">SuperIQ<\/a>, <a href=\"https:\/\/www.secowarwick.com\/pl\/produkty\/obrobka-cieplna-aluminium\/vortex-wyzarzanie-zwojow-aluminiowych\/\">Vortex<\/a>), m\u0142ode pokolenie swoich pracownik\u00f3w (<a href=\"https:\/\/www.secowarwick.com\/pl\/news\/seco-generation-a-new-quality-of-cooperation-between-business-and-science\/\">SECO\/GENERATION<\/a>).<!-- [et_pb_line_break_holder] --><\/pee><!-- [et_pb_line_break_holder] --><\/div>\n<p><!-- [et_pb_line_break_holder] --> <\/div>\n<p><!-- [et_pb_line_break_holder] --> <\/p>\n<div class=\"kariera1z3\"><!-- [et_pb_line_break_holder] --><!-- [et_pb_line_break_holder] --><\/p>\n<div class=\"ikokareer\"><img decoding=\"async\" src=\"https:\/\/www.secowarwick.com\/wp-content\/uploads\/2020\/03\/jak2-1.png\" class=\"wkarierze2020\"><\/div>\n<p><!-- [et_pb_line_break_holder] --><\/p>\n<h5><b>WSPIERAMY<\/b><\/h5>\n<p><!-- [et_pb_line_break_holder] -->Ciebie, Twoj\u0105 rodzin\u0119, innych<!-- [et_pb_line_break_holder] --><button type=\"button\" class=\"collapsible22\"><img decoding=\"async\" src=\"https:\/\/www.secowarwick.com\/wp-content\/uploads\/2020\/03\/rozwijak-2.png\" class=\"rozwijak\"><img decoding=\"async\" src=\"https:\/\/www.secowarwick.com\/wp-content\/uploads\/2020\/03\/porozwijak-1.png\" class=\"porozwijak\"><\/button><!-- [et_pb_line_break_holder] --><\/p>\n<div class=\"content22\"><!-- [et_pb_line_break_holder] --> <pee>dofinansowanie do wyprawki dla dzieci, <!-- [et_pb_line_break_holder] -->bony \u015bwi\u0105teczne i paczki dla dzieci na Miko\u0142aja,<!-- [et_pb_line_break_holder] -->po\u017cyczki, zapomogi, dofinansowanie do sportu,<!-- [et_pb_line_break_holder] -->kultury, rekreacji, sponsoring dru\u017cyn sportowych<!-- [et_pb_line_break_holder] -->(<a href=\"https:\/\/www.secowarwick.com\/pl\/news\/secobike-team-the-cyclist-racing-season-has-officially-launched\/\">SECO\/BIKE<\/a>, <a href=\"https:\/\/www.secowarwick.com\/pl\/news\/pobiegli-i-wygrali-z-pogoda-ze-soba-ale-co-najwazniejsze-dla-marcina-galanta\/\">SECO\/RUN<\/a>, SECO\/TEAM).<!-- [et_pb_line_break_holder] --><!-- [et_pb_line_break_holder] --><\/pee><!-- [et_pb_line_break_holder] --><\/div>\n<p><!-- [et_pb_line_break_holder] --> <\/div>\n<p><!-- [et_pb_line_break_holder] --> <\/p>\n<div class=\"kariera1z3\" ><!-- [et_pb_line_break_holder] --><!-- [et_pb_line_break_holder] --><\/p>\n<div class=\"ikokareer\"><img decoding=\"async\" src=\"https:\/\/www.secowarwick.com\/wp-content\/uploads\/2020\/03\/jak3-1.png\" class=\"wkarierze2020\"><\/div>\n<p><!-- [et_pb_line_break_holder] --><\/p>\n<h5><b>ZAPEWNIAMY<\/b><\/h5>\n<p><!-- [et_pb_line_break_holder] -->pomoc, mo\u017cliwo\u015bci, stabilno\u015b\u0107<!-- [et_pb_line_break_holder] --><button type=\"button\" class=\"collapsible22\"><img decoding=\"async\" src=\"https:\/\/www.secowarwick.com\/wp-content\/uploads\/2020\/03\/rozwijak-2.png\" class=\"rozwijak\"><img decoding=\"async\" src=\"https:\/\/www.secowarwick.com\/wp-content\/uploads\/2020\/03\/porozwijak-1.png\" class=\"porozwijak\"><\/button><!-- [et_pb_line_break_holder] --><\/p>\n<div class=\"content22\"><!-- [et_pb_line_break_holder] --> <pee>wdro\u017cenie pod okiem opiekuna, r\u00f3\u017cne \u015bcie\u017cki kariery<!-- [et_pb_line_break_holder] -->(ekspercka i mened\u017cerska), nowoczesne technologie<!-- [et_pb_line_break_holder] -->i narz\u0119dzia pracy, ekspert\u00f3w na wyci\u0105gni\u0119cie r\u0119ki, <!-- [et_pb_line_break_holder] -->Inspiruj\u0105c\u0105 i integruj\u0105c\u0105 przestrze\u0144 wymiany <!-- [et_pb_line_break_holder] -->do\u015bwiadcze\u0144 i zdobywania wiedzy, zaplecze finansowe<!-- [et_pb_line_break_holder] -->i jasne zasady.<!-- [et_pb_line_break_holder] --><\/pee><!-- [et_pb_line_break_holder] --><\/div>\n<p><!-- [et_pb_line_break_holder] --> <\/div>\n<p><!-- [et_pb_line_break_holder] --> <\/div>\n<p><!-- [et_pb_line_break_holder] --><!-- [et_pb_line_break_holder] --><\/p>\n<div class=\"karierawiersz\"><!-- [et_pb_line_break_holder] --> <\/p>\n<div class=\"kariera1z3\" ><!-- [et_pb_line_break_holder] --><\/p>\n<div class=\"ikokareer\"><img decoding=\"async\" src=\"https:\/\/www.secowarwick.com\/wp-content\/uploads\/2020\/03\/jak4-1.png\" class=\"wkarierze2020\"><\/div>\n<p><!-- [et_pb_line_break_holder] --><\/p>\n<h5><b>DBAMY<\/b><\/h5>\n<p><!-- [et_pb_line_break_holder] -->o Tw\u00f3j komfort w pracy, w podr\u00f3\u017cy, w domu<!-- [et_pb_line_break_holder] --><button type=\"button\" class=\"collapsible22\"><img decoding=\"async\" src=\"https:\/\/www.secowarwick.com\/wp-content\/uploads\/2020\/03\/rozwijak-2.png\" class=\"rozwijak\"><img decoding=\"async\" src=\"https:\/\/www.secowarwick.com\/wp-content\/uploads\/2020\/03\/porozwijak-1.png\" class=\"porozwijak\"><\/button><!-- [et_pb_line_break_holder] --><\/p>\n<div class=\"content22\"><!-- [et_pb_line_break_holder] --> <pee>ruchomy czas pracy, home office,<!-- [et_pb_line_break_holder] -->dojazd do i z pracy (SECO\/BUS, SECO\/CAR,<!-- [et_pb_line_break_holder] -->SECO\/DRIVE ) SECO\/TRAVEL, dodatkowy dzie\u0144<!-- [et_pb_line_break_holder] -->wolny po d\u0142ugiej delegacji, ubezpieczenie na \u017cycie na preferencyjnych warunkach, opieka medyczn\u0105, bezpiecze\u0144stwo \u2013 kursy pierwszej pomocy przypominamy co roku, godziny dla<!-- [et_pb_line_break_holder] -->rodziny to dla nas \u015bwi\u0119to\u015b\u0107.<!-- [et_pb_line_break_holder] --><!-- [et_pb_line_break_holder] --><\/pee><!-- [et_pb_line_break_holder] --><\/div>\n<p><!-- [et_pb_line_break_holder] --> <\/div>\n<p><!-- [et_pb_line_break_holder] --> <\/p>\n<div class=\"kariera1z3\"><!-- [et_pb_line_break_holder] --><!-- [et_pb_line_break_holder] --><\/p>\n<div class=\"ikokareer\"><img decoding=\"async\" src=\"https:\/\/www.secowarwick.com\/wp-content\/uploads\/2020\/03\/jak5-1.png\" class=\"wkarierze2020\"><\/div>\n<p><!-- [et_pb_line_break_holder] --><\/p>\n<h5><b>CENIMY<\/b><\/h5>\n<p><!-- [et_pb_line_break_holder] -->inicjatyw\u0119, Twoje zdanie, dobr\u0105 atmosfer\u0119<!-- [et_pb_line_break_holder] --><button type=\"button\" class=\"collapsible22\"><img decoding=\"async\" src=\"https:\/\/www.secowarwick.com\/wp-content\/uploads\/2020\/03\/rozwijak-2.png\" class=\"rozwijak\"><img decoding=\"async\" src=\"https:\/\/www.secowarwick.com\/wp-content\/uploads\/2020\/03\/porozwijak-1.png\" class=\"porozwijak\"><\/button><!-- [et_pb_line_break_holder] --><\/p>\n<div class=\"content22\"><!-- [et_pb_line_break_holder] --> <pee>platforma INNOVATION MANAGEMENT SYSTEM<!-- [et_pb_line_break_holder] -->(pomys\u0142 \u2013 analiza &#8211; wdro\u017cenie), wyb\u00f3r \u015bwiadcze\u0144<!-- [et_pb_line_break_holder] -->socjalnych i temat\u00f3w szkole\u0144, system polece\u0144 <!-- [et_pb_line_break_holder] -->pracowniczych, spotkania integracyjne.<!-- [et_pb_line_break_holder] --><!-- [et_pb_line_break_holder] --><!-- [et_pb_line_break_holder] --><\/pee><!-- [et_pb_line_break_holder] --><\/div>\n<p><!-- [et_pb_line_break_holder] --> <\/div>\n<p><!-- [et_pb_line_break_holder] --> <\/p>\n<div class=\"kariera1z3\" ><!-- [et_pb_line_break_holder] --><!-- [et_pb_line_break_holder] --><\/p>\n<div class=\"ikokareer\"><img decoding=\"async\" src=\"https:\/\/www.secowarwick.com\/wp-content\/uploads\/2020\/03\/jak6-1.png\" class=\"wkarierze2020\"><\/div>\n<p><!-- [et_pb_line_break_holder] --><\/p>\n<h5><b>\u0141\u0104CZYMY<\/b><\/h5>\n<p><!-- [et_pb_line_break_holder] -->pokolenia<!-- [et_pb_line_break_holder] --><button type=\"button\" class=\"collapsible22\"><img decoding=\"async\" src=\"https:\/\/www.secowarwick.com\/wp-content\/uploads\/2020\/03\/rozwijak-2.png\" class=\"rozwijak\"><img decoding=\"async\" src=\"https:\/\/www.secowarwick.com\/wp-content\/uploads\/2020\/03\/porozwijak-1.png\" class=\"porozwijak\"><\/button><!-- [et_pb_line_break_holder] --><\/p>\n<div class=\"content22\"><!-- [et_pb_line_break_holder] --> <pee>Firm\u0119 i lokalne \u015brodowisko &#8211; akcje charytatywne, wsparcie dla JST, mieszka\u0144c\u00f3w,<!-- [et_pb_line_break_holder] -->Kultury &#8211; 10 sp\u00f3\u0142ek, 6 kraj\u00f3w, <!-- [et_pb_line_break_holder] -->Ludzi- imprezy integracyjne, nowoczesna kuchnia, dobra kawa, wsp\u00f3lne pasje. <!-- [et_pb_line_break_holder] --><!-- [et_pb_line_break_holder] --><\/pee><!-- [et_pb_line_break_holder] --><\/div>\n<p><!-- [et_pb_line_break_holder] --> <\/div>\n<p><!-- [et_pb_line_break_holder] --> <\/div>\n<p><!-- [et_pb_line_break_holder] --><!-- [et_pb_line_break_holder] --><script><!-- [et_pb_line_break_holder] -->var coll = document.getElementsByClassName(\"collapsible22\");<!-- [et_pb_line_break_holder] -->var i;<!-- [et_pb_line_break_holder] --><!-- [et_pb_line_break_holder] -->for (i = 0; i < coll.length; i++) {<!-- [et_pb_line_break_holder] --> coll[i].addEventListener(\"click\", function() {<!-- [et_pb_line_break_holder] --> this.classList.toggle(\"active\");<!-- [et_pb_line_break_holder] --> var content = this.nextElementSibling;<!-- [et_pb_line_break_holder] --> if (content.style.display === \"block\") {<!-- [et_pb_line_break_holder] --> content.style.display = \"none\";<!-- [et_pb_line_break_holder] --> } else {<!-- [et_pb_line_break_holder] --> content.style.display = \"block\";<!-- [et_pb_line_break_holder] --> }<!-- [et_pb_line_break_holder] --> });<!-- [et_pb_line_break_holder] -->}<!-- [et_pb_line_break_holder] --><\/script><!-- [et_pb_line_break_holder] --><!-- [et_pb_line_break_holder] --><!-- [et_pb_line_break_holder] -->[\/et_pb_code][\/et_pb_column][\/et_pb_row][\/et_pb_section]<\/p>\n","protected":false},"excerpt":{"rendered":"","protected":false},"author":2,"featured_media":0,"parent":90568,"menu_order":0,"comment_status":"closed","ping_status":"closed","template":"","meta":{"_acf_changed":false,"_et_pb_use_builder":"on","_et_pb_old_content":"","_et_gb_content_width":"","footnotes":""},"class_list":["post-90817","page","type-page","status-publish"],"acf":[],"_links":{"self":[{"href":"https:\/\/www.secowarwick.com\/pl\/wp-json\/wp\/v2\/pages\/90817","targetHints":{"allow":["GET"]}}],"collection":[{"href":"https:\/\/www.secowarwick.com\/pl\/wp-json\/wp\/v2\/pages"}],"about":[{"href":"https:\/\/www.secowarwick.com\/pl\/wp-json\/wp\/v2\/types\/page"}],"author":[{"embeddable":true,"href":"https:\/\/www.secowarwick.com\/pl\/wp-json\/wp\/v2\/users\/2"}],"replies":[{"embeddable":true,"href":"https:\/\/www.secowarwick.com\/pl\/wp-json\/wp\/v2\/comments?post=90817"}],"version-history":[{"count":5,"href":"https:\/\/www.secowarwick.com\/pl\/wp-json\/wp\/v2\/pages\/90817\/revisions"}],"predecessor-version":[{"id":172513,"href":"https:\/\/www.secowarwick.com\/pl\/wp-json\/wp\/v2\/pages\/90817\/revisions\/172513"}],"up":[{"embeddable":true,"href":"https:\/\/www.secowarwick.com\/pl\/wp-json\/wp\/v2\/pages\/90568"}],"wp:attachment":[{"href":"https:\/\/www.secowarwick.com\/pl\/wp-json\/wp\/v2\/media?parent=90817"}],"curies":[{"name":"wp","href":"https:\/\/api.w.org\/{rel}","templated":true}]}}