{"id":93852,"date":"2020-05-15T12:01:53","date_gmt":"2020-05-15T10:01:53","guid":{"rendered":"http:\/\/www.secowarwick.com\/?page_id=93852"},"modified":"2025-02-04T09:47:12","modified_gmt":"2025-02-04T08:47:12","slug":"uslugi-serwisowe-wazne-dzis","status":"publish","type":"page","link":"https:\/\/www.secowarwick.com\/pl\/seco-deals-old\/uslugi-serwisowe-wazne-dzis\/","title":{"rendered":"US\u0141UGI SERWISOWE WA\u017bNE DZI\u015a"},"content":{"rendered":"<p>[et_pb_section fb_built=&#8221;1&#8243; _builder_version=&#8221;4.16&#8243; global_colors_info=&#8221;{}&#8221;][et_pb_row _builder_version=&#8221;4.16&#8243; global_colors_info=&#8221;{}&#8221;][et_pb_column type=&#8221;4_4&#8243; _builder_version=&#8221;4.16&#8243; custom_padding=&#8221;|||&#8221; global_colors_info=&#8221;{}&#8221; custom_padding__hover=&#8221;|||&#8221;][et_pb_text _builder_version=&#8221;4.16&#8243; header_3_text_color=&#8221;#ffffff&#8221; global_colors_info=&#8221;{}&#8221;]<\/p>\n<h2 style=\"text-align: left;\">Us\u0142ugi SECO\/WARWICK:<\/h2>\n<ul>\n<li style=\"text-align: left;\">\u0142atwe w instalacji,<\/li>\n<li style=\"text-align: left;\">bezpieczne,<\/li>\n<li style=\"text-align: left;\">dost\u0119pne od zaraz<\/li>\n<li style=\"text-align: left;\">atrakcyjne cenowo.<\/li>\n<\/ul>\n<p style=\"text-align: left;\"><strong>Wa\u017cne!<br \/>\n<\/strong><strong>Opisane rozwi\u0105zania s\u0105 wygodn\u0105 i ekonomiczn\u0105 inwestycj\u0105 na dzi\u015b i jutro!<\/strong><\/p>\n<p>[\/et_pb_text][\/et_pb_column][\/et_pb_row][et_pb_row _builder_version=&#8221;4.16&#8243; custom_margin=&#8221;60px|||&#8221; global_colors_info=&#8221;{}&#8221; column_structure=&#8221;1_2,1_2&#8243;][et_pb_column type=&#8221;1_2&#8243; _builder_version=&#8221;4.16&#8243; custom_padding=&#8221;|||&#8221; global_colors_info=&#8221;{}&#8221; custom_padding__hover=&#8221;|||&#8221;][et_pb_text _builder_version=&#8221;4.16&#8243; custom_margin=&#8221;60px|||&#8221; global_colors_info=&#8221;{}&#8221;]<\/p>\n<h2>URUCHOMIENIE<span style=\"color: #dc291e;\">\/<\/span>PIECA PO PRZERWIE<\/h2>\n<p>Praca pieca zosta\u0142a wstrzymana? Ponowne uruchomienie jest wi\u0119c niezb\u0119dne!<\/p>\n<p>Skorzystaj z naszej profesjonalnej asysty: zdalnej \u00a0lub osobistej. To Ty decydujesz o sposobie naszej pomocy.<\/p>\n<p><strong>Dost\u0119pno\u015b\u0107 us\u0142ugi:<\/strong> od zaraz<br \/>\n<strong>Koszt us\u0142ugi:<\/strong> stawka godzinowa pracy serwisanta zdalnego<br \/>\n[\/et_pb_text][\/et_pb_column][et_pb_column type=&#8221;1_2&#8243; _builder_version=&#8221;4.16&#8243; custom_padding=&#8221;|||&#8221; global_colors_info=&#8221;{}&#8221; custom_padding__hover=&#8221;|||&#8221;][et_pb_image src=&#8221;https:\/\/www.secowarwick.com\/wp-content\/uploads\/2020\/05\/restart_furnace.jpg&#8221; align_tablet=&#8221;center&#8221; align_last_edited=&#8221;on|desktop&#8221; _builder_version=&#8221;4.23.1&#8243; hover_enabled=&#8221;0&#8243; global_colors_info=&#8221;{}&#8221; alt=&#8221;URUCHOMIENIE PIECA PO PRZERWIE&#8221; sticky_enabled=&#8221;0&#8243; align_phone=&#8221;center&#8221;][\/et_pb_image][\/et_pb_column][\/et_pb_row][\/et_pb_section][et_pb_section fb_built=&#8221;1&#8243; _builder_version=&#8221;4.16&#8243; background_color=&#8221;#f8f8f8&#8243; global_colors_info=&#8221;{}&#8221;][et_pb_row _builder_version=&#8221;4.16&#8243; background_size=&#8221;initial&#8221; background_position=&#8221;top_left&#8221; background_repeat=&#8221;repeat&#8221; global_colors_info=&#8221;{}&#8221; column_structure=&#8221;1_2,1_2&#8243;][et_pb_column type=&#8221;1_2&#8243; _builder_version=&#8221;4.16&#8243; custom_padding=&#8221;|||&#8221; global_colors_info=&#8221;{}&#8221; custom_padding__hover=&#8221;|||&#8221;][et_pb_blurb title=&#8221;Zobacz jak to dzia\u0142a w praktyce&#8221; url=&#8221;http:\/\/www.youtube.com\/watch?v=Rzd8WRQSeGU&#038;feature=emb_title&#8221; image=&#8221;https:\/\/www.secowarwick.com\/wp-content\/uploads\/2020\/05\/uslugi-serwisowe-covid19.jpg&#8221; _builder_version=&#8221;4.23.1&#8243; header_text_align=&#8221;center&#8221; header_font_size=&#8221;14&#8243; animation_style=&#8221;zoom&#8221; hover_enabled=&#8221;0&#8243; custom_css_blurb_title=&#8221;margin-top: -15px;&#8221; global_colors_info=&#8221;{}&#8221; alt=&#8221;ZDALNA ASYSTA SERWISANTA&#8221; sticky_enabled=&#8221;0&#8243;][\/et_pb_blurb][\/et_pb_column][et_pb_column type=&#8221;1_2&#8243; _builder_version=&#8221;4.16&#8243; custom_padding=&#8221;|||&#8221; global_colors_info=&#8221;{}&#8221; custom_padding__hover=&#8221;|||&#8221;][et_pb_text _builder_version=&#8221;4.16&#8243; custom_margin=&#8221;40px|||&#8221; animation_style=&#8221;slide&#8221; animation_direction=&#8221;right&#8221; global_colors_info=&#8221;{}&#8221;]<\/p>\n<h2>ZDALNA ASYSTA<span style=\"color: #dc291e;\">\/<\/span>SERWISANTA<\/h2>\n<p>&nbsp;<\/p>\n<p>Bezpiecze\u0144stwo kontaktu, to obecny wym\u00f3g czasu, dlatego oferujemy aplikacj\u0119 b\u0119d\u0105c\u0105 oczami serwisanta-asystenta. Wystarczy smartfon. Dzi\u0119ki us\u0142udze SECOWARWICK serwisant nie musi by\u0107 w pobli\u017cu urz\u0105dzenia, by pom\u00f3c.<\/p>\n<p><strong>Dost\u0119pno\u015b\u0107 us\u0142ugi:<\/strong> od zaraz<br \/>\n<strong>Koszt us\u0142ugi:<\/strong> stawka godzinowa pracy serwisanta zdalnego<br \/>\n[\/et_pb_text][\/et_pb_column][\/et_pb_row][\/et_pb_section][et_pb_section fb_built=&#8221;1&#8243; _builder_version=&#8221;4.16&#8243; global_colors_info=&#8221;{}&#8221;][et_pb_row _builder_version=&#8221;4.16&#8243; background_size=&#8221;initial&#8221; background_position=&#8221;top_left&#8221; background_repeat=&#8221;repeat&#8221; global_colors_info=&#8221;{}&#8221; column_structure=&#8221;1_2,1_2&#8243;][et_pb_column type=&#8221;1_2&#8243; _builder_version=&#8221;4.16&#8243; custom_padding=&#8221;|||&#8221; global_colors_info=&#8221;{}&#8221; custom_padding__hover=&#8221;|||&#8221;][et_pb_text _builder_version=&#8221;4.16&#8243; global_colors_info=&#8221;{}&#8221;]<\/p>\n<h2>ZDALNY<span style=\"color: #dc291e;\">\/<\/span>DOST\u0118P DO URZ\u0104DZENIA<\/h2>\n<p>Zdalny dost\u0119p to dzi\u015b s\u0142owo klucz, oczekiwania Serwisu 4.0 i oferta SECO\/WARWICK. Proste i szybkie rozwi\u0105zanie dla Ciebie! Ca\u0142o\u015b\u0107 instalacji mo\u017cna przeprowadzi\u0107 razem zdalnie. W zwi\u0105zku z obecn\u0105 sytuacja oferujemy 20% rabat na urz\u0105dzenie CISCO .<\/p>\n<p><strong>Dost\u0119pno\u015b\u0107 us\u0142ugi:\u00a0<\/strong>Urz\u0105dzenie na magazynie, zdalna konfiguracja, wysy\u0142ka do 3 dni roboczych.<br \/>\n<strong>Koszt us\u0142ugi:\u00a0<\/strong>Uwzgl\u0119dniaj\u0105c 20% rabat cena wynosi <strong>3\u00a0900 z\u0142<\/strong> netto<br \/>\n[\/et_pb_text][\/et_pb_column][et_pb_column type=&#8221;1_2&#8243; _builder_version=&#8221;4.16&#8243; custom_padding=&#8221;|||&#8221; global_colors_info=&#8221;{}&#8221; custom_padding__hover=&#8221;|||&#8221;][et_pb_image src=&#8221;https:\/\/www.secowarwick.com\/wp-content\/uploads\/2020\/05\/zdalny_dostep-1.jpg&#8221; align_tablet=&#8221;center&#8221; align_last_edited=&#8221;on|desktop&#8221; _builder_version=&#8221;4.23.1&#8243; hover_enabled=&#8221;0&#8243; global_colors_info=&#8221;{}&#8221; alt=&#8221;ZDALNY DOST\u0118P DO URZ\u0104DZENIA&#8221; sticky_enabled=&#8221;0&#8243; align_phone=&#8221;center&#8221;][\/et_pb_image][\/et_pb_column][\/et_pb_row][\/et_pb_section][et_pb_section fb_built=&#8221;1&#8243; _builder_version=&#8221;4.16&#8243; background_color=&#8221;#f8f8f8&#8243; global_colors_info=&#8221;{}&#8221;][et_pb_row _builder_version=&#8221;4.16&#8243; background_size=&#8221;initial&#8221; background_position=&#8221;top_left&#8221; background_repeat=&#8221;repeat&#8221; global_colors_info=&#8221;{}&#8221; column_structure=&#8221;1_2,1_2&#8243;][et_pb_column type=&#8221;1_2&#8243; _builder_version=&#8221;4.16&#8243; custom_padding=&#8221;|||&#8221; global_colors_info=&#8221;{}&#8221; custom_padding__hover=&#8221;|||&#8221;][et_pb_image src=&#8221;https:\/\/www.secowarwick.com\/wp-content\/uploads\/2020\/05\/goraca_linia-1.jpg&#8221; align_tablet=&#8221;center&#8221; align_last_edited=&#8221;on|desktop&#8221; _builder_version=&#8221;4.23.1&#8243; hover_enabled=&#8221;0&#8243; global_colors_info=&#8221;{}&#8221; alt=&#8221;GOR\u0104CA LINIA Z DORADC\u0104&#8221; sticky_enabled=&#8221;0&#8243; align_phone=&#8221;center&#8221;][\/et_pb_image][\/et_pb_column][et_pb_column type=&#8221;1_2&#8243; _builder_version=&#8221;4.16&#8243; custom_padding=&#8221;|||&#8221; global_colors_info=&#8221;{}&#8221; custom_padding__hover=&#8221;|||&#8221;][et_pb_text _builder_version=&#8221;4.16&#8243; custom_margin=&#8221;60px|||&#8221; global_colors_info=&#8221;{}&#8221;]<\/p>\n<h2>GOR\u0104CA<span style=\"color: #dc291e;\">\/<\/span>LINIA Z DORADC\u0104<\/h2>\n<p>Nasi doradcy, specjali\u015bci, serwisanci s\u0105 dla Ciebie. Dost\u0119pni pn-pt \u00a07.00-20.00h\/ sob. 8.00-18.00h. Zadzwo\u0144 na nasz\u0105 gor\u0105c\u0105 lini\u0119: HOT LINE 797 \u2013 378 \u2013 423.<\/p>\n<p>To tu mo\u017cesz zg\u0142osi\u0107 awari\u0119, alarmy oraz inne pilne potrzeby serwisowe.<br \/>\n<strong>Dost\u0119pno\u015b\u0107 us\u0142ugi:<\/strong> w podanych godz. pracy<br \/>\n<strong>Koszt us\u0142ugi:<\/strong> stawka godzinowa pracy serwisanta zdalnego<br \/>\n[\/et_pb_text][\/et_pb_column][\/et_pb_row][\/et_pb_section][et_pb_section fb_built=&#8221;1&#8243; _builder_version=&#8221;4.16&#8243; global_colors_info=&#8221;{}&#8221;][et_pb_row _builder_version=&#8221;4.16&#8243; background_size=&#8221;initial&#8221; background_position=&#8221;top_left&#8221; background_repeat=&#8221;repeat&#8221; global_colors_info=&#8221;{}&#8221; column_structure=&#8221;1_2,1_2&#8243;][et_pb_column type=&#8221;1_2&#8243; _builder_version=&#8221;4.16&#8243; custom_padding=&#8221;|||&#8221; global_colors_info=&#8221;{}&#8221; custom_padding__hover=&#8221;|||&#8221;][et_pb_text _builder_version=&#8221;4.16&#8243; custom_margin=&#8221;60px|||&#8221; global_colors_info=&#8221;{}&#8221;]<\/p>\n<h2>WIZYTY<span style=\"color: #dc291e;\">\/<\/span>SERWISOWE I SPRZEDA\u017bOWE<\/h2>\n<p>Je\u015bli zdalne rozwi\u0105zanie sprawy nie jest mo\u017cliwe, nasi serwisanci przyjad\u0105 do Ciebie. Wszystko odbywa si\u0119 z\u00a0 zachowaniem pe\u0142nej\u00a0 bioasekuracji i z uwzgl\u0119dnieniem procedur obowi\u0105zuj\u0105cych w Twojej firmie.<\/p>\n<p><strong>Dost\u0119pno\u015b\u0107 us\u0142ugi:<\/strong> do ustalenia indywidualnie<br \/>\n<strong>Koszt us\u0142ugi:<\/strong> wycena indywidualna w zale\u017cno\u015bci od zakresu `<br \/>\n[\/et_pb_text][\/et_pb_column][et_pb_column type=&#8221;1_2&#8243; _builder_version=&#8221;4.16&#8243; custom_padding=&#8221;|||&#8221; global_colors_info=&#8221;{}&#8221; custom_padding__hover=&#8221;|||&#8221;][et_pb_image src=&#8221;https:\/\/www.secowarwick.com\/wp-content\/uploads\/2020\/05\/wizyty_serwisowe-1.jpg&#8221; align_tablet=&#8221;center&#8221; align_last_edited=&#8221;on|desktop&#8221; _builder_version=&#8221;4.23.1&#8243; hover_enabled=&#8221;0&#8243; global_colors_info=&#8221;{}&#8221; alt=&#8221;WIZYTY SERWISOWE I SPRZEDA\u017bOWE&#8221; sticky_enabled=&#8221;0&#8243; align_phone=&#8221;center&#8221;][\/et_pb_image][\/et_pb_column][\/et_pb_row][\/et_pb_section]<\/p>\n","protected":false},"excerpt":{"rendered":"<p>Us\u0142ugi SECO\/WARWICK: \u0142atwe w instalacji, bezpieczne, dost\u0119pne od zaraz atrakcyjne cenowo. Wa\u017cne! Opisane rozwi\u0105zania s\u0105 wygodn\u0105 i ekonomiczn\u0105 inwestycj\u0105 na dzi\u015b i jutro! URUCHOMIENIE\/PIECA PO PRZERWIE Praca pieca zosta\u0142a wstrzymana? Ponowne uruchomienie jest wi\u0119c niezb\u0119dne! Skorzystaj z naszej profesjonalnej asysty: zdalnej \u00a0lub osobistej. To Ty decydujesz o sposobie naszej pomocy. Dost\u0119pno\u015b\u0107 us\u0142ugi: od zaraz Koszt [&hellip;]<\/p>\n","protected":false},"author":2,"featured_media":0,"parent":84827,"menu_order":0,"comment_status":"closed","ping_status":"closed","template":"","meta":{"_acf_changed":false,"_et_pb_use_builder":"on","_et_pb_old_content":"","_et_gb_content_width":"","footnotes":""},"class_list":["post-93852","page","type-page","status-publish"],"acf":[],"_links":{"self":[{"href":"https:\/\/www.secowarwick.com\/pl\/wp-json\/wp\/v2\/pages\/93852","targetHints":{"allow":["GET"]}}],"collection":[{"href":"https:\/\/www.secowarwick.com\/pl\/wp-json\/wp\/v2\/pages"}],"about":[{"href":"https:\/\/www.secowarwick.com\/pl\/wp-json\/wp\/v2\/types\/page"}],"author":[{"embeddable":true,"href":"https:\/\/www.secowarwick.com\/pl\/wp-json\/wp\/v2\/users\/2"}],"replies":[{"embeddable":true,"href":"https:\/\/www.secowarwick.com\/pl\/wp-json\/wp\/v2\/comments?post=93852"}],"version-history":[{"count":2,"href":"https:\/\/www.secowarwick.com\/pl\/wp-json\/wp\/v2\/pages\/93852\/revisions"}],"predecessor-version":[{"id":170406,"href":"https:\/\/www.secowarwick.com\/pl\/wp-json\/wp\/v2\/pages\/93852\/revisions\/170406"}],"up":[{"embeddable":true,"href":"https:\/\/www.secowarwick.com\/pl\/wp-json\/wp\/v2\/pages\/84827"}],"wp:attachment":[{"href":"https:\/\/www.secowarwick.com\/pl\/wp-json\/wp\/v2\/media?parent=93852"}],"curies":[{"name":"wp","href":"https:\/\/api.w.org\/{rel}","templated":true}]}}