{"id":95753,"date":"2020-07-14T14:19:41","date_gmt":"2020-07-14T12:19:41","guid":{"rendered":"http:\/\/www.secowarwick.com\/?page_id=95753"},"modified":"2025-12-05T10:27:47","modified_gmt":"2025-12-05T09:27:47","slug":"pit-lpc-prozniowy-piec-wglebny-przeznaczony-do-naweglania-grubych-warstw-dla-duzych-detali","status":"publish","type":"page","link":"https:\/\/www.secowarwick.com\/pl\/produkty\/piece-prozniowe\/pit-lpc-prozniowy-piec-wglebny-przeznaczony-do-naweglania-grubych-warstw-dla-duzych-detali\/","title":{"rendered":"Pit-LPC \u2013 pr\u00f3\u017cniowy piec wg\u0142\u0119bny do naw\u0119glania grubych warstw dla masywnych lub pod\u0142u\u017cnych cz\u0119\u015bci"},"content":{"rendered":"<p>[et_pb_section fb_built=&#8221;1&#8243; _builder_version=&#8221;4.16&#8243; global_colors_info=&#8221;{}&#8221;][et_pb_row _builder_version=&#8221;4.16&#8243; background_size=&#8221;initial&#8221; background_position=&#8221;top_left&#8221; background_repeat=&#8221;repeat&#8221; global_colors_info=&#8221;{}&#8221;][et_pb_column type=&#8221;4_4&#8243; _builder_version=&#8221;4.16&#8243; custom_padding=&#8221;|||&#8221; global_colors_info=&#8221;{}&#8221; custom_padding__hover=&#8221;|||&#8221;][et_pb_image src=&#8221;https:\/\/www.secowarwick.com\/wp-content\/uploads\/2020\/09\/Pit-LPC-slider.jpg&#8221; alt=&#8221;Pit-LPC \u2013 pr\u00f3\u017cniowy piec wg\u0142\u0119bny przeznaczony do\u00a0naw\u0119glania grubych warstw dla du\u017cych detali&#8221; title_text=&#8221;Pit-LPC \u2013 pr\u00f3\u017cniowy piec wg\u0142\u0119bny przeznaczony do\u00a0naw\u0119glania grubych warstw dla du\u017cych detali&#8221; align_tablet=&#8221;center&#8221; align_phone=&#8221;&#8221; align_last_edited=&#8221;on|desktop&#8221; _builder_version=&#8221;4.16&#8243; global_colors_info=&#8221;{}&#8221;][\/et_pb_image][\/et_pb_column][\/et_pb_row][et_pb_row column_structure=&#8221;3_4,1_4&#8243; _builder_version=&#8221;4.16&#8243; global_colors_info=&#8221;{}&#8221;][et_pb_column type=&#8221;3_4&#8243; _builder_version=&#8221;4.16&#8243; custom_padding=&#8221;|||&#8221; global_colors_info=&#8221;{}&#8221; custom_padding__hover=&#8221;|||&#8221;][et_pb_breadcrumbs _builder_version=&#8221;3.6&#8243; global_colors_info=&#8221;{}&#8221;][\/et_pb_breadcrumbs][et_pb_text module_class=&#8221;podtytuly&#8221; _builder_version=&#8221;4.23.1&#8243; hover_enabled=&#8221;0&#8243; global_colors_info=&#8221;{}&#8221; sticky_enabled=&#8221;0&#8243;]<\/p>\n<h1>Piec wg\u0142\u0119bny do\u00a0naw\u0119glania pr\u00f3\u017cniowego grubych warstw dla masywnych lub pod\u0142u\u017cnych cz\u0119\u015bci &#8211; Pit-LPC<\/h1>\n<h2>Piece pr\u00f3\u017cniowe typu Pit do naw\u0119glania niskoci\u015bnieniowego (LPC).<\/h2>\n<p style=\"text-align: justify;\">Pit-LPC \u2013 alternatywa dla naw\u0119glania gazowego, kt\u00f3re osi\u0105gn\u0119\u0142o ju\u017c swoje maksymalne mo\u017cliwo\u015bci. Pit-LPC=redukcja koszt\u00f3w, dbanie o\u00a0ekologi\u0119, zwi\u0119kszenie produkcji, to\u00a0wszystko jest mo\u017cliwe przez\u00a0przeprowadzenie <a href=\"https:\/\/www.secowarwick.com\/pl\/produkty\/piece-prozniowe\/\">procesu w\u00a0pr\u00f3\u017cni<\/a> na\u00a0wy\u017cszych temperaturach.<br \/>Najnowsze rozwi\u0105zanie spe\u0142nia najwy\u017csze normy ekologiczne, a\u00a0tak\u017ce podnosi bezpiecze\u0144stwo pracy poprzez wyeliminowanie u\u017cywania palnej i\u00a0wybuchowej atmosfery. Wysoki poziom jednorodno\u015bci procesu ma\u00a0bezpo\u015bredni wp\u0142yw na\u00a0<strong>grubo\u015b\u0107 warstwy naw\u0119glonej<\/strong> a\u00a0co\u00a0za\u00a0tym idzie na\u00a0jako\u015b\u0107 obrabianego detalu.<\/p>\n<h3>Zobacz to\u00a0czego nie\u00a0widz\u0105 inni \u2013 zdob\u0105d\u017a przewag\u0119 rynkow\u0105 i\u00a0ekonomiczn\u0105<\/h3>\n<p><strong><span style=\"color: #ff0000;\">\/<\/span><\/strong> Obni\u017c koszty produkcji i\u00a0serwisu<\/p>\n<p><strong><span style=\"color: #ff0000;\">\/<\/span><\/strong> Oszcz\u0119d\u017a czas i\u00a0zwi\u0119ksz produktywno\u015b\u0107<\/p>\n<p><strong><span style=\"color: #ff0000;\">\/<\/span><\/strong> B\u0105d\u017a przyjazny \u015brodowisku dzi\u0119ki kr\u00f3tszemu procesowi<\/p>\n<p>[\/et_pb_text][et_pb_tabs module_class=&#8221;red-tabs eco-tab6&#8243; _builder_version=&#8221;4.23.1&#8243; custom_css_main_element=&#8221;margin-top: 2rem;||margin-bottom: 2rem;&#8221; global_colors_info=&#8221;{}&#8221;][et_pb_tab title=&#8221;Opis&#8221; _builder_version=&#8221;4.23.1&#8243; global_colors_info=&#8221;{}&#8221;]<\/p>\n<h2>Pit-LPC to:<\/h2>\n<p style=\"text-align: justify;\"><strong><span style=\"color: #ff0000;\">\/<\/span><\/strong> Urz\u0105dzenie dedykowane dla: producent\u00f3w naw\u0119glaj\u0105cych masywne lub pod\u0142u\u017cne elementy takie jak: <strong>ko\u0142a z\u0119bate<\/strong>, <strong>\u0142o\u017cyska<\/strong>, <strong>narz\u0119dzia wiertnicze<\/strong> oraz\u00a0innych element\u00f3w wymagaj\u0105cych grubych warstw naw\u0119glenia<br \/><strong><span style=\"color: #ff0000;\">\/<\/span><\/strong> Urz\u0105dzenie dla klient\u00f3w, kt\u00f3rzy\u00a0chc\u0105 zredukowa\u0107 koszty poprzez eliminacj\u0119 zb\u0119dnych medi\u00f3w<br \/><strong><span style=\"color: #ff0000;\">\/<\/span><\/strong> Urz\u0105dzenie dla firm, kt\u00f3re chc\u0105 zwi\u0119ksza\u0107 wydajno\u015b\u0107 produkcji jednocze\u015bnie dbaj\u0105c o\u00a0najwy\u017csze standardy ekologiczne.<br \/><strong><span style=\"color: #ff0000;\">\/<\/span><\/strong> Dla firm, kt\u00f3re chc\u0105 zwi\u0119kszy\u0107 produkcj\u0119 bez\u00a0konieczno\u015bci dokupowania dodatkowych urz\u0105dze\u0144 (1 Pit-LPC=3 piece atmosferowe) lub zaoszcz\u0119d\u017a miejsce produkcyjne zast\u0119puj\u0105c trzy urz\u0105dzenia jednym<br \/><strong><span style=\"color: #ff0000;\">\/<\/span><\/strong> Dopasowanie do\u00a0potrzeb klienta, dopasujemy nasz piec tak, aby bezproblemowo mo\u017cna by\u0142o go\u00a0zainstalowa\u0107 w\u00a0gnie\u017adzie pieca atmosferowego<\/p>\n<p>[\/et_pb_tab][et_pb_tab title=&#8221;Cechy&#8221; _builder_version=&#8221;4.23.1&#8243; global_colors_info=&#8221;{}&#8221;]<\/p>\n<h2>PIT LPC zapewnia m.in.:<\/h2>\n<p><strong><span style=\"color: #ff0000;\">\/<\/span><\/strong> Efektywne i\u00a0wydajne naw\u0119glanie<br \/><strong><span style=\"color: #ff0000;\">\/<\/span><\/strong> Oszcz\u0119dno\u015b\u0107 czasu<br \/><strong><span style=\"color: #ff0000;\">\/<\/span><\/strong> Oszcz\u0119dno\u015b\u0107 energii<br \/><strong><span style=\"color: #ff0000;\">\/<\/span><\/strong> Oszcz\u0119dno\u015b\u0107 miejsca<br \/><strong><span style=\"color: #ff0000;\">\/<\/span><\/strong> Wi\u0119ksze bezpiecze\u0144stwo u\u017cytkowania<\/p>\n<p lang=\"en-US\"><strong><span lang=\"pl-PL\">Pit-LPC spe\u0142nia najwy\u017csze normy ekologiczne.<\/span><\/strong><\/p>\n<p>[\/et_pb_tab][et_pb_tab title=&#8221;Zalety&#8221; _builder_version=&#8221;4.23.1&#8243; global_colors_info=&#8221;{}&#8221;]<\/p>\n<p><strong><span style=\"color: #e31300;\">\/<\/span><\/strong> Najwy\u017csza jako\u015b\u0107 i\u00a0jednorodno\u015b\u0107 procesu<br \/><strong><span style=\"color: #ff0000;\">\/<\/span><\/strong> Doskona\u0142a jako\u015b\u0107 powierzchni<br \/><strong><span lang=\"pl-PL\"><span style=\"color: #ff0000;\">\/ <\/span><\/span><\/strong><span lang=\"pl-PL\">Brak efektu utlenienia po\u00a0granicach ziaren (IGO)<\/span><span style=\"font-family: Trebuchet MS, serif;\"><span style=\"color: #0d0d0d;\"><span lang=\"pl-PL\"><br \/><\/span><\/span><\/span><span lang=\"pl-PL\"><strong><span style=\"color: #ff0000;\">\/<\/span><\/strong> Redukcja do\u00a0minimum niezb\u0119dnych medi\u00f3w = oszcz\u0119dno\u015b\u0107<\/span><br \/><strong><span style=\"color: #ff0000;\">\/ <\/span><\/strong>Szybki proces wysokotemperaturowy<br \/><strong><span style=\"color: #ff0000;\">\/<\/span><\/strong> Minimalna konsumpcja gaz\u00f3w procesowych<br \/><span lang=\"pl-PL\"><strong><span style=\"color: #ff0000;\">\/<\/span><\/strong> Szybka inicjacja procesu nie\u00a0wymagaj\u0105ca p\u0142ukania pieca gazem<\/span><br \/><span lang=\"pl-PL\"><strong><span style=\"color: #ff0000;\">\/<\/span><\/strong> Oszcz\u0119dno\u015b\u0107 czasu wynikaj\u0105ca z\u00a0braku konieczno\u015bci przygotowania atmosfery procesowej<\/span><br \/><span lang=\"pl-PL\"><strong><span style=\"color: #ff0000;\">\/<\/span><\/strong> Bezpiecze\u0144stwo=&gt; brak palnej i\u00a0wybuchowej atmosfery<\/span><br \/><span lang=\"pl-PL\"><strong><span style=\"color: #ff0000;\">\/ <\/span><\/strong>Niska emisja cieplna i\u00a0brak zanieczyszcze\u0144 (CO\u00a0&amp; CO2)<\/span><br \/><strong><span style=\"color: #ff0000;\">\/<\/span><\/strong> Czysty proces<br \/><strong><span style=\"color: #ff0000;\">\/<\/span><\/strong> ECO Friendly<\/p>\n<p>[\/et_pb_tab][et_pb_tab title=&#8221;Parametry&#8221; _builder_version=&#8221;4.16&#8243; global_colors_info=&#8221;{}&#8221;]<img decoding=\"async\" class=\"alignnone wp-image-99872 size-large\" src=\"https:\/\/www.secowarwick.com\/wp-content\/uploads\/2020\/07\/Piec-wg\u0142\u0119bny-pr\u00f3\u017cniowy-tabela-parametr\u00f3w-1-1024x698.png\" alt=\"Piec wg\u0142\u0119bny pr\u00f3\u017cniowy tabela parametr\u00f3w\" width=\"1024\" height=\"698\" srcset=\"https:\/\/www.secowarwick.com\/wp-content\/uploads\/2020\/07\/Piec-wg\u0142\u0119bny-pr\u00f3\u017cniowy-tabela-parametr\u00f3w-1-1024x698.png 1024w, https:\/\/www.secowarwick.com\/wp-content\/uploads\/2020\/07\/Piec-wg\u0142\u0119bny-pr\u00f3\u017cniowy-tabela-parametr\u00f3w-1-150x102.png 150w, https:\/\/www.secowarwick.com\/wp-content\/uploads\/2020\/07\/Piec-wg\u0142\u0119bny-pr\u00f3\u017cniowy-tabela-parametr\u00f3w-1-300x205.png 300w, https:\/\/www.secowarwick.com\/wp-content\/uploads\/2020\/07\/Piec-wg\u0142\u0119bny-pr\u00f3\u017cniowy-tabela-parametr\u00f3w-1-768x524.png 768w, https:\/\/www.secowarwick.com\/wp-content\/uploads\/2020\/07\/Piec-wg\u0142\u0119bny-pr\u00f3\u017cniowy-tabela-parametr\u00f3w-1-1080x737.png 1080w, https:\/\/www.secowarwick.com\/wp-content\/uploads\/2020\/07\/Piec-wg\u0142\u0119bny-pr\u00f3\u017cniowy-tabela-parametr\u00f3w-1.png 1535w\" sizes=\"(max-width: 1024px) 100vw, 1024px\" \/>[\/et_pb_tab][et_pb_tab title=&#8221;Materia\u0142y&#8221; _builder_version=&#8221;4.23.1&#8243; global_colors_info=&#8221;{}&#8221;]<\/p>\n<p lang=\"en-US\"><span lang=\"pl-PL\"><strong><span style=\"color: #ff0000;\">\/ <\/span><\/strong>Wszystkie stale do\u00a0naw\u0119glania<\/span><\/p>\n<p>[\/et_pb_tab][et_pb_tab title=&#8221;Przemys\u0142y&#8221; _builder_version=&#8221;4.23.1&#8243; global_colors_info=&#8221;{}&#8221;]<\/p>\n<p lang=\"en-US\"><span lang=\"pl-PL\"><strong><span style=\"color: #ff0000;\">\/<\/span><\/strong> Przemys\u0142 elektrowni wiatrowych<br \/><strong><span style=\"color: #ff0000;\">\/ <\/span><\/strong><\/span><span lang=\"pl-PL\">Przemys\u0142 ci\u0119\u017cki<br \/><strong><span style=\"color: #ff0000;\">\/ <\/span><\/strong><\/span><span lang=\"pl-PL\">Przemys\u0142 stoczniowy<br \/><strong><span style=\"color: #ff0000;\">\/ <\/span><\/strong><\/span><span lang=\"pl-PL\">Przemys\u0142 kolejowy<br \/><strong><span style=\"color: #ff0000;\">\/ <\/span><\/strong><\/span><span lang=\"pl-PL\">Przemys\u0142 wydobywczy<\/span><\/p>\n<p>[\/et_pb_tab][et_pb_tab title=&#8221; &#8221; _builder_version=&#8221;4.23.1&#8243; _module_preset=&#8221;default&#8221; global_colors_info=&#8221;{}&#8221;]<\/p>\n<h2>Zielona alternatywa dla naw\u0119glania atmosferowego:<\/h2>\n<p><strong><span style=\"color: #dc291e;\">\/ <\/span><\/strong>Znacz\u0105ce (nawet 5 krotne) skr\u00f3cenie casu naw\u0119glania skutkuj\u0105ce zmniejszeniem koszt\u00f3w i&nbsp;energoch\u0142onno\u015bci<br \/><strong><span style=\"color: #dc291e;\">\/ <\/span><\/strong>Zero emisji CO\u2082<br \/><strong><span style=\"color: #dc291e;\">\/ <\/span><\/strong>Brak utlenienia mi\u0119dzykrystalicznego (IGO)<br \/><strong><span style=\"color: #dc291e;\">\/ <\/span><\/strong>Niskie straty cieplne oszcz\u0119dzaj\u0105ce energi\u0119 elektryczn\u0105<br \/><strong><span style=\"color: #dc291e;\">\/ <\/span><\/strong>Bezpieczna eksploatacja, brak palnej i&nbsp;wybuchowej atmosfery<br \/><strong><span style=\"color: #dc291e;\">\/ <\/span><\/strong>Elastyczno\u015b\u0107 operacyjna, praca na&nbsp;\u017c\u0105danie, brak pracy ja\u0142owej<br \/><strong><span style=\"color: #dc291e;\">\/ <\/span><\/strong>Minimalne zu\u017cycie gaz\u00f3w naw\u0119glaj\u0105cych<br \/><strong><span style=\"color: #dc291e;\">\/ <\/span><\/strong>Niska emisja ciep\u0142a i&nbsp;produkt\u00f3w ubocznych<\/p>\n<p>[\/et_pb_tab][\/et_pb_tabs][et_pb_code _builder_version=&#8221;4.10.3&#8243; _module_preset=&#8221;default&#8221; global_module=&#8221;123769&#8243; saved_tabs=&#8221;all&#8221; global_colors_info=&#8221;{}&#8221;]<!-- [et_pb_line_break_holder] --><pee style=\"text-align: center;\"><a class=\"small-button smallred\" style=\"font-size: 20px; padding: 20px 60px;\" href=\"https:\/\/www.secowarwick.com\/pl\/zapytaj-o-oferte\/\"><span style=\"display: block; transform: skew(15deg,0deg); -webkit-transform: skew(15deg,0deg); font-size: 20px; !important\">ZAPYTAJ O OFERT\u0118<\/span><\/a><\/pee>[\/et_pb_code][\/et_pb_column][et_pb_column type=&#8221;1_4&#8243; _builder_version=&#8221;4.16&#8243; custom_padding=&#8221;|||&#8221; global_colors_info=&#8221;{}&#8221; custom_padding__hover=&#8221;|||&#8221;][et_pb_gallery gallery_ids=&#8221;103085,103092,103099&#8243; posts_number=&#8221;1&#8243; show_title_and_caption=&#8221;off&#8221; show_pagination=&#8221;off&#8221; zoom_icon_color=&#8221;#e2001a&#8221; module_class=&#8221;seco-products-gallery-new&#8221; _builder_version=&#8221;4.16&#8243; custom_css_overlay_icon=&#8221;content:&#8217;ZOBACZ GALERI\u0118&#8217; !important;&#8221; global_colors_info=&#8221;{}&#8221;][\/et_pb_gallery][et_pb_text admin_label=&#8221;btn_pl_premiumlibrary&#8221; module_class=&#8221;premium-library-button&#8221; _builder_version=&#8221;4.23.1&#8243; _module_preset=&#8221;default&#8221; text_orientation=&#8221;center&#8221; global_module=&#8221;157169&#8243; saved_tabs=&#8221;all&#8221; locked=&#8221;off&#8221; global_colors_info=&#8221;{}&#8221;]<\/p>\n<a href='https:\/\/www.secowarwick.com\/pl\/trescipremium\/' class='small-button smallred'><span>TRE\u015aCI PREMIUM<\/span><\/a>\n<p>[\/et_pb_text][et_pb_text admin_label=&#8221;R&#038;D PL&#8221; module_class=&#8221;product_widget_wrap_rd&#8221; _builder_version=&#8221;4.23.1&#8243; _module_preset=&#8221;default&#8221; text_orientation=&#8221;center&#8221; global_module=&#8221;165497&#8243; saved_tabs=&#8221;all&#8221; locked=&#8221;off&#8221; global_colors_info=&#8221;{}&#8221;]<\/p>\n<p><a href=\"https:\/\/www.secowarwick.com\/pl\/rd\/\"><span class=\"product_wigtet_name\">R&amp;D<\/span><\/a><\/p>\n<p>[\/et_pb_text][et_pb_text admin_label=&#8221;AUTOMATYKA PL&#8221; module_class=&#8221;product_widget_wrap_automation&#8221; _builder_version=&#8221;4.23.1&#8243; _module_preset=&#8221;default&#8221; global_module=&#8221;165495&#8243; saved_tabs=&#8221;all&#8221; locked=&#8221;off&#8221; global_colors_info=&#8221;{}&#8221;]<\/p>\n<p><a href=\"https:\/\/www.secowarwick.com\/pl\/service\/automatyka\/\"><span class=\"product_wigtet_name\">AUTOMATYKA<\/span><\/a><\/p>\n<p>[\/et_pb_text][et_pb_text admin_label=&#8221;SERVICE PL&#8221; module_class=&#8221;product_widget_wrap_service&#8221; _builder_version=&#8221;4.23.1&#8243; _module_preset=&#8221;default&#8221; global_module=&#8221;165500&#8243; saved_tabs=&#8221;all&#8221; locked=&#8221;off&#8221; global_colors_info=&#8221;{}&#8221;]<\/p>\n<p><a href=\"https:\/\/www.secowarwick.com\/pl\/profesjonalne-uslugi-serwisowe\/\"><span class=\"product_wigtet_name\">SERWIS<\/span><\/a><\/p>\n<p>[\/et_pb_text][et_pb_text admin_label=&#8221;SUPLEMENTALS PL&#8221; module_class=&#8221;product_widget_wrap_supleme&#8221; _builder_version=&#8221;4.23.1&#8243; _module_preset=&#8221;default&#8221; global_module=&#8221;165502&#8243; saved_tabs=&#8221;all&#8221; locked=&#8221;off&#8221; global_colors_info=&#8221;{}&#8221;]<\/p>\n<p><span class=\"product_wigtet_name\">DODATKOWE:<\/span><\/p>\n<p>[\/et_pb_text][et_pb_text admin_label=&#8221;Product brochure&#8221; module_class=&#8221;suplementals_product_brochure suplementals_wrap&#8221; _builder_version=&#8221;4.23.1&#8243; _module_preset=&#8221;default&#8221; locked=&#8221;off&#8221; global_colors_info=&#8221;{}&#8221;]<\/p>\n<p><a href=\"https:\/\/www.secowarwick.com\/wp-content\/uploads\/2025\/10\/VAC-Pit-LPC-WWW.pdf\" target=\"_blank\" rel=\"noopener\">Broszura produktu<\/a><\/p>\n<p>[\/et_pb_text][et_pb_text admin_label=&#8221;Katalog produkt\u00f3w vac pl&#8221; module_class=&#8221;suplementals_product_catalogue suplementals_wrap&#8221; _builder_version=&#8221;4.23.1&#8243; _module_preset=&#8221;default&#8221; global_module=&#8221;169522&#8243; saved_tabs=&#8221;all&#8221; locked=&#8221;off&#8221; global_colors_info=&#8221;{}&#8221;]<\/p>\n<p><a href=\"https:\/\/www.secowarwick.com\/wp-content\/uploads\/2025\/11\/VAC-VACUUM-FURNACE-WWW.pdf\" target=\"_blank\" rel=\"noopener\">Katalog produkt\u00f3w<\/a><\/p>\n<p>[\/et_pb_text][et_pb_text admin_label=&#8221;Product infographic&#8221; module_class=&#8221;suplementals_product_infographic suplementals_wrap&#8221; _builder_version=&#8221;4.23.1&#8243; _module_preset=&#8221;default&#8221; locked=&#8221;off&#8221; global_colors_info=&#8221;{}&#8221;]<\/p>\n<p><a href=\"https:\/\/www.secowarwick.com\/wp-content\/uploads\/2023\/06\/PIT-LPC.jpg\" target=\"_blank\" rel=\"noopener\">Infografika produktu<\/a><\/p>\n<p>[\/et_pb_text][et_pb_text admin_label=&#8221;Product movie playlista&#8221; module_class=&#8221;suplementals_product_movie suplementals_wrap&#8221; _builder_version=&#8221;4.23.1&#8243; _module_preset=&#8221;default&#8221; global_module=&#8221;169535&#8243; saved_tabs=&#8221;all&#8221; locked=&#8221;off&#8221; global_colors_info=&#8221;{}&#8221;]<\/p>\n<p><a href=\"https:\/\/www.youtube.com\/playlist?list=PLa0hhW_hoQqEsIHM5LQtr9h_9UlwGFBO8\" target=\"_blank\" rel=\"noopener\">Film produktowy<\/a><\/p>\n<p>[\/et_pb_text][et_pb_text admin_label=&#8221;dnabook-pl&#8221; module_class=&#8221;suplementals_product_dna suplementals_wrap&#8221; _builder_version=&#8221;4.23.1&#8243; _module_preset=&#8221;default&#8221; global_module=&#8221;165509&#8243; saved_tabs=&#8221;all&#8221; locked=&#8221;off&#8221; global_colors_info=&#8221;{}&#8221;]<\/p>\n<p><a href=\"https:\/\/www.secowarwick.com\/wp-content\/uploads\/2025\/07\/DNA_BOOK.pdf\" target=\"_blank\" rel=\"noopener\">DNA\/BOOK<\/a><\/p>\n<p>[\/et_pb_text][et_pb_text admin_label=&#8221;ECO\/BOOK-pl&#8221; module_class=&#8221;suplementals_product_eco suplementals_wrap&#8221; _builder_version=&#8221;4.23.1&#8243; _module_preset=&#8221;default&#8221; global_module=&#8221;165511&#8243; saved_tabs=&#8221;all&#8221; locked=&#8221;off&#8221; global_colors_info=&#8221;{}&#8221;]<\/p>\n<p><a href=\"https:\/\/www.secowarwick.com\/wp-content\/uploads\/2023\/06\/ECOBOOK-2-1.pdf\" target=\"_blank\" rel=\"noopener\">ECO\/BOOK<\/a><\/p>\n<p>[\/et_pb_text][et_pb_text admin_label=&#8221;RFQ product widget pl&#8221; module_class=&#8221;product_widget_wrap_rfq-en&#8221; _builder_version=&#8221;4.23.1&#8243; _module_preset=&#8221;default&#8221; global_module=&#8221;186180&#8243; saved_tabs=&#8221;all&#8221; locked=&#8221;off&#8221; global_colors_info=&#8221;{}&#8221;]<\/p>\n<p style=\"text-align: center;\"><a class=\"small-button smallred rfq-gtm-product-widget\" href=\"https:\/\/www.secowarwick.com\/pl\/zapytaj-o-oferte\/\"><span class=\"product_wigtet_name\">ZAPYTAJ O&nbsp;OFERT\u0118<\/span><\/a><\/p>\n<p>[\/et_pb_text][\/et_pb_column][\/et_pb_row][\/et_pb_section]<\/p>\n","protected":false},"excerpt":{"rendered":"<p>[et_pb_breadcrumbs _builder_version=&#8221;3.6&#8243; global_colors_info=&#8221;{}&#8221;][\/et_pb_breadcrumbs]Piec wg\u0142\u0119bny do\u00a0naw\u0119glania pr\u00f3\u017cniowego grubych warstw dla masywnych lub pod\u0142u\u017cnych cz\u0119\u015bci &#8211; Pit-LPC Piece pr\u00f3\u017cniowe typu Pit do naw\u0119glania niskoci\u015bnieniowego (LPC). Pit-LPC \u2013 alternatywa dla naw\u0119glania gazowego, kt\u00f3re osi\u0105gn\u0119\u0142o ju\u017c swoje maksymalne mo\u017cliwo\u015bci. Pit-LPC=redukcja koszt\u00f3w, dbanie o\u00a0ekologi\u0119, zwi\u0119kszenie produkcji, to\u00a0wszystko jest mo\u017cliwe przez\u00a0przeprowadzenie procesu w\u00a0pr\u00f3\u017cni na\u00a0wy\u017cszych temperaturach.Najnowsze rozwi\u0105zanie spe\u0142nia najwy\u017csze normy ekologiczne, a\u00a0tak\u017ce [&hellip;]<\/p>\n","protected":false},"author":2,"featured_media":104298,"parent":7225,"menu_order":0,"comment_status":"closed","ping_status":"closed","template":"","meta":{"_acf_changed":false,"_et_pb_use_builder":"on","_et_pb_old_content":"","_et_gb_content_width":"","footnotes":""},"class_list":["post-95753","page","type-page","status-publish","has-post-thumbnail"],"acf":[],"_links":{"self":[{"href":"https:\/\/www.secowarwick.com\/pl\/wp-json\/wp\/v2\/pages\/95753","targetHints":{"allow":["GET"]}}],"collection":[{"href":"https:\/\/www.secowarwick.com\/pl\/wp-json\/wp\/v2\/pages"}],"about":[{"href":"https:\/\/www.secowarwick.com\/pl\/wp-json\/wp\/v2\/types\/page"}],"author":[{"embeddable":true,"href":"https:\/\/www.secowarwick.com\/pl\/wp-json\/wp\/v2\/users\/2"}],"replies":[{"embeddable":true,"href":"https:\/\/www.secowarwick.com\/pl\/wp-json\/wp\/v2\/comments?post=95753"}],"version-history":[{"count":26,"href":"https:\/\/www.secowarwick.com\/pl\/wp-json\/wp\/v2\/pages\/95753\/revisions"}],"predecessor-version":[{"id":188206,"href":"https:\/\/www.secowarwick.com\/pl\/wp-json\/wp\/v2\/pages\/95753\/revisions\/188206"}],"up":[{"embeddable":true,"href":"https:\/\/www.secowarwick.com\/pl\/wp-json\/wp\/v2\/pages\/7225"}],"wp:featuredmedia":[{"embeddable":true,"href":"https:\/\/www.secowarwick.com\/pl\/wp-json\/wp\/v2\/media\/104298"}],"wp:attachment":[{"href":"https:\/\/www.secowarwick.com\/pl\/wp-json\/wp\/v2\/media?parent=95753"}],"curies":[{"name":"wp","href":"https:\/\/api.w.org\/{rel}","templated":true}]}}