{"id":99833,"date":"2020-07-13T11:13:16","date_gmt":"2020-07-13T09:13:16","guid":{"rendered":"http:\/\/www.secowarwick.com\/profesjonalne-uslugi-serwisowe\/maintenance\/"},"modified":"2025-10-09T07:17:43","modified_gmt":"2025-10-09T05:17:43","slug":"konserwacja-i-utrzymanie","status":"publish","type":"page","link":"https:\/\/www.secowarwick.com\/pl\/profesjonalne-uslugi-serwisowe\/konserwacja-i-utrzymanie\/","title":{"rendered":"Konserwacja i utrzymanie"},"content":{"rendered":"<p>[et_pb_section fb_built=&#8221;1&#8243; module_class=&#8221;skos-slider-bottom innowacje-top serwis-naglowek-2025&#8243; _builder_version=&#8221;4.23.1&#8243; background_enable_image=&#8221;off&#8221; custom_padding=&#8221;0px||0px|&#8221; locked=&#8221;off&#8221; global_colors_info=&#8221;{}&#8221;][et_pb_row _builder_version=&#8221;4.23.1&#8243; custom_padding=&#8221;0px||0px|&#8221; global_colors_info=&#8221;{}&#8221;][et_pb_column type=&#8221;4_4&#8243; _builder_version=&#8221;4.16&#8243; custom_padding=&#8221;|||&#8221; global_colors_info=&#8221;{}&#8221; custom_padding__hover=&#8221;|||&#8221;][et_pb_text module_class=&#8221;naglowek-innowacje&#8221; _builder_version=&#8221;4.23.1&#8243; header_2_text_color=&#8221;#ffffff&#8221; header_2_font_size=&#8221;35px&#8221; custom_margin=&#8221;||||false|false&#8221; custom_padding_tablet=&#8221;||100px|&#8221; custom_padding_last_edited=&#8221;off|desktop&#8221; global_colors_info=&#8221;{}&#8221;]<\/p>\n<h2><span style=\"color: #000000;\"><span style=\"color: #dc291e;\">\/<\/span>KONSERWACJA I&nbsp;UTRZYMANIE<\/span><\/h2>\n<p>[\/et_pb_text][\/et_pb_column][\/et_pb_row][\/et_pb_section][et_pb_section fb_built=&#8221;1&#8243; _builder_version=&#8221;4.23.1&#8243; custom_margin=&#8221;0px||0px|&#8221; custom_padding=&#8221;0px||||false|false&#8221; global_colors_info=&#8221;{}&#8221;][et_pb_row column_structure=&#8221;2_3,1_3&#8243; use_custom_gutter=&#8221;on&#8221; gutter_width=&#8221;2&#8243; _builder_version=&#8221;4.23.1&#8243; background_size=&#8221;initial&#8221; background_position=&#8221;top_left&#8221; background_repeat=&#8221;repeat&#8221; custom_margin=&#8221;||||false|false&#8221; custom_padding=&#8221;||||false|false&#8221; global_colors_info=&#8221;{}&#8221;][et_pb_column type=&#8221;2_3&#8243; _builder_version=&#8221;4.16&#8243; custom_padding=&#8221;|||&#8221; global_colors_info=&#8221;{}&#8221; custom_padding__hover=&#8221;|||&#8221;][et_pb_breadcrumbs _builder_version=&#8221;3.6&#8243; global_colors_info=&#8221;{}&#8221;][\/et_pb_breadcrumbs][et_pb_text _builder_version=&#8221;4.23.1&#8243; custom_margin=&#8221;||||false|false&#8221; custom_padding=&#8221;||||false|false&#8221; global_colors_info=&#8221;{}&#8221;]<\/p>\n<h1>KONSERWACJA I\u00a0UTRZYMANIE<\/h1>\n<p>[\/et_pb_text][\/et_pb_column][et_pb_column type=&#8221;1_3&#8243; _builder_version=&#8221;4.16&#8243; custom_padding=&#8221;|||&#8221; global_colors_info=&#8221;{}&#8221; custom_padding__hover=&#8221;|||&#8221;][\/et_pb_column][\/et_pb_row][et_pb_row column_structure=&#8221;3_4,1_4&#8243; _builder_version=&#8221;4.23.1&#8243; background_size=&#8221;initial&#8221; background_position=&#8221;top_left&#8221; background_repeat=&#8221;repeat&#8221; custom_margin=&#8221;||||false|false&#8221; custom_padding=&#8221;0px||||false|false&#8221; global_colors_info=&#8221;{}&#8221;][et_pb_column type=&#8221;3_4&#8243; _builder_version=&#8221;4.16&#8243; custom_padding=&#8221;|||&#8221; global_colors_info=&#8221;{}&#8221; custom_padding__hover=&#8221;|||&#8221;][et_pb_text _builder_version=&#8221;4.23.1&#8243; custom_margin=&#8221;||||false|false&#8221; custom_padding=&#8221;||||false|false&#8221; global_colors_info=&#8221;{}&#8221;]<\/p>\n<p>Skutecznie wspieramy klient\u00f3w podnosz\u0105c poziom niezawodno\u015bci i\u00a0dost\u0119pno\u015bci istniej\u0105cego parku maszynowego oferuj\u0105c doskonale dopasowane do\u00a0specyfiki pracy us\u0142ugi utrzymania ruchu. W\u00a0ofercie \u00a0SECO\/WARWICK znajduje si\u0119 ca\u0142y wachlarz mo\u017cliwych opcji:<\/p>\n<p>[\/et_pb_text][et_pb_text _builder_version=&#8221;4.23.1&#8243; header_2_font=&#8221;|||on|||||&#8221; text_orientation=&#8221;justified&#8221; global_colors_info=&#8221;{}&#8221;]<\/p>\n<p><strong><span style=\"color: #dc291e;\">\/<\/span>Serwis Awaryjny<\/strong><\/p>\n<p>To&nbsp;gwarancja natychmiastowej reakcji na\u00a0ka\u017cde zdarzenie. Ten rodzaj us\u0142ugi wspieramy ca\u0142odobowym zdalnym nadzorem oraz\u00a0krytyczn\u0105 \u015bcie\u017ck\u0105 dost\u0119pu do\u00a0cz\u0119\u015bci zamiennych.<\/p>\n<p><strong><span style=\"color: #dc291e;\">\/<\/span>Serwis Predykcyjny (<a href=\"https:\/\/www.secowarwick.com\/pl\/profesjonalne-uslugi-serwisowe\/seco-predictive\/\">SECO\/PREDICTIVE<\/a>)<\/strong><\/p>\n<p>Czyli zaawansowane algorytmy Industry 4.0 w\u00a0przemy\u015ble. Program zbierania, analizy i\u00a0przewidywania potencjalnych awarii przed\u00a0ich wyst\u0105pieniem. Ca\u0142o\u015b\u0107 dostarczona w\u00a0chmurze klienta, z\u00a0najwy\u017cszym priorytetem bezpiecze\u0144stwa danych.<\/p>\n<p><strong><span style=\"color: #dc291e;\">\/<\/span><\/strong><strong>Serwis Prewencyjny<\/strong><\/p>\n<p>Dzia\u0142ania oparte na\u00a0kalendarzu przegl\u0105d\u00f3w oraz\u00a0czasookresach pracy, obejmuj\u0105ce podsystemy oraz\u00a0poszeczg\u00f3lne elementy wyposa\u017cenia piec\u00f3w.<\/p>\n<p>[\/et_pb_text][\/et_pb_column][et_pb_column type=&#8221;1_4&#8243; _builder_version=&#8221;4.16&#8243; custom_padding=&#8221;|||&#8221; global_colors_info=&#8221;{}&#8221; custom_padding__hover=&#8221;|||&#8221;][et_pb_text admin_label=&#8221;btn_pl_premiumlibrary&#8221; module_class=&#8221;premium-library-button&#8221; _builder_version=&#8221;4.23.1&#8243; _module_preset=&#8221;default&#8221; text_orientation=&#8221;center&#8221; global_module=&#8221;157169&#8243; saved_tabs=&#8221;all&#8221; locked=&#8221;off&#8221; global_colors_info=&#8221;{}&#8221;]<\/p>\n<a href='https:\/\/www.secowarwick.com\/pl\/trescipremium\/' class='small-button smallred'><span>TRE\u015aCI PREMIUM<\/span><\/a>\n<p>[\/et_pb_text][et_pb_text admin_label=&#8221;R&#038;D PL&#8221; module_class=&#8221;product_widget_wrap_rd&#8221; _builder_version=&#8221;4.23.1&#8243; _module_preset=&#8221;default&#8221; text_orientation=&#8221;center&#8221; global_module=&#8221;165497&#8243; saved_tabs=&#8221;all&#8221; locked=&#8221;off&#8221; global_colors_info=&#8221;{}&#8221;]<\/p>\n<p><a href=\"https:\/\/www.secowarwick.com\/pl\/rd\/\"><span class=\"product_wigtet_name\">R&amp;D<\/span><\/a><\/p>\n<p>[\/et_pb_text][et_pb_text admin_label=&#8221;AUTOMATYKA PL&#8221; module_class=&#8221;product_widget_wrap_automation&#8221; _builder_version=&#8221;4.23.1&#8243; _module_preset=&#8221;default&#8221; global_module=&#8221;165495&#8243; saved_tabs=&#8221;all&#8221; locked=&#8221;off&#8221; global_colors_info=&#8221;{}&#8221;]<\/p>\n<p><a href=\"https:\/\/www.secowarwick.com\/pl\/service\/automatyka\/\"><span class=\"product_wigtet_name\">AUTOMATYKA<\/span><\/a><\/p>\n<p>[\/et_pb_text][et_pb_text admin_label=&#8221;PRODUKTY pl&#8221; module_class=&#8221;product_widget_wrap_products&#8221; _builder_version=&#8221;4.23.1&#8243; _module_preset=&#8221;default&#8221; global_module=&#8221;178154&#8243; saved_tabs=&#8221;all&#8221; locked=&#8221;off&#8221; global_colors_info=&#8221;{}&#8221;]<\/p>\n<p><a href=\"https:\/\/www.secowarwick.com\/pl\/produkty\/\" target=\"_blank\" rel=\"noopener\"><span class=\"product_wigtet_name\">PRODUKTY<\/span><\/a><\/p>\n<p>[\/et_pb_text][et_pb_text admin_label=&#8221;SUPLEMENTALS PL&#8221; module_class=&#8221;product_widget_wrap_supleme&#8221; _builder_version=&#8221;4.23.1&#8243; _module_preset=&#8221;default&#8221; global_module=&#8221;165502&#8243; saved_tabs=&#8221;all&#8221; locked=&#8221;off&#8221; global_colors_info=&#8221;{}&#8221;]<\/p>\n<p><span class=\"product_wigtet_name\">DODATKOWE:<\/span><\/p>\n<p>[\/et_pb_text][et_pb_text admin_label=&#8221;Product brochure&#8221; module_class=&#8221;suplementals_product_brochure suplementals_wrap&#8221; _builder_version=&#8221;4.23.1&#8243; _module_preset=&#8221;default&#8221; locked=&#8221;off&#8221; global_colors_info=&#8221;{}&#8221;]<\/p>\n<p><a href=\"https:\/\/www.secowarwick.com\/wp-content\/uploads\/2025\/09\/Profesjonalne_uslugi_serwisowe.pdf\" target=\"_blank\" rel=\"noopener\">Broszura produktu<\/a><\/p>\n<p>[\/et_pb_text][et_pb_text admin_label=&#8221;Product brochure&#8221; module_class=&#8221;suplementals_product_brochure suplementals_wrap&#8221; _builder_version=&#8221;4.23.1&#8243; _module_preset=&#8221;default&#8221; locked=&#8221;off&#8221; global_colors_info=&#8221;{}&#8221;]<\/p>\n<p><a href=\"https:\/\/www.secowarwick.com\/wp-content\/uploads\/2020\/07\/2020_THE-FUTURE-OF-MAINTENANCE_PL.pdf\" target=\"_blank\" rel=\"noopener\">Broszura produktu<\/a><\/p>\n<p>[\/et_pb_text][et_pb_text admin_label=&#8221;dnabook-pl&#8221; module_class=&#8221;suplementals_product_dna suplementals_wrap&#8221; _builder_version=&#8221;4.23.1&#8243; _module_preset=&#8221;default&#8221; global_module=&#8221;165509&#8243; saved_tabs=&#8221;all&#8221; locked=&#8221;off&#8221; global_colors_info=&#8221;{}&#8221;]<\/p>\n<p><a href=\"https:\/\/www.secowarwick.com\/wp-content\/uploads\/2025\/07\/DNA_BOOK.pdf\" target=\"_blank\" rel=\"noopener\">DNA\/BOOK<\/a><\/p>\n<p>[\/et_pb_text][et_pb_text admin_label=&#8221;ECO\/BOOK-pl&#8221; module_class=&#8221;suplementals_product_eco suplementals_wrap&#8221; _builder_version=&#8221;4.23.1&#8243; _module_preset=&#8221;default&#8221; global_module=&#8221;165511&#8243; saved_tabs=&#8221;all&#8221; locked=&#8221;off&#8221; global_colors_info=&#8221;{}&#8221;]<\/p>\n<p><a href=\"https:\/\/www.secowarwick.com\/wp-content\/uploads\/2023\/06\/ECOBOOK-2-1.pdf\" target=\"_blank\" rel=\"noopener\">ECO\/BOOK<\/a><\/p>\n<p>[\/et_pb_text][\/et_pb_column][\/et_pb_row][\/et_pb_section][et_pb_section fb_built=&#8221;1&#8243; _builder_version=&#8221;4.16&#8243; background_color=&#8221;#f9f9f9&#8243; global_colors_info=&#8221;{}&#8221;][et_pb_row column_structure=&#8221;1_2,1_2&#8243; _builder_version=&#8221;4.16&#8243; background_size=&#8221;initial&#8221; background_position=&#8221;top_left&#8221; background_repeat=&#8221;repeat&#8221; global_colors_info=&#8221;{}&#8221;][et_pb_column type=&#8221;1_2&#8243; _builder_version=&#8221;4.16&#8243; custom_padding=&#8221;|||&#8221; global_colors_info=&#8221;{}&#8221; custom_padding__hover=&#8221;|||&#8221;][et_pb_image src=&#8221;https:\/\/www.secowarwick.com\/wp-content\/uploads\/2020\/07\/maintenance-1.jpg&#8221; alt=&#8221;Umowa serwisowa&#8221; align_tablet=&#8221;center&#8221; align_phone=&#8221;center&#8221; align_last_edited=&#8221;on|desktop&#8221; _builder_version=&#8221;4.23.1&#8243; global_colors_info=&#8221;{}&#8221;][\/et_pb_image][\/et_pb_column][et_pb_column type=&#8221;1_2&#8243; _builder_version=&#8221;4.16&#8243; custom_padding=&#8221;|||&#8221; global_colors_info=&#8221;{}&#8221; custom_padding__hover=&#8221;|||&#8221;][et_pb_text _builder_version=&#8221;4.23.1&#8243; header_2_font=&#8221;|||on|||||&#8221; text_orientation=&#8221;justified&#8221; global_colors_info=&#8221;{}&#8221;]<\/p>\n<p><strong><span style=\"color: #dc291e;\">\/<\/span>Umowa Serwisowa<\/strong><\/p>\n<p>Umowy okresowe, zgodnie z\u00a0kt\u00f3rymi nasi pracownicy zapewniaj\u0105 dost\u0119pno\u015b\u0107 urz\u0105dzenia na\u00a0okre\u015blonym poziomie. Ca\u0142o\u015b\u0107 dokumentowana i\u00a0raportowana z\u00a0u\u017cyciem wska\u017anik\u00f3w OEE.<\/p>\n<p><strong><span style=\"color: #dc291e;\">\/<\/span>Inspekcje Okresowe (sprawdzenie stanu aktualnego)<\/strong><\/p>\n<p>Jednorazowe us\u0142ugi na\u00a0\u017c\u0105danie, przegl\u0105dy okresowe, pomoc w\u00a0uruchomieniu po\u00a0postoju, weryfiakcja ustawie\u0144, regulacja punkt\u00f3w pracy.<\/p>\n<p><strong><span style=\"color: #dc291e;\">\/<\/span>Inspekcje Bezpiecze\u0144stwa<\/strong><\/p>\n<p>Przegl\u0105dy urz\u0105dze\u0144 pod\u00a0k\u0105tem bezpiecze\u0144stwa, ryzyk oraz\u00a0ich skutk\u00f3w. Procedury oparte na\u00a0mi\u0119dzynarodowych standardach FMEA.<\/p>\n<p>[\/et_pb_text][\/et_pb_column][\/et_pb_row][\/et_pb_section][et_pb_section fb_built=&#8221;1&#8243; _builder_version=&#8221;4.16&#8243; global_colors_info=&#8221;{}&#8221;][et_pb_row column_structure=&#8221;1_2,1_2&#8243; _builder_version=&#8221;4.16&#8243; background_size=&#8221;initial&#8221; background_position=&#8221;top_left&#8221; background_repeat=&#8221;repeat&#8221; global_colors_info=&#8221;{}&#8221;][et_pb_column type=&#8221;1_2&#8243; _builder_version=&#8221;4.16&#8243; custom_padding=&#8221;|||&#8221; global_colors_info=&#8221;{}&#8221; custom_padding__hover=&#8221;|||&#8221;][et_pb_text _builder_version=&#8221;4.23.1&#8243; header_2_font=&#8221;|||on|||||&#8221; text_orientation=&#8221;justified&#8221; global_colors_info=&#8221;{}&#8221;]<\/p>\n<p><strong><span style=\"color: #dc291e;\">\/<\/span>Testy Szczelno\u015bci, Wykrywanie Nieszczelno\u015bci<\/strong><\/p>\n<p>Ukierunkowane prace zwi\u0105zane z\u00a0wyszukiwaniem nieszczelno\u015bci oraz\u00a0ich likwidacji. Przeszkolony personel wyposa\u017cony w\u00a0odpowiedni sprz\u0119t i\u00a0do\u015bwiadczenie.<\/p>\n<p><strong><span style=\"color: #dc291e;\">\/<\/span>Optymalizacja Wydajno\u015bci Pracy<\/strong><\/p>\n<p>Analiza, przedstawienie propozycji oraz\u00a0regulacja \/ wyposa\u017cenie urz\u0105dze\u0144 w\u00a0elementy optymalizuj\u0105ce zu\u017cycie czynnik\u00f3w energetycznych: wody, gazu, energii elektrycznej, inne.<\/p>\n<p><strong><span style=\"color: #dc291e;\">\/<\/span>Testy TUS i&nbsp;SAT<\/strong><\/p>\n<p>Pomoc lub przej\u0119cie odpowiedzialno\u015bci za\u00a0testy rozk\u0142adu temperatury i\u00a0\/ lub zgodno\u015bci z\u00a0normami przemys\u0142owymi sektor\u00f3w automotive \/ aerospace dla urz\u0105dze\u0144 obr\u00f3bki cieplnej.<\/p>\n<p>&nbsp;<\/p>\n<p>Poznaj nasze <a href=\"https:\/\/www.secowarwick.com\/pl\/profesjonalne-uslugi-serwisowe\/\">us\u0142ugi serwisowe urz\u0105dze\u0144 do\u00a0obr\u00f3bki cieplnej metali<\/a> &#8211; zapraszamy.<\/p>\n<p>[\/et_pb_text][\/et_pb_column][et_pb_column type=&#8221;1_2&#8243; _builder_version=&#8221;4.16&#8243; custom_padding=&#8221;|||&#8221; global_colors_info=&#8221;{}&#8221; custom_padding__hover=&#8221;|||&#8221;][et_pb_image src=&#8221;https:\/\/www.secowarwick.com\/wp-content\/uploads\/2020\/07\/desktop.jpg&#8221; alt=&#8221;Badanie szczelno\u015bci&#8221; align=&#8221;center&#8221; align_tablet=&#8221;center&#8221; align_phone=&#8221;center&#8221; align_last_edited=&#8221;on|desktop&#8221; _builder_version=&#8221;4.23.1&#8243; global_colors_info=&#8221;{}&#8221;][\/et_pb_image][\/et_pb_column][\/et_pb_row][et_pb_row module_class=&#8221;secoservice-faq-wiersz&#8221; _builder_version=&#8221;4.19.2&#8243; _module_preset=&#8221;default&#8221; locked=&#8221;off&#8221; global_colors_info=&#8221;{}&#8221;][et_pb_column type=&#8221;4_4&#8243; _builder_version=&#8221;4.19.2&#8243; _module_preset=&#8221;default&#8221; global_colors_info=&#8221;{}&#8221;][dipl_faq_page_schema closed_toggle_icon=&#8221;&#x4c;||divi||400&#8243; closed_icon_color=&#8221;#000000&#8243; closed_use_icon_font_size=&#8221;on&#8221; closed_icon_font_size=&#8221;24px&#8221; open_toggle_icon=&#8221;&#x4c;||divi||400&#8243; open_icon_color=&#8221;RGBA(255,255,255,0)&#8221; open_use_icon_font_size=&#8221;on&#8221; open_icon_font_size=&#8221;24px&#8221; closed_toggle_bg_color=&#8221;rgba(244,244,244,0)&#8221; open_toggle_bg_color=&#8221;rgba(255,255,255,0)&#8221; module_class=&#8221;secoservice-faq red-hash-list-parent faq-center-background&#8221; _builder_version=&#8221;4.23.1&#8243; _module_preset=&#8221;default&#8221; faq_heading_font=&#8221;TitilliumWeb Black|900|||||||&#8221; faq_question_closed_font=&#8221;TitilliumWeb Black||||||||&#8221; faq_question_closed_font_size=&#8221;26px&#8221; faq_answer_text_font=&#8221;Titillium Web||||||||&#8221; faq_answer_text_font_size=&#8221;24px&#8221; animation_style=&#8221;slide&#8221; animation_direction=&#8221;bottom&#8221; hover_enabled=&#8221;0&#8243; faq_question_closed_font_size_tablet=&#8221;26px&#8221; faq_question_closed_font_size_phone=&#8221;20px&#8221; faq_question_closed_font_size_last_edited=&#8221;on|phone&#8221; faq_answer_text_font_size_tablet=&#8221;24px&#8221; faq_answer_text_font_size_phone=&#8221;16px&#8221; faq_answer_text_font_size_last_edited=&#8221;on|phone&#8221; border_width_all=&#8221;0px&#8221; border_width_right=&#8221;0px&#8221; border_width_left=&#8221;0px&#8221; global_colors_info=&#8221;{}&#8221; sticky_enabled=&#8221;0&#8243;][dipl_faq_page_schema_item faq_question=&#8221;Na czym polega konserwacja piec\u00f3w przemys\u0142owych?&#8221; _builder_version=&#8221;4.23.1&#8243; _module_preset=&#8221;default&#8221; question_heading_level=&#8221;h1&#8243; question_heading_font=&#8221;|800|||||||&#8221; hover_enabled=&#8221;0&#8243; global_colors_info=&#8221;{}&#8221; sticky_enabled=&#8221;0&#8243;]<\/p>\n<p>Konserwacja obejmuje regularne przegl\u0105dy techniczne piec\u00f3w przemys\u0142owych, wymian\u0119 zu\u017cytych komponent\u00f3w oraz kalibracj\u0119 system\u00f3w, co zapewnia niezawodno\u015b\u0107 i bezpiecze\u0144stwo pracy urz\u0105dze\u0144.<\/p>\n<p>[\/dipl_faq_page_schema_item][dipl_faq_page_schema_item faq_question=&#8221;Jakie korzy\u015bci daj\u0105 regularne przegl\u0105dy piec\u00f3w przemys\u0142owych?&#8221; _builder_version=&#8221;4.23.1&#8243; _module_preset=&#8221;default&#8221; question_heading_level=&#8221;h1&#8243; question_heading_font=&#8221;|800|||||||&#8221; hover_enabled=&#8221;0&#8243; global_colors_info=&#8221;{}&#8221; sticky_enabled=&#8221;0&#8243;]<\/p>\n<p>Regularne przegl\u0105dy to zmniejszenie ryzyka awarii, wyd\u0142u\u017cenie \u017cywotno\u015b\u0107 urz\u0105dzenia i brak kosztownych przestoj\u00f3w produkcyjnych.<\/p>\n<p>[\/dipl_faq_page_schema_item][dipl_faq_page_schema_item faq_question=&#8221;Jak cz\u0119sto nale\u017cy przeprowadza\u0107 konserwacj\u0119 czy przegl\u0105d urz\u0105dzenia?&#8221; _builder_version=&#8221;4.23.1&#8243; _module_preset=&#8221;default&#8221; question_heading_level=&#8221;h1&#8243; question_heading_font=&#8221;|800|||||||&#8221; hover_enabled=&#8221;0&#8243; global_colors_info=&#8221;{}&#8221; sticky_enabled=&#8221;0&#8243;]<\/p>\n<p>Cz\u0119stotliwo\u015b\u0107 konserwacji zale\u017cy od rodzaju urz\u0105dzenia i intensywno\u015bci jego eksploatacji. SECO\/WARWICK oferuje indywidualne harmonogramy serwisowe dopasowane do potrzeb klienta.<\/p>\n<p>[\/dipl_faq_page_schema_item][dipl_faq_page_schema_item faq_question=&#8221;Czy SECO\/WARWICK oferuje konserwacj\u0119 prewencyjn\u0105?&#8221; _builder_version=&#8221;4.23.1&#8243; _module_preset=&#8221;default&#8221; question_heading_level=&#8221;h1&#8243; question_heading_font=&#8221;|800|||||||&#8221; hover_enabled=&#8221;0&#8243; global_colors_info=&#8221;{}&#8221; sticky_enabled=&#8221;0&#8243;]<\/p>\n<p>Tak,\u00a0 oferujemy konserwacj\u0119 prewencyjn\u0105, kt\u00f3ra pozwala wykry\u0107 potencjalne problemy zanim wp\u0142yn\u0105 na dzia\u0142anie urz\u0105dzenia.<\/p>\n<p>[\/dipl_faq_page_schema_item][\/dipl_faq_page_schema][\/et_pb_column][\/et_pb_row][\/et_pb_section][et_pb_section fb_built=&#8221;1&#8243; module_class=&#8221;secoservice-sekcja-button-find&#8221; _builder_version=&#8221;4.19.2&#8243; _module_preset=&#8221;default&#8221; custom_padding=&#8221;0px||0px||false|false&#8221; global_module=&#8221;177836&#8243; saved_tabs=&#8221;all&#8221; locked=&#8221;off&#8221; global_colors_info=&#8221;{}&#8221;][et_pb_row _builder_version=&#8221;4.19.2&#8243; _module_preset=&#8221;default&#8221; custom_padding=&#8221;0px||0px||false|false&#8221; global_colors_info=&#8221;{}&#8221;][et_pb_column type=&#8221;4_4&#8243; _builder_version=&#8221;4.19.2&#8243; _module_preset=&#8221;default&#8221; global_colors_info=&#8221;{}&#8221;][et_pb_code admin_label=&#8221;znajdz swoj serwis button &#8221; module_class=&#8221;secoservice-znajdz-swoj-service&#8221; _builder_version=&#8221;4.23.1&#8243; _module_preset=&#8221;default&#8221; custom_css_free_form=&#8221;.seco-rfq-button {||  display: none !important;||}&#8221; global_colors_info=&#8221;{}&#8221;]<a href=\"https:\/\/www.secowarwick.com\/pl\/service\/\"><img decoding=\"async\" src=\"https:\/\/www.secowarwick.com\/wp-content\/uploads\/2023\/09\/secoservice-znajdz-swoj-serwis-1.svg\" alt=\"Znajd\u017a sw\u00f3j serwis\"><\/a>[\/et_pb_code][\/et_pb_column][\/et_pb_row][\/et_pb_section]<\/p>\n","protected":false},"excerpt":{"rendered":"<p>\/KONSERWACJA I&nbsp;UTRZYMANIE[et_pb_breadcrumbs _builder_version=&#8221;3.6&#8243; global_colors_info=&#8221;{}&#8221;][\/et_pb_breadcrumbs]KONSERWACJA I\u00a0UTRZYMANIESkutecznie wspieramy klient\u00f3w podnosz\u0105c poziom niezawodno\u015bci i\u00a0dost\u0119pno\u015bci istniej\u0105cego parku maszynowego oferuj\u0105c doskonale dopasowane do\u00a0specyfiki pracy us\u0142ugi utrzymania ruchu. W\u00a0ofercie \u00a0SECO\/WARWICK znajduje si\u0119 ca\u0142y wachlarz mo\u017cliwych opcji:\/Serwis Awaryjny To&nbsp;gwarancja natychmiastowej reakcji na\u00a0ka\u017cde zdarzenie. Ten rodzaj us\u0142ugi wspieramy ca\u0142odobowym zdalnym nadzorem oraz\u00a0krytyczn\u0105 \u015bcie\u017ck\u0105 dost\u0119pu do\u00a0cz\u0119\u015bci zamiennych. \/Serwis Predykcyjny (SECO\/PREDICTIVE) Czyli zaawansowane algorytmy Industry [&hellip;]<\/p>\n","protected":false},"author":2,"featured_media":0,"parent":53793,"menu_order":0,"comment_status":"closed","ping_status":"closed","template":"","meta":{"_acf_changed":false,"_et_pb_use_builder":"on","_et_pb_old_content":"","_et_gb_content_width":"","footnotes":""},"class_list":["post-99833","page","type-page","status-publish"],"acf":[],"_links":{"self":[{"href":"https:\/\/www.secowarwick.com\/pl\/wp-json\/wp\/v2\/pages\/99833","targetHints":{"allow":["GET"]}}],"collection":[{"href":"https:\/\/www.secowarwick.com\/pl\/wp-json\/wp\/v2\/pages"}],"about":[{"href":"https:\/\/www.secowarwick.com\/pl\/wp-json\/wp\/v2\/types\/page"}],"author":[{"embeddable":true,"href":"https:\/\/www.secowarwick.com\/pl\/wp-json\/wp\/v2\/users\/2"}],"replies":[{"embeddable":true,"href":"https:\/\/www.secowarwick.com\/pl\/wp-json\/wp\/v2\/comments?post=99833"}],"version-history":[{"count":17,"href":"https:\/\/www.secowarwick.com\/pl\/wp-json\/wp\/v2\/pages\/99833\/revisions"}],"predecessor-version":[{"id":184863,"href":"https:\/\/www.secowarwick.com\/pl\/wp-json\/wp\/v2\/pages\/99833\/revisions\/184863"}],"up":[{"embeddable":true,"href":"https:\/\/www.secowarwick.com\/pl\/wp-json\/wp\/v2\/pages\/53793"}],"wp:attachment":[{"href":"https:\/\/www.secowarwick.com\/pl\/wp-json\/wp\/v2\/media?parent=99833"}],"curies":[{"name":"wp","href":"https:\/\/api.w.org\/{rel}","templated":true}]}}