{"id":147645,"date":"2023-10-23T06:49:16","date_gmt":"2023-10-23T04:49:16","guid":{"rendered":"https:\/\/www.secowarwick.com\/?page_id=147645"},"modified":"2023-10-23T07:31:57","modified_gmt":"2023-10-23T05:31:57","slug":"%d1%8d%d0%ba%d0%be%d0%bd%d0%be%d0%bc%d0%b8%d1%87%d0%b5%d1%81%d0%ba%d0%b0%d1%8f-%d0%bf%d1%80%d0%b5%d0%bc%d0%b8%d1%8f-2023","status":"publish","type":"page","link":"https:\/\/www.secowarwick.com\/ru\/%d0%ba%d0%be%d0%bc%d0%bf%d0%b0%d0%bd%d0%b8%d1%8f\/%d0%bd%d0%b0%d0%b3%d1%80%d0%b0%d0%b4%d1%8b\/%d1%8d%d0%ba%d0%be%d0%bd%d0%be%d0%bc%d0%b8%d1%87%d0%b5%d1%81%d0%ba%d0%b0%d1%8f-%d0%bf%d1%80%d0%b5%d0%bc%d0%b8%d1%8f-2023\/","title":{"rendered":"\u042d\u043a\u043e\u043d\u043e\u043c\u0438\u0447\u0435\u0441\u043a\u0430\u044f \u043f\u0440\u0435\u043c\u0438\u044f"},"content":{"rendered":"<p>[et_pb_section fb_built=&#187;1&#8243; _builder_version=&#187;4.16&#8243; global_colors_info=&#187;{}&#187;][et_pb_row _builder_version=&#187;4.16&#8243; background_size=&#187;initial&#187; background_position=&#187;top_left&#187; background_repeat=&#187;repeat&#187; global_colors_info=&#187;{}&#187;][et_pb_column type=&#187;4_4&#8243; _builder_version=&#187;4.16&#8243; custom_padding=&#187;|||&#187; global_colors_info=&#187;{}&#187; custom_padding__hover=&#187;|||&#187;][et_pb_text _builder_version=&#187;4.19.2&#8243; background_size=&#187;initial&#187; background_position=&#187;top_left&#187; background_repeat=&#187;repeat&#187; global_colors_info=&#187;{}&#187;]<\/p>\n<h3>\u0412 \u0447\u0435\u0442\u0432\u0435\u0440\u0433, 5 \u043e\u043a\u0442\u044f\u0431\u0440\u044f, \u0432 \u0422\u0435\u0430\u0442\u0440\u0435 \u041b\u044e\u0431\u0443\u0441\u043a\u043e\u043c \u0441\u043e\u0441\u0442\u043e\u044f\u043b\u0430\u0441\u044c \u0446\u0435\u0440\u0435\u043c\u043e\u043d\u0438\u044f \u0432\u0440\u0443\u0447\u0435\u043d\u0438\u044f \u042d\u043a\u043e\u043d\u043e\u043c\u0438\u0447\u0435\u0441\u043a\u0438\u0445 \u043f\u0440\u0435\u043c\u0438\u0439 \u041c\u0430\u0440\u0448\u0430\u043b\u0430 \u0412\u043e\u0435\u0432\u043e\u0434\u0441\u0442\u0432\u0430 \u041b\u044e\u0431\u0443\u0448\u0441\u043a\u043e\u0433\u043e. \u0413\u0430\u043b\u0430-\u0446\u0435\u0440\u0435\u043c\u043e\u043d\u0438\u044f \u0441\u0442\u0430\u043b\u0430 \u043a\u0443\u043b\u044c\u043c\u0438\u043d\u0430\u0446\u0438\u0435\u0439 \u0441\u0430\u043c\u043e\u0433\u043e \u0432\u0430\u0436\u043d\u043e\u0433\u043e \u044d\u043a\u043e\u043d\u043e\u043c\u0438\u0447\u0435\u0441\u043a\u043e\u0433\u043e \u0441\u043e\u0431\u044b\u0442\u0438\u044f \u0433\u043e\u0434\u0430 \u0432 \u0440\u0435\u0433\u0438\u043e\u043d\u0435 \u2013 <strong>\u041a\u043e\u043d\u0433\u0440\u0435\u0441\u0441\u0430 \u043f\u043e \u044d\u043a\u043e\u043d\u043e\u043c\u0438\u0447\u0435\u0441\u043a\u0438\u043c \u0432\u043e\u043f\u0440\u043e\u0441\u0430\u043c \u041b\u044e\u0431\u0443\u0448\u0441\u043a\u043e\u0433\u043e \u0440\u0435\u0433\u0438\u043e\u043d\u0430 2023<\/strong>.<br \/><strong><\/strong><\/h3>\n<p>&nbsp;<\/p>\n<p>&nbsp;<\/p>\n<p><img decoding=\"async\" class=\"wp-image-147629 size-large aligncenter\" src=\"https:\/\/www.secowarwick.com\/wp-content\/uploads\/2023\/10\/nagroda-gospodarcza-1024x567.jpg\" alt=\"Innowacyjne Du\u017ce Przedsi\u0119biorstwo\" width=\"1024\" height=\"567\" srcset=\"https:\/\/www.secowarwick.com\/wp-content\/uploads\/2023\/10\/nagroda-gospodarcza-1024x567.jpg 1024w, https:\/\/www.secowarwick.com\/wp-content\/uploads\/2023\/10\/nagroda-gospodarcza-980x543.jpg 980w, https:\/\/www.secowarwick.com\/wp-content\/uploads\/2023\/10\/nagroda-gospodarcza-480x266.jpg 480w\" sizes=\"(min-width: 0px) and (max-width: 480px) 480px, (min-width: 481px) and (max-width: 980px) 980px, (min-width: 981px) 1024px, 100vw\" \/><\/p>\n<div class=\"flex-1 overflow-hidden\">\n<div class=\"react-scroll-to-bottom--css-rqlkw-79elbk h-full dark:bg-gray-800\">\n<div class=\"react-scroll-to-bottom--css-rqlkw-1n7m0yu\">\n<div class=\"flex flex-col text-sm dark:bg-gray-800\">\n<div class=\"group final-completion w-full text-token-text-primary border-b border-black\/10 gizmo:border-0 dark:border-gray-900\/50 gizmo:dark:border-0 bg-gray-50 gizmo:bg-transparent dark:bg-[#444654] gizmo:dark:bg-transparent\" data-testid=\"conversation-turn-17\">\n<div class=\"p-4 justify-center text-base md:gap-6 md:py-6 m-auto\">\n<div class=\"flex flex-1 gap-4 text-base mx-auto md:gap-6 gizmo:gap-3 gizmo:md:px-5 gizmo:lg:px-1 gizmo:xl:px-5 md:max-w-2xl lg:max-w-[38rem] gizmo:md:max-w-3xl gizmo:lg:max-w-[40rem] gizmo:xl:max-w-[48rem] xl:max-w-3xl }\">\n<div class=\"relative flex w-[calc(100%-50px)] flex-col gizmo:w-full lg:w-[calc(100%-115px)] agent-turn\">\n<div class=\"flex-col gap-1 md:gap-3\">\n<div class=\"flex flex-grow flex-col gap-3 max-w-full\">\n<div class=\"min-h-[20px] flex flex-col items-start gap-3 whitespace-pre-wrap break-words overflow-x-auto\">\n<div class=\"markdown prose w-full break-words dark:prose-invert light\">\n<p>\u0421 \u043e\u0433\u0440\u043e\u043c\u043d\u043e\u0439 \u0440\u0430\u0434\u043e\u0441\u0442\u044c\u044e \u0441\u043e\u043e\u0431\u0449\u0430\u0435\u043c, \u0447\u0442\u043e \u043a\u043e\u043c\u0430\u043d\u0434\u0430 <strong>SECO\/WARWICK \u0443\u0447\u0430\u0441\u0442\u0432\u043e\u0432\u0430\u043b\u0430 \u0432 \u043a\u043e\u043d\u043a\u0443\u0440\u0441\u0435 \u0437\u0430 \u043d\u0430\u0433\u0440\u0430\u0434\u0443 \u0432 \u043d\u043e\u043c\u0438\u043d\u0430\u0446\u0438\u0438 &#171;\u0418\u043d\u043d\u043e\u0432\u0430\u0446\u0438\u043e\u043d\u043d\u043e\u0435 \u043a\u0440\u0443\u043f\u043d\u043e\u0435 \u043f\u0440\u0435\u0434\u043f\u0440\u0438\u044f\u0442\u0438\u0435&#187; \u0438 \u0437\u0430\u043d\u044f\u043b\u0430 \u0432\u0442\u043e\u0440\u043e\u0435 \u043c\u0435\u0441\u0442\u043e!<\/strong><\/p>\n<p>\u0428\u0435\u0441\u0442\u0430\u044f \u0435\u0436\u0435\u0433\u043e\u0434\u043d\u0430\u044f \u043f\u0440\u0435\u043c\u0438\u044f, \u0441\u043d\u043e\u0432\u0430 \u043e\u0440\u0433\u0430\u043d\u0438\u0437\u043e\u0432\u0430\u043d\u043d\u0430\u044f \u0441\u043e\u0432\u043c\u0435\u0441\u0442\u043d\u043e \u0441 \u0411\u0430\u043d\u043a\u043e\u043c \u041a\u0440\u0430\u0435\u0432\u043e\u0433\u043e \u0425\u043e\u0437\u044f\u0439\u0441\u0442\u0432\u0430 \u0432 \u0440\u0435\u0433\u0438\u043e\u043d\u0435 \u041b\u044e\u0431\u0443\u0448, \u0438\u043c\u0435\u043b\u0430 \u0446\u0435\u043b\u044c\u044e \u043d\u0430\u0433\u0440\u0430\u0434\u0438\u0442\u044c \u0438 \u043f\u0440\u043e\u0434\u0432\u0438\u0433\u0430\u0442\u044c \u0438\u043d\u043d\u043e\u0432\u0430\u0446\u0438\u043e\u043d\u043d\u044b\u0435 \u043a\u043e\u043c\u043f\u0430\u043d\u0438\u0438, \u043f\u0440\u043e\u0434\u0443\u043a\u0442\u044b, \u0442\u0435\u0445\u043d\u043e\u043b\u043e\u0433\u0438\u0438 \u0438 \u0443\u0441\u043b\u0443\u0433\u0438, \u0430 \u0442\u0430\u043a\u0436\u0435 \u0434\u0440\u0443\u0433\u0438\u0435 \u0441\u043e\u0432\u0440\u0435\u043c\u0435\u043d\u043d\u044b\u0435 \u0440\u0435\u0448\u0435\u043d\u0438\u044f, \u0432\u043b\u0438\u044f\u044e\u0449\u0438\u0435 \u043d\u0430 \u0441\u043e\u0446\u0438\u0430\u043b\u044c\u043d\u043e-\u044d\u043a\u043e\u043d\u043e\u043c\u0438\u0447\u0435\u0441\u043a\u043e\u0435 \u0440\u0430\u0437\u0432\u0438\u0442\u0438\u0435 \u0412\u043e\u0435\u0432\u043e\u0434\u0441\u0442\u0432\u0430 \u041b\u044e\u0431\u0443\u0448. \u0412 \u044d\u0442\u043e\u043c \u0433\u043e\u0434\u0443 \u043f\u0440\u0435\u043c\u0438\u0438 \u0432\u0440\u0443\u0447\u0430\u043b\u0438\u0441\u044c \u0432 \u0447\u0435\u0442\u044b\u0440\u0435\u0445 \u043a\u0430\u0442\u0435\u0433\u043e\u0440\u0438\u044f\u0445: \u0438\u043d\u043d\u043e\u0432\u0430\u0446\u0438\u043e\u043d\u043d\u044b\u0435 \u043c\u0438\u043a\u0440\u043e-, \u043c\u0430\u043b\u044b\u0435, \u0441\u0440\u0435\u0434\u043d\u0438\u0435 \u0438 \u043a\u0440\u0443\u043f\u043d\u044b\u0435 \u043f\u0440\u0435\u0434\u043f\u0440\u0438\u044f\u0442\u0438\u044f, \u0438 \u0443\u0447\u0430\u0441\u0442\u0432\u043e\u0432\u0430\u0442\u044c \u043c\u043e\u0433\u043b\u0438 \u0432\u0441\u0435 \u043a\u043e\u043c\u043f\u0430\u043d\u0438\u0438 \u041b\u044e\u0431\u0443\u0448\u0441\u043a\u043e\u0433\u043e \u0432\u043e\u0435\u0432\u043e\u0434\u0441\u0442\u0432\u0430.<\/p>\n<p>\u042d\u0442\u043e \u0434\u043b\u044f \u043d\u0430\u0441 \u043e\u0447\u0435\u043d\u044c \u0432\u0430\u0436\u043d\u043e\u0435 \u043f\u0440\u0438\u0437\u043d\u0430\u043d\u0438\u0435, \u043f\u043e\u0431\u0443\u0436\u0434\u0430\u044e\u0449\u0435\u0435 \u043d\u0430\u0441 \u043a \u0435\u0449\u0435 \u0431\u043e\u043b\u0435\u0435 \u0442\u0449\u0430\u0442\u0435\u043b\u044c\u043d\u043e\u0439 \u0440\u0430\u0431\u043e\u0442\u0435, \u043a \u043f\u043e\u0438\u0441\u043a\u0443 \u043d\u043e\u0432\u044b\u0445 \u043f\u0443\u0442\u0435\u0439 \u0440\u0430\u0437\u0432\u0438\u0442\u0438\u044f, \u043d\u043e\u0432\u044b\u0445 \u0438\u043d\u043d\u043e\u0432\u0430\u0446\u0438\u0439 \u0438 \u0442\u0435\u0445\u043d\u043e\u043b\u043e\u0433\u0438\u0439. \u041d\u0435 \u0442\u043e\u043b\u044c\u043a\u043e \u043d\u0430 \u043b\u043e\u043a\u0430\u043b\u044c\u043d\u043e\u043c \u0440\u044b\u043d\u043a\u0435, \u043d\u043e \u0438 \u043d\u0430 \u043c\u0438\u0440\u043e\u0432\u043e\u0439 \u0430\u0440\u0435\u043d\u0435.<\/p>\n<\/div>\n<\/div>\n<\/div>\n<\/div>\n<\/div>\n<\/div>\n<\/div>\n<\/div>\n<\/div>\n<\/div>\n<\/div>\n<\/div>\n<p>[\/et_pb_text][\/et_pb_column][\/et_pb_row][\/et_pb_section]<\/p>\n","protected":false},"excerpt":{"rendered":"<p>\u0412 \u0447\u0435\u0442\u0432\u0435\u0440\u0433, 5 \u043e\u043a\u0442\u044f\u0431\u0440\u044f, \u0432 \u0422\u0435\u0430\u0442\u0440\u0435 \u041b\u044e\u0431\u0443\u0441\u043a\u043e\u043c \u0441\u043e\u0441\u0442\u043e\u044f\u043b\u0430\u0441\u044c \u0446\u0435\u0440\u0435\u043c\u043e\u043d\u0438\u044f \u0432\u0440\u0443\u0447\u0435\u043d\u0438\u044f \u042d\u043a\u043e\u043d\u043e\u043c\u0438\u0447\u0435\u0441\u043a\u0438\u0445 \u043f\u0440\u0435\u043c\u0438\u0439 \u041c\u0430\u0440\u0448\u0430\u043b\u0430 \u0412\u043e\u0435\u0432\u043e\u0434\u0441\u0442\u0432\u0430 \u041b\u044e\u0431\u0443\u0448\u0441\u043a\u043e\u0433\u043e. \u0413\u0430\u043b\u0430-\u0446\u0435\u0440\u0435\u043c\u043e\u043d\u0438\u044f \u0441\u0442\u0430\u043b\u0430 \u043a\u0443\u043b\u044c\u043c\u0438\u043d\u0430\u0446\u0438\u0435\u0439 \u0441\u0430\u043c\u043e\u0433\u043e \u0432\u0430\u0436\u043d\u043e\u0433\u043e \u044d\u043a\u043e\u043d\u043e\u043c\u0438\u0447\u0435\u0441\u043a\u043e\u0433\u043e \u0441\u043e\u0431\u044b\u0442\u0438\u044f \u0433\u043e\u0434\u0430 \u0432 \u0440\u0435\u0433\u0438\u043e\u043d\u0435 \u2013 \u041a\u043e\u043d\u0433\u0440\u0435\u0441\u0441\u0430 \u043f\u043e \u044d\u043a\u043e\u043d\u043e\u043c\u0438\u0447\u0435\u0441\u043a\u0438\u043c \u0432\u043e\u043f\u0440\u043e\u0441\u0430\u043c \u041b\u044e\u0431\u0443\u0448\u0441\u043a\u043e\u0433\u043e \u0440\u0435\u0433\u0438\u043e\u043d\u0430 2023. &nbsp; &nbsp; \u0421 \u043e\u0433\u0440\u043e\u043c\u043d\u043e\u0439 \u0440\u0430\u0434\u043e\u0441\u0442\u044c\u044e \u0441\u043e\u043e\u0431\u0449\u0430\u0435\u043c, \u0447\u0442\u043e \u043a\u043e\u043c\u0430\u043d\u0434\u0430 SECO\/WARWICK \u0443\u0447\u0430\u0441\u0442\u0432\u043e\u0432\u0430\u043b\u0430 \u0432 \u043a\u043e\u043d\u043a\u0443\u0440\u0441\u0435 \u0437\u0430 \u043d\u0430\u0433\u0440\u0430\u0434\u0443 \u0432 \u043d\u043e\u043c\u0438\u043d\u0430\u0446\u0438\u0438 &#171;\u0418\u043d\u043d\u043e\u0432\u0430\u0446\u0438\u043e\u043d\u043d\u043e\u0435 \u043a\u0440\u0443\u043f\u043d\u043e\u0435 \u043f\u0440\u0435\u0434\u043f\u0440\u0438\u044f\u0442\u0438\u0435&#187; \u0438 \u0437\u0430\u043d\u044f\u043b\u0430 \u0432\u0442\u043e\u0440\u043e\u0435 [&hellip;]<\/p>\n","protected":false},"author":2,"featured_media":147634,"parent":6719,"menu_order":0,"comment_status":"closed","ping_status":"closed","template":"","meta":{"_acf_changed":false,"_et_pb_use_builder":"on","_et_pb_old_content":"<h3>W czwartek, 5 pa\u017adziernika, w Teatrze Lubuskim, wr\u0119czono\u202fNagrody Gospodarcze Marsza\u0142ka Wojew\u00f3dztwa Lubuskiego.\u202fGala wr\u0119czenia nagr\u00f3d by\u0142a fina\u0142em najwa\u017cniejszego gospodarczego wydarzenia roku w regionie \u2013 <strong>Kongresu Gospodarczego Lubuskie 2023.<\/strong><\/h3><p><img class=\"wp-image-147629 size-large aligncenter\" src=\"https:\/\/www.secowarwick.com\/wp-content\/uploads\/2023\/10\/nagroda-gospodarcza-1024x567.jpg\" alt=\"Innowacyjne Du\u017ce Przedsi\u0119biorstwo\" width=\"1024\" height=\"567\" \/><\/p><p>Z ogromn\u0105 rado\u015bci\u0105 og\u0142aszamy, \u017ce Dru\u017cyna SECO\/WARWICK walczy\u0142a konkursie o <strong>nagrod\u0119 w kategorii \"Innowacyjne Du\u017ce Przedsi\u0119biorstwo\" i zaj\u0119\u0142a miejsce na podium, tj. drugie miejsce!<\/strong><\/p><p>Sz\u00f3sta edycja konkursu, po raz kolejny organizowana we wsp\u00f3\u0142pracy z\u202fBankiem Gospodarstwa Krajowego Region Lubuski, mia\u0142a na celu nagrodzenie i promocj\u0119 innowacyjnych firm, produkt\u00f3w, technologii i us\u0142ug, a tak\u017ce innych nowoczesnych rozwi\u0105za\u0144 wp\u0142ywaj\u0105cych na rozw\u00f3j spo\u0142eczno-gospodarczy Wojew\u00f3dztwa Lubuskiego. W tym roku nagrody by\u0142y przyznawane w 4 kategoriach: innowacyjne mikro, ma\u0142e, \u015brednie oraz du\u017ce przedsi\u0119biorstwo, a startowa\u0107 mog\u0142y wszystkie firmy z wojew\u00f3dztwa lubuskiego.<\/p><p><span class=\"TextRun SCXW40671914 BCX0\" lang=\"PL-PL\" xml:lang=\"PL-PL\" data-contrast=\"auto\"><span class=\"NormalTextRun SCXW40671914 BCX0\">To dla nas bardzo wa\u017cne wyr\u00f3\u017cnienie, kt\u00f3re nap\u0119dza nas do jeszcze lepszej pracy, poszukiwania nowych \u015bcie\u017cek rozwoju, nowych innowacji i technologii. Nie tylko na rynku lokalnym, ale tak\u017ce na arenie mi\u0119dzynarodowej.<\/span><\/span><span class=\"EOP SCXW40671914 BCX0\" data-ccp-props=\"{\"201341983\":0,\"335559739\":0,\"335559740\":240}\">\u00a0<\/span><\/p>","_et_gb_content_width":"","footnotes":""},"class_list":["post-147645","page","type-page","status-publish","has-post-thumbnail"],"acf":[],"_links":{"self":[{"href":"https:\/\/www.secowarwick.com\/ru\/wp-json\/wp\/v2\/pages\/147645","targetHints":{"allow":["GET"]}}],"collection":[{"href":"https:\/\/www.secowarwick.com\/ru\/wp-json\/wp\/v2\/pages"}],"about":[{"href":"https:\/\/www.secowarwick.com\/ru\/wp-json\/wp\/v2\/types\/page"}],"author":[{"embeddable":true,"href":"https:\/\/www.secowarwick.com\/ru\/wp-json\/wp\/v2\/users\/2"}],"replies":[{"embeddable":true,"href":"https:\/\/www.secowarwick.com\/ru\/wp-json\/wp\/v2\/comments?post=147645"}],"version-history":[{"count":7,"href":"https:\/\/www.secowarwick.com\/ru\/wp-json\/wp\/v2\/pages\/147645\/revisions"}],"predecessor-version":[{"id":147666,"href":"https:\/\/www.secowarwick.com\/ru\/wp-json\/wp\/v2\/pages\/147645\/revisions\/147666"}],"up":[{"embeddable":true,"href":"https:\/\/www.secowarwick.com\/ru\/wp-json\/wp\/v2\/pages\/6719"}],"wp:featuredmedia":[{"embeddable":true,"href":"https:\/\/www.secowarwick.com\/ru\/wp-json\/wp\/v2\/media\/147634"}],"wp:attachment":[{"href":"https:\/\/www.secowarwick.com\/ru\/wp-json\/wp\/v2\/media?parent=147645"}],"curies":[{"name":"wp","href":"https:\/\/api.w.org\/{rel}","templated":true}]}}