{"id":157992,"date":"2024-04-19T07:30:17","date_gmt":"2024-04-19T05:30:17","guid":{"rendered":"https:\/\/www.secowarwick.com\/zbiornik-buforowy-helu\/"},"modified":"2024-05-13T08:37:21","modified_gmt":"2024-05-13T06:37:21","slug":"zbiornik-buforowy-helu","status":"publish","type":"page","link":"https:\/\/www.secowarwick.com\/ru\/zbiornik-buforowy-helu\/","title":{"rendered":"Zbiornik buforowy Helu V=3000 l [3m3] z agregatem spr\u0119\u017carkowym oraz separatorem kondensatu"},"content":{"rendered":"<p>[et_pb_section fb_built=&#187;1&#8243; admin_label=&#187;section&#187; _builder_version=&#187;4.23.1&#8243; custom_padding=&#187;||||false|false&#187; hover_enabled=&#187;0&#8243; transparent_background=&#187;off&#187; make_fullwidth=&#187;off&#187; use_custom_width=&#187;off&#187; width_unit=&#187;on&#187; global_colors_info=&#187;{}&#187; sticky_enabled=&#187;0&#8243;][et_pb_row column_structure=&#187;1_2,1_2&#8243; admin_label=&#187;row&#187; _builder_version=&#187;4.16&#8243; background_size=&#187;initial&#187; background_position=&#187;top_left&#187; background_repeat=&#187;repeat&#187; custom_padding=&#187;0px|||&#187; make_fullwidth=&#187;off&#187; use_custom_width=&#187;off&#187; width_unit=&#187;on&#187; global_colors_info=&#187;{}&#187;][et_pb_column type=&#187;1_2&#8243; _builder_version=&#187;4.16&#8243; custom_padding=&#187;|||&#187; global_colors_info=&#187;{}&#187; custom_padding__hover=&#187;|||&#187;][et_pb_text module_class=&#187;red-square-list-parent&#187; _builder_version=&#187;4.23.1&#8243; background_size=&#187;initial&#187; background_position=&#187;top_left&#187; background_repeat=&#187;repeat&#187; hover_enabled=&#187;0&#8243; use_border_color=&#187;off&#187; global_colors_info=&#187;{}&#187; sticky_enabled=&#187;0&#8243;]<\/p>\n<p>Zbiornik Buforowy helu wraz z agregatem spr\u0119\u017carkowym \u00a0i separatorem kondensatu<\/p>\n<h3>Informacje og\u00f3lne:<\/h3>\n<p><span style=\"color: #ff0000;\">\/\u00a0<\/span>Producent SECO\/WARWICK<br \/><span style=\"color: #ff0000;\">\/\u00a0<\/span>Rok produkcji 2009<br \/><span style=\"color: #ff0000;\">\/\u00a0<\/span>Lokalizacja \u2013 Polska \u015brodkowa<br \/><span style=\"color: #ff0000;\">\/\u00a0<\/span>Urz\u0105dzenie od\u0142\u0105czone \u2013 \u00a0brak mo\u017cliwo\u015bci testowania na miejscu<br \/><span style=\"color: #ff0000;\">\/\u00a0<\/span>Oferujemy ocen\u0119 techniczn\u0105, relokacj\u0119 oraz monta\u017c urz\u0105dzenia w miejscu docelowym na trenie E.U.<br \/><span style=\"color: #ff0000;\"><br \/><\/span><\/p>\n<h3>Przeznaczenie:<\/h3>\n<p>Zbiornik buforowy jest przeznaczony do pracy w instalacji pieca do obr\u00f3bki cieplnej kt\u00f3ry pracuje przy ci\u015bnieniu dopuszczalnym PS=-1\/25bar. Zbiornik buforowy pracuj\u0119 przy ci\u015bnieniu PS =-1\/40 bar i temp. Maksymalnej 20\/+80oC.<\/p>\n<p>Spr\u0119\u017cony hel jest atmosfer\u0105 stosowan\u0105 w piecach do obr\u00f3bki cieplnej metali. Wpuszczony do pieca gaz pod odpowiednim ci\u015bnieniem, po wyparciu powietrza, zabezpiecza wsad metalowy przed utlenianiem i odw\u0119glaniem jego powierzchni w wysokich temperaturach. Spr\u0119\u017cony hel jest atmosfer\u0105 nie wybuchow\u0105. W komplecie agregat spr\u0119\u017carkowy prod BAUER KOMPRESOREN oraz separator kondensatu helu produkcji KLEUSBERG Niemcy. 100l.<\/p>\n<p>[\/et_pb_text][\/et_pb_column][et_pb_column type=&#187;1_2&#8243; _builder_version=&#187;4.16&#8243; custom_padding=&#187;|||&#187; global_colors_info=&#187;{}&#187; custom_padding__hover=&#187;|||&#187;][et_pb_image src=&#187;https:\/\/www.secowarwick.com\/wp-content\/uploads\/2024\/04\/hel-zbiornik-buforowy.jpg&#187; alt=&#187;Zbiornik buforowy Helu V=3000 l %913m3%93 z agregatem spr\u0119\u017carkowym oraz separatorem kondensatu SECO\/WARWICK&#187; _builder_version=&#187;4.23.1&#8243; _module_preset=&#187;default&#187; global_colors_info=&#187;{}&#187;][\/et_pb_image][\/et_pb_column][\/et_pb_row][\/et_pb_section][et_pb_section fb_built=&#187;1&#8243; admin_label=&#187;section&#187; _builder_version=&#187;4.19.2&#8243; background_color=&#187;#f8f8f8&#8243; custom_margin=&#187;-20px||||false|false&#187; custom_padding=&#187;0px||||false|false&#187; transparent_background=&#187;off&#187; make_fullwidth=&#187;off&#187; use_custom_width=&#187;off&#187; width_unit=&#187;on&#187; global_colors_info=&#187;{}&#187;][et_pb_row column_structure=&#187;1_2,1_2&#8243; admin_label=&#187;row&#187; _builder_version=&#187;4.19.2&#8243; background_size=&#187;initial&#187; background_position=&#187;top_left&#187; background_repeat=&#187;repeat&#187; custom_margin=&#187;-20px||||false|false&#187; global_colors_info=&#187;{}&#187;][et_pb_column type=&#187;1_2&#8243; _builder_version=&#187;4.16&#8243; custom_padding=&#187;|||&#187; global_colors_info=&#187;{}&#187; custom_padding__hover=&#187;|||&#187;][et_pb_image src=&#187;https:\/\/www.secowarwick.com\/wp-content\/uploads\/2024\/04\/Zbiornik-buforowy-Helu.jpg&#187; alt=&#187;Zbiornik buforowy Helu  V=3000  l %913m3%93 z agregatem spr\u0119\u017carkowym oraz separatorem kondensatu SECO\/WARWICK&#187; title_text=&#187;VACUUM FURNACE WITH GAS COOLING (2)&#187; align_tablet=&#187;center&#187; align_phone=&#187;&#187; align_last_edited=&#187;on|desktop&#187; _builder_version=&#187;4.23.1&#8243; global_colors_info=&#187;{}&#187;][\/et_pb_image][\/et_pb_column][et_pb_column type=&#187;1_2&#8243; _builder_version=&#187;4.16&#8243; custom_padding=&#187;|||&#187; global_colors_info=&#187;{}&#187; custom_padding__hover=&#187;|||&#187;][et_pb_text admin_label=&#187;apostrof&#187; module_class=&#187;przecinek-tlo-nizej&#187; _builder_version=&#187;4.23.1&#8243; custom_margin=&#187;||||false|false&#187; custom_margin_tablet=&#187;&#187; custom_margin_phone=&#187;&#187; custom_margin_last_edited=&#187;on|desktop&#187; saved_tabs=&#187;all&#187; global_colors_info=&#187;{}&#187;]<\/p>\n<h2>Dane techniczne<\/h2>\n<p>[\/et_pb_text][et_pb_text _builder_version=&#187;4.23.1&#8243; _module_preset=&#187;default&#187; global_colors_info=&#187;{}&#187;]<\/p>\n<table style=\"width: 100%;\">\n<tbody>\n<tr>\n<td><strong>Dane eksploatacyjne<\/strong><\/td>\n<td><strong>Przestrze\u0144 wewn\u0119trzna<\/strong><\/td>\n<\/tr>\n<tr>\n<td>Obj\u0119to\u015b\u0107<\/td>\n<td>3000 l<\/td>\n<\/tr>\n<tr>\n<td>Maksymalne dopuszczalne ci\u015bnienie eksploatacyjne<\/td>\n<td>40 bar\/-1 bar<\/td>\n<\/tr>\n<tr>\n<td>Ci\u015bnienie obliczeniowe<\/td>\n<td>40 bar\/-1 bar<\/td>\n<\/tr>\n<tr>\n<td>Pr\u00f3ba wodna<\/td>\n<td>57,2 bar<\/td>\n<\/tr>\n<tr>\n<td>Maks. dopuszczalna temperatura eksploatacyjna<\/td>\n<td>80 0C<\/td>\n<\/tr>\n<tr>\n<td>Min. dopuszczalna temperatura eksploatacyjna<\/td>\n<td>20 0C<\/td>\n<\/tr>\n<tr>\n<td>Temperatura obliczeniowa<\/td>\n<td>80 0C\/20 0C<\/td>\n<\/tr>\n<tr>\n<td>Ci\u0119\u017car obudowy<\/td>\n<td>2500 kg<\/td>\n<\/tr>\n<tr>\n<td>Ci\u0119\u017car obudowy z wod\u0105<\/td>\n<td>5500 kg<\/td>\n<\/tr>\n<\/tbody>\n<\/table>\n<p>[\/et_pb_text][\/et_pb_column][\/et_pb_row][\/et_pb_section]<\/p>\n","protected":false},"excerpt":{"rendered":"<p>Zbiornik Buforowy helu wraz z agregatem spr\u0119\u017carkowym \u00a0i separatorem kondensatu Informacje og\u00f3lne: \/\u00a0Producent SECO\/WARWICK\/\u00a0Rok produkcji 2009\/\u00a0Lokalizacja \u2013 Polska \u015brodkowa\/\u00a0Urz\u0105dzenie od\u0142\u0105czone \u2013 \u00a0brak mo\u017cliwo\u015bci testowania na miejscu\/\u00a0Oferujemy ocen\u0119 techniczn\u0105, relokacj\u0119 oraz monta\u017c urz\u0105dzenia w miejscu docelowym na trenie E.U. Przeznaczenie: Zbiornik buforowy jest przeznaczony do pracy w instalacji pieca do obr\u00f3bki cieplnej kt\u00f3ry pracuje przy ci\u015bnieniu [&hellip;]<\/p>\n","protected":false},"author":2,"featured_media":0,"parent":0,"menu_order":0,"comment_status":"closed","ping_status":"closed","template":"","meta":{"_acf_changed":false,"_et_pb_use_builder":"on","_et_pb_old_content":"","_et_gb_content_width":"","footnotes":""},"class_list":["post-157992","page","type-page","status-publish"],"acf":[],"_links":{"self":[{"href":"https:\/\/www.secowarwick.com\/ru\/wp-json\/wp\/v2\/pages\/157992","targetHints":{"allow":["GET"]}}],"collection":[{"href":"https:\/\/www.secowarwick.com\/ru\/wp-json\/wp\/v2\/pages"}],"about":[{"href":"https:\/\/www.secowarwick.com\/ru\/wp-json\/wp\/v2\/types\/page"}],"author":[{"embeddable":true,"href":"https:\/\/www.secowarwick.com\/ru\/wp-json\/wp\/v2\/users\/2"}],"replies":[{"embeddable":true,"href":"https:\/\/www.secowarwick.com\/ru\/wp-json\/wp\/v2\/comments?post=157992"}],"version-history":[{"count":1,"href":"https:\/\/www.secowarwick.com\/ru\/wp-json\/wp\/v2\/pages\/157992\/revisions"}],"predecessor-version":[{"id":157995,"href":"https:\/\/www.secowarwick.com\/ru\/wp-json\/wp\/v2\/pages\/157992\/revisions\/157995"}],"wp:attachment":[{"href":"https:\/\/www.secowarwick.com\/ru\/wp-json\/wp\/v2\/media?parent=157992"}],"curies":[{"name":"wp","href":"https:\/\/api.w.org\/{rel}","templated":true}]}}