{"id":158787,"date":"2024-05-13T10:21:35","date_gmt":"2024-05-13T08:21:35","guid":{"rendered":"https:\/\/www.secowarwick.com\/%d1%81%d0%b5%d1%80%d0%b2%d0%b8%d1%81%d0%bd%d1%8b%d0%b5-%d1%83%d1%81%d0%bb%d1%83%d0%b3%d0%b8\/oee\/"},"modified":"2025-06-11T14:30:14","modified_gmt":"2025-06-11T12:30:14","slug":"oee","status":"publish","type":"page","link":"https:\/\/www.secowarwick.com\/ru\/%d1%81%d0%b5%d1%80%d0%b2%d0%b8%d1%81%d0%bd%d1%8b%d0%b5-%d1%83%d1%81%d0%bb%d1%83%d0%b3%d0%b8\/oee\/","title":{"rendered":"OEE"},"content":{"rendered":"<p>[et_pb_section fb_built=&#187;1&#8243; admin_label=&#187;section&#187; _builder_version=&#187;4.16&#8243; background_color=&#187;#f8f8f8&#8243; custom_padding=&#187;0px|||&#187; global_colors_info=&#187;{}&#187;][et_pb_row column_structure=&#187;3_4,1_4&#8243; admin_label=&#187;row&#187; _builder_version=&#187;4.23.1&#8243; background_size=&#187;initial&#187; background_position=&#187;top_left&#187; background_repeat=&#187;repeat&#187; global_colors_info=&#187;{}&#187;][et_pb_column type=&#187;3_4&#8243; _builder_version=&#187;4.16&#8243; custom_padding=&#187;|||&#187; global_colors_info=&#187;{}&#187; custom_padding__hover=&#187;|||&#187;][et_pb_code _builder_version=&#187;4.23.1&#8243; _module_preset=&#187;default&#187; global_colors_info=&#187;{}&#187;]<\/p>\n<div class=\"et_pb_module et_pb_breadcrumbs   et_pb_breadcrumbs_0\"><!-- [et_pb_line_break_holder] -->\t\t\t\t<pee id=\"breadcrumbs\"><span><span><a href=\"https:\/\/www.secowarwick.com\/ru\/\">HOME<\/a><\/span> \/ <span><a href=\"https:\/\/www.secowarwick.com\/ru\/service\/a%d0%b2%d1%82%d0%be%d0%bc%d0%b0%d1%82%d0%b8%d0%b7%d0%b0%d1%86%d0%b8%d0%b8\/\">A\u0412\u0422\u041e\u041c\u0410\u0422\u0418\u0417\u0410\u0426\u0418\u0418<\/a><\/span> \/ <span class=\"breadcrumb_last\" aria-current=\"page\">OEE<\/span><\/span><\/pee><!-- [et_pb_line_break_holder] -->\t\t\t<\/div>\n<p>[\/et_pb_code][et_pb_text module_class=&#187;podtytuly&#187; _builder_version=&#187;4.23.1&#8243; background_size=&#187;initial&#187; background_position=&#187;top_left&#187; background_repeat=&#187;repeat&#187; hover_enabled=&#187;0&#8243; use_border_color=&#187;off&#187; global_colors_info=&#187;{}&#187; text_orientation=&#187;justified&#187; sticky_enabled=&#187;0&#8243;]<\/p>\n<h1>OEE<\/h1>\n<h2><img decoding=\"async\" class=\"alignleft wp-image-158467\" src=\"https:\/\/www.secowarwick.com\/wp-content\/uploads\/2024\/05\/sw-oee-icon_2.svg\" alt=\"OEE\" width=\"80\" \/>\u041c\u043e\u043d\u0438\u0442\u043e\u0440\u0438\u043d\u0433 \u0438 \u0430\u043d\u0430\u043b\u0438\u0437 \u043f\u0440\u043e\u0438\u0437\u0432\u043e\u0434\u0438\u0442\u0435\u043b\u044c\u043d\u043e\u0441\u0442\u0438 \u0438 \u0438\u0441\u043f\u043e\u043b\u044c\u0437\u043e\u0432\u0430\u043d\u0438\u044f \u0443\u0441\u0442\u0440\u043e\u0439\u0441\u0442\u0432<\/h2>\n<p>&nbsp;<\/p>\n<p>&nbsp;<\/p>\n<p>OEE &#8212; (\u043e\u0431\u0449\u0430\u044f \u044d\u0444\u0444\u0435\u043a\u0442\u0438\u0432\u043d\u043e\u0441\u0442\u044c \u043e\u0431\u043e\u0440\u0443\u0434\u043e\u0432\u0430\u043d\u0438\u044f) \u2014\u00a0\u044d\u0442\u043e \u043f\u043e\u043a\u0430\u0437\u0430\u0442\u0435\u043b\u044c \u044d\u0444\u0444\u0435\u043a\u0442\u0438\u0432\u043d\u043e\u0441\u0442\u0438 \u043e\u0431\u043e\u0440\u0443\u0434\u043e\u0432\u0430\u043d\u0438\u044f, \u0438\u0441\u043f\u043e\u043b\u044c\u0437\u0443\u0435\u043c\u044b\u0439 \u0432 \u0443\u043f\u0440\u0430\u0432\u043b\u0435\u043d\u0438\u0438 \u043f\u0440\u043e\u0438\u0437\u0432\u043e\u0434\u0441\u0442\u0432\u043e\u043c. OEE \u2014\u00a0\u043f\u043e\u043a\u0430\u0437\u0430\u0442\u0435\u043b\u044c, \u043e\u043f\u0440\u0435\u0434\u0435\u043b\u044f\u044e\u0449\u0438\u0439, \u043d\u0430\u0441\u043a\u043e\u043b\u044c\u043a\u043e \u043c\u0430\u0448\u0438\u043d\u044b (\u0432 \u0434\u0430\u043d\u043d\u043e\u043c \u0441\u043b\u0443\u0447\u0430\u0435 \u043f\u0440\u043e\u043c\u044b\u0448\u043b\u0435\u043d\u043d\u044b\u0435 \u043f\u0435\u0447\u0438) \u0438\u0441\u043f\u043e\u043b\u044c\u0437\u0443\u044e\u0442\u0441\u044f \u0432 \u043f\u0440\u043e\u0438\u0437\u0432\u043e\u0434\u0441\u0442\u0432\u0435\u043d\u043d\u043e\u043c \u043f\u0440\u043e\u0446\u0435\u0441\u0441\u0435 \u0438 \u043d\u0430\u0441\u043a\u043e\u043b\u044c\u043a\u043e \u044d\u0444\u0444\u0435\u043a\u0442\u0438\u0432\u043d\u043e \u043e\u043d\u0438 \u0441\u043f\u043e\u0441\u043e\u0431\u043d\u044b \u0432\u044b\u043f\u043e\u043b\u043d\u044f\u0442\u044c \u0441\u0432\u043e\u0438 \u0437\u0430\u0434\u0430\u0447\u0438.<\/p>\n<p>\u041c\u043e\u0434\u0443\u043b\u044c \u043f\u043e\u0437\u0432\u043e\u043b\u044f\u0435\u0442 \u0440\u0430\u0441\u0441\u0447\u0438\u0442\u0430\u0442\u044c \u0437\u043d\u0430\u0447\u0435\u043d\u0438\u044f \u043f\u043e\u043a\u0430\u0437\u0430\u0442\u0435\u043b\u0435\u0439 \u00ab\u0420\u0430\u0431\u043e\u0442\u0430\u00bb \u0438 \u00ab\u0414\u043e\u0441\u0442\u0443\u043f\u043d\u043e\u0441\u0442\u044c\u00bb \u0434\u043b\u044f \u0434\u0430\u043d\u043d\u043e\u0433\u043e \u0443\u0441\u0442\u0440\u043e\u0439\u0441\u0442\u0432\u0430, \u0432 \u043b\u044e\u0431\u043e\u043c \u0432\u044b\u0431\u0440\u0430\u043d\u043d\u043e\u043c \u0432\u0440\u0435\u043c\u0435\u043d\u043d\u043e\u043c \u0434\u0438\u0430\u043f\u0430\u0437\u043e\u043d\u0435. \u0422\u0430\u043a\u0436\u0435 \u043e\u0442\u043e\u0431\u0440\u0430\u0436\u0430\u0435\u0442\u0441\u044f \u043f\u0440\u043e\u0446\u0435\u043d\u0442\u043d\u043e\u0435 \u0440\u0430\u0441\u043f\u0440\u0435\u0434\u0435\u043b\u0435\u043d\u0438\u0435 \u0441\u043e\u0441\u0442\u043e\u044f\u043d\u0438\u0439 \u043f\u0435\u0447\u0438, \u043d\u0430 \u043e\u0441\u043d\u043e\u0432\u0435 \u043a\u043e\u0442\u043e\u0440\u043e\u0433\u043e \u0440\u0430\u0441\u0441\u0447\u0438\u0442\u044b\u0432\u0430\u044e\u0442\u0441\u044f \u0432\u044b\u0448\u0435\u0443\u043f\u043e\u043c\u044f\u043d\u0443\u0442\u044b\u0435 \u043f\u043e\u043a\u0430\u0437\u0430\u0442\u0435\u043b\u0438.<\/p>\n<p>[\/et_pb_text][\/et_pb_column][et_pb_column type=&#187;1_4&#8243; _builder_version=&#187;4.23.1&#8243; custom_padding=&#187;65px||||false|false&#187; custom_padding_tablet=&#187;0px||||false|false&#187; custom_padding_phone=&#187;0px||||false|false&#187; custom_padding_last_edited=&#187;on|tablet&#187; global_colors_info=&#187;{}&#187; custom_padding__hover=&#187;|||&#187;][et_pb_text admin_label=&#187;btn-ru-premiumlibrary&#187; module_class=&#187;premium-library-button&#187; _builder_version=&#187;4.23.1&#8243; _module_preset=&#187;default&#187; text_orientation=&#187;center&#187; global_module=&#187;157338&#8243; saved_tabs=&#187;all&#187; locked=&#187;off&#187; global_colors_info=&#187;{}&#187;]<\/p>\n<a href='https:\/\/www.secowarwick.com\/ru\/%d0%bf%d1%80%d0%b5%d0%bc%d0%b8%d1%83%d0%bc-%d0%ba%d0%be%d0%bd%d1%82%d0%b5%d0%bd%d1%82\/' class='small-button smallred'><span>\u041f\u0420\u0415\u041c\u0418\u0423\u041c \u041a\u041e\u041d\u0422\u0415\u041d\u0422<\/span><\/a>\n<p>[\/et_pb_text][et_pb_text admin_label=&#187;R&#038;D ru&#187; module_class=&#187;product_widget_wrap_rd&#187; _builder_version=&#187;4.23.1&#8243; _module_preset=&#187;default&#187; text_orientation=&#187;center&#187; global_module=&#187;167837&#8243; saved_tabs=&#187;all&#187; locked=&#187;off&#187; global_colors_info=&#187;{}&#187;]<\/p>\n<p><a href=\"https:\/\/www.secowarwick.com\/ru\/rd\/\"><span class=\"product_wigtet_name\">\u041d\u0418\u041e\u041a\u0420<\/span><\/a><\/p>\n<p>[\/et_pb_text][et_pb_text admin_label=&#187;SERVICE ru&#187; module_class=&#187;product_widget_wrap_service&#187; _builder_version=&#187;4.23.1&#8243; _module_preset=&#187;default&#187; global_module=&#187;167863&#8243; saved_tabs=&#187;all&#187; locked=&#187;off&#187; global_colors_info=&#187;{}&#187;]<\/p>\n<p><a href=\"https:\/\/www.secowarwick.com\/ru\/%d1%81%d0%b5%d1%80%d0%b2%d0%b8%d1%81%d0%bd%d1%8b%d0%b5-%d1%83%d1%81%d0%bb%d1%83%d0%b3%d0%b8\/\"><span class=\"product_wigtet_name\">\u0421\u0415\u0420\u0412\u0418\u0421\u041d\u042b\u0415 \u0423\u0421\u041b\u0423\u0413\u0418<\/span><\/a><\/p>\n<p>[\/et_pb_text][et_pb_text admin_label=&#187;Produkty RU&#187; module_class=&#187;product_widget_wrap_products&#187; _builder_version=&#187;4.23.1&#8243; _module_preset=&#187;default&#187; global_module=&#187;179265&#8243; saved_tabs=&#187;all&#187; locked=&#187;off&#187; global_colors_info=&#187;{}&#187;]<\/p>\n<p><a href=\"https:\/\/www.secowarwick.com\/ru\/%d0%bf%d1%80%d0%be%d0%b4%d1%83%d0%ba%d1%82%d1%8b\/\" target=\"_blank\" rel=\"noopener\"><span class=\"product_wigtet_name\">\u041f\u0420\u041e\u0414\u0423\u041a\u0422\u042b<\/span><\/a><\/p>\n<p>[\/et_pb_text][et_pb_text admin_label=&#187;SUPLEMENTALS ru&#187; module_class=&#187;product_widget_wrap_supleme&#187; _builder_version=&#187;4.23.1&#8243; _module_preset=&#187;default&#187; global_module=&#187;167916&#8243; saved_tabs=&#187;all&#187; locked=&#187;off&#187; global_colors_info=&#187;{}&#187;]<\/p>\n<p><span class=\"product_wigtet_name\">\u0414\u041e\u041f\u041e\u041b\u041d\u0418\u0422\u0415\u041b\u042c\u041d\u042b\u0415:<\/span><\/p>\n<p>[\/et_pb_text][et_pb_text admin_label=&#187;dnabook-ru&#187; module_class=&#187;suplementals_product_dna suplementals_wrap&#187; _builder_version=&#187;4.23.1&#8243; _module_preset=&#187;default&#187; global_module=&#187;167875&#8243; saved_tabs=&#187;all&#187; locked=&#187;off&#187; global_colors_info=&#187;{}&#187;]<\/p>\n<p><a href=\"https:\/\/www.secowarwick.com\/wp-content\/uploads\/2024\/02\/2024_SECO_WARWICK_Catalog_DNA_EN_SECOLOGY.pdf\" target=\"_blank\" rel=\"noopener\">\u0414\u041d\u041a\/\u041a\u041d\u0418\u0413\u0410<\/a><\/p>\n<p>[\/et_pb_text][et_pb_text admin_label=&#187;ECO\/BOOK-ru&#187; module_class=&#187;suplementals_product_eco suplementals_wrap&#187; _builder_version=&#187;4.23.1&#8243; _module_preset=&#187;default&#187; global_module=&#187;167799&#8243; locked=&#187;off&#187; global_colors_info=&#187;{}&#187;]<\/p>\n<p><a href=\"https:\/\/www.secowarwick.com\/wp-content\/uploads\/2023\/06\/ECOBOOK.pdf\" target=\"_blank\" rel=\"noopener\">\u042d\u041a\u041e\/\u041a\u041d\u0418\u0413\u0410<\/a><\/p>\n<p>[\/et_pb_text][\/et_pb_column][\/et_pb_row][\/et_pb_section][et_pb_section fb_built=&#187;1&#8243; admin_label=&#187;section&#187; _builder_version=&#187;4.16&#8243; custom_padding=&#187;0px|||&#187; global_colors_info=&#187;{}&#187;][et_pb_row column_structure=&#187;1_2,1_2&#8243; admin_label=&#187;row&#187; _builder_version=&#187;4.16&#8243; background_size=&#187;initial&#187; background_position=&#187;top_left&#187; background_repeat=&#187;repeat&#187; custom_padding=&#187;||0px|&#187; global_colors_info=&#187;{}&#187;][et_pb_column type=&#187;1_2&#8243; _builder_version=&#187;4.16&#8243; custom_padding=&#187;|||&#187; global_colors_info=&#187;{}&#187; custom_padding__hover=&#187;|||&#187;][et_pb_text module_class=&#187;przecinek-tlo-nizej&#187; _builder_version=&#187;4.23.1&#8243; background_size=&#187;initial&#187; background_position=&#187;top_left&#187; background_repeat=&#187;repeat&#187; use_border_color=&#187;off&#187; global_colors_info=&#187;{}&#187;]\u041e\u0441\u043d\u043e\u0432\u043d\u044b\u0435 \u0444\u0443\u043d\u043a\u0446\u0438\u0438 \u043c\u043e\u0434\u0443\u043b\u044f:[\/et_pb_text][et_pb_text _builder_version=&#187;4.23.1&#8243; background_size=&#187;initial&#187; background_position=&#187;top_left&#187; background_repeat=&#187;repeat&#187; hover_enabled=&#187;0&#8243; use_border_color=&#187;off&#187; global_colors_info=&#187;{}&#187; text_orientation=&#187;justified&#187; sticky_enabled=&#187;0&#8243;]<\/p>\n<p><span style=\"color: #dc291e;\"><strong>\/ <\/strong><\/span>\u041e\u0446\u0435\u043d\u043a\u0430 \u0441\u043e\u0441\u0442\u043e\u044f\u043d\u0438\u044f \u0438 \u0438\u0441\u043f\u043e\u043b\u044c\u0437\u043e\u0432\u0430\u043d\u0438\u044f \u0443\u0441\u0442\u0440\u043e\u0439\u0441\u0442\u0432\u0430,<br \/><span style=\"color: #dc291e;\"><strong>\/ <\/strong><\/span>\u041e\u0446\u0435\u043d\u043a\u0430 \u044d\u0444\u0444\u0435\u043a\u0442\u0438\u0432\u043d\u043e\u0441\u0442\u0438 \u0432\u043d\u0435\u0434\u0440\u0435\u043d\u043d\u044b\u0445 \u0440\u0435\u0448\u0435\u043d\u0438\u0439, \u043d\u0430\u043f\u0440\u0430\u0432\u043b\u0435\u043d\u043d\u044b\u0445 \u043d\u0430 \u043f\u043e\u0432\u044b\u0448\u0435\u043d\u0438\u0435 \u0434\u043e\u0441\u0442\u0443\u043f\u043d\u043e\u0441\u0442\u0438 \u0443\u0441\u0442\u0440\u043e\u0439\u0441\u0442\u0432,<br \/><span style=\"color: #dc291e;\"><strong>\/ <\/strong><\/span>\u0411\u043e\u043b\u0435\u0435 \u043f\u0440\u043e\u0441\u0442\u043e\u0435 \u043f\u043b\u0430\u043d\u0438\u0440\u043e\u0432\u0430\u043d\u0438\u0435 \u043f\u0440\u043e\u0438\u0437\u0432\u043e\u0434\u0441\u0442\u0432\u0430,<br \/><span style=\"color: #dc291e;\"><strong>\/ <\/strong><\/span>\u041e\u043f\u0442\u0438\u043c\u0438\u0437\u0430\u0446\u0438\u044f \u043f\u0440\u043e\u0438\u0437\u0432\u043e\u0434\u0441\u0442\u0432\u0430.<\/p>\n<p>[\/et_pb_text][\/et_pb_column][et_pb_column type=&#187;1_2&#8243; _builder_version=&#187;4.16&#8243; custom_padding=&#187;|||&#187; global_colors_info=&#187;{}&#187; custom_padding__hover=&#187;|||&#187;][et_pb_image src=&#187;https:\/\/www.secowarwick.com\/wp-content\/uploads\/2024\/05\/oee.jpg&#187; alt=&#187;OEE<br \/>\nMonitoruj i analizuj produktywno\u015b\u0107 i wykorzystanie swojego urz\u0105dzenia&#187; _builder_version=&#187;4.23.1&#8243; _module_preset=&#187;default&#187; global_colors_info=&#187;{}&#187;][\/et_pb_image][\/et_pb_column][\/et_pb_row][et_pb_row _builder_version=&#187;4.23.1&#8243; _module_preset=&#187;default&#187; global_colors_info=&#187;{}&#187;][et_pb_column type=&#187;4_4&#8243; _builder_version=&#187;4.23.1&#8243; _module_preset=&#187;default&#187; global_colors_info=&#187;{}&#187;][\/et_pb_column][\/et_pb_row][et_pb_row column_structure=&#187;3_4,1_4&#8243; use_custom_gutter=&#187;on&#187; gutter_width=&#187;2&#8243; module_class=&#187;automatycy-wiersz-korzysci&#187; _builder_version=&#187;4.23.1&#8243; _module_preset=&#187;default&#187; locked=&#187;off&#187; global_colors_info=&#187;{}&#187;][et_pb_column type=&#187;3_4&#8243; _builder_version=&#187;4.23.1&#8243; _module_preset=&#187;default&#187; global_colors_info=&#187;{}&#187;][et_pb_text module_class=&#187;przecinek-tlo-nizej&#187; _builder_version=&#187;4.23.1&#8243; text_text_color=&#187;#000000&#8243; background_size=&#187;initial&#187; background_position=&#187;top_left&#187; background_repeat=&#187;repeat&#187; use_border_color=&#187;off&#187; global_colors_info=&#187;{}&#187;]<\/p>\n<p>OEE &#8212; \u041f\u0420\u0415\u0418\u041c\u0423\u0429\u0415\u0421\u0422\u0412\u0410<\/p>\n<p>[\/et_pb_text][et_pb_text module_class=&#187;opis-korzysci&#187; _builder_version=&#187;4.23.1&#8243; _module_preset=&#187;default&#187; custom_margin=&#187;20px||||false|false&#187; hover_enabled=&#187;0&#8243; global_colors_info=&#187;{}&#187; text_orientation=&#187;justified&#187; sticky_enabled=&#187;0&#8243;]<\/p>\n<p><strong><span style=\"color: #dc291e;\">\/<\/span><\/strong>\u00a0\u0422\u043e\u0447\u043d\u044b\u0439 \u0440\u0430\u0441\u0447\u0435\u0442 \u0438 \u043f\u0440\u0435\u0434\u0441\u0442\u0430\u0432\u043b\u0435\u043d\u0438\u0435 \u043f\u043e\u043a\u0430\u0437\u0430\u0442\u0435\u043b\u0435\u0439, \u043f\u043e\u043a\u0430\u0437\u044b\u0432\u0430\u044e\u0449\u0438\u0445 <strong>\u0438\u0441\u043f\u043e\u043b\u044c\u0437\u043e\u0432\u0430\u043d\u0438\u0435 \u0443\u0441\u0442\u0440\u043e\u0439\u0441\u0442\u0432\u0430<\/strong>, \u0447\u0442\u043e \u0438\u043c\u0435\u0435\u0442 \u0440\u0435\u0448\u0430\u044e\u0449\u0435\u0435 \u0437\u043d\u0430\u0447\u0435\u043d\u0438\u0435 \u0434\u043b\u044f <strong>\u043e\u0446\u0435\u043d\u043a\u0438 \u0435\u0433\u043e \u044d\u0444\u0444\u0435\u043a\u0442\u0438\u0432\u043d\u043e\u0441\u0442\u0438 \u0438 \u0440\u0435\u0437\u0443\u043b\u044c\u0442\u0430\u0442\u0438\u0432\u043d\u043e\u0441\u0442\u0438.<br \/><\/strong><strong><span style=\"color: #dc291e;\">\/<\/span>\u00a0\u041e\u0431\u0449\u0430\u044f \u043e\u0446\u0435\u043d\u043a\u0430 \u0441\u043e\u0441\u0442\u043e\u044f\u043d\u0438\u044f \u043f\u0435\u0447\u0438<\/strong>, \u043f\u043e\u0437\u0432\u043e\u043b\u044f\u044e\u0449\u0430\u044f \u043e\u043f\u0435\u0440\u0430\u0442\u0438\u0432\u043d\u043e \u0440\u0435\u0430\u0433\u0438\u0440\u043e\u0432\u0430\u0442\u044c \u043d\u0430 \u0432\u043e\u0437\u043c\u043e\u0436\u043d\u044b\u0435 \u043f\u0440\u043e\u0431\u043b\u0435\u043c\u044b.<br \/><strong><span style=\"color: #dc291e;\">\/<\/span><\/strong>\u00a0\u041e\u0446\u0435\u043d\u043a\u0430 \u044d\u0444\u0444\u0435\u043a\u0442\u0438\u0432\u043d\u043e\u0441\u0442\u0438 \u0432\u043d\u0435\u0434\u0440\u0435\u043d\u043d\u044b\u0445 \u0440\u0435\u0448\u0435\u043d\u0438\u0439 \u043f\u0440\u0438\u0432\u043e\u0434\u0438\u0442 \u043a \u043f\u043e\u0432\u044b\u0448\u0435\u043d\u0438\u044e \u0434\u043e\u0441\u0442\u0443\u043f\u043d\u043e\u0441\u0442\u0438 \u0443\u0441\u0442\u0440\u043e\u0439\u0441\u0442\u0432 \u0438 <strong>\u043f\u043e\u0441\u0442\u043e\u044f\u043d\u043d\u043e\u043c\u0443 \u0441\u043e\u0432\u0435\u0440\u0448\u0435\u043d\u0441\u0442\u0432\u043e\u0432\u0430\u043d\u0438\u044e<\/strong> \u043f\u0440\u043e\u0438\u0437\u0432\u043e\u0434\u0441\u0442\u0432\u0435\u043d\u043d\u044b\u0445 <strong>\u043f\u0440\u043e\u0446\u0435\u0441\u0441\u043e\u0432.<br \/><\/strong><strong><span style=\"color: #dc291e;\">\/<\/span><\/strong>\u00a0\u041c\u043e\u0434\u0443\u043b\u044c OEE <strong>\u043e\u0431\u043b\u0435\u0433\u0447\u0430\u0435\u0442 \u043f\u043b\u0430\u043d\u0438\u0440\u043e\u0432\u0430\u043d\u0438\u0435 \u043f\u0440\u043e\u0438\u0437\u0432\u043e\u0434\u0441\u0442\u0432\u0430<\/strong> \u0438 \u043e\u043f\u0442\u0438\u043c\u0438\u0437\u0430\u0446\u0438\u044e \u0438\u0441\u043f\u043e\u043b\u044c\u0437\u043e\u0432\u0430\u043d\u0438\u044f \u0440\u0435\u0441\u0443\u0440\u0441\u043e\u0432.<br \/><strong><span style=\"color: #dc291e;\">\/<\/span><\/strong>\u00a0\u041a\u043e\u043d\u0442\u0440\u043e\u043b\u0438\u0440\u0443\u044f \u0440\u0430\u0431\u043e\u0442\u0443 \u043f\u0435\u0447\u0438 \u0438 \u0432\u044b\u044f\u0432\u043b\u044f\u044f \u043e\u0431\u043b\u0430\u0441\u0442\u0438, \u0442\u0440\u0435\u0431\u0443\u044e\u0449\u0438\u0435 \u043e\u043f\u0442\u0438\u043c\u0438\u0437\u0430\u0446\u0438\u0438, \u043c\u043e\u0434\u0443\u043b\u044c OEE \u043f\u043e\u0437\u0432\u043e\u043b\u044f\u0435\u0442 <strong>\u044d\u0444\u0444\u0435\u043a\u0442\u0438\u0432\u043d\u043e \u0438\u0441\u043f\u043e\u043b\u044c\u0437\u043e\u0432\u0430\u0442\u044c<\/strong> \u0432\u043e\u0437\u043c\u043e\u0436\u043d\u043e\u0441\u0442\u0438 <strong>\u043f\u0435\u0447\u0438<\/strong>.<br \/><strong><span style=\"color: #dc291e;\">\/<\/span><\/strong>\u00a0\u041c\u043e\u0434\u0443\u043b\u044c \u043f\u043e\u0437\u0432\u043e\u043b\u044f\u0435\u0442<strong> \u0440\u0435\u0433\u0443\u043b\u044f\u0440\u043d\u043e \u043f\u0440\u043e\u0432\u0435\u0440\u044f\u0442\u044c \u044d\u0444\u0444\u0435\u043a\u0442\u0438\u0432\u043d\u043e\u0441\u0442\u044c \u0432\u043d\u0435\u0434\u0440\u0435\u043d\u043d\u044b\u0445 \u0440\u0435\u0448\u0435\u043d\u0438\u0439.<\/strong><\/p>\n<p>[\/et_pb_text][\/et_pb_column][et_pb_column type=&#187;1_4&#8243; _builder_version=&#187;4.23.1&#8243; _module_preset=&#187;default&#187; global_colors_info=&#187;{}&#187;][et_pb_image src=&#187;https:\/\/www.secowarwick.com\/wp-content\/uploads\/2024\/05\/korzysci.png&#187; alt=&#187;korzy\u015bci&#187; align=&#187;center&#187; module_class=&#187;obraz-korzysci&#187; _builder_version=&#187;4.23.1&#8243; _module_preset=&#187;default&#187; global_colors_info=&#187;{}&#187;][\/et_pb_image][\/et_pb_column][\/et_pb_row][\/et_pb_section]<\/p>\n","protected":false},"excerpt":{"rendered":"<p>OEE \u041c\u043e\u043d\u0438\u0442\u043e\u0440\u0438\u043d\u0433 \u0438 \u0430\u043d\u0430\u043b\u0438\u0437 \u043f\u0440\u043e\u0438\u0437\u0432\u043e\u0434\u0438\u0442\u0435\u043b\u044c\u043d\u043e\u0441\u0442\u0438 \u0438 \u0438\u0441\u043f\u043e\u043b\u044c\u0437\u043e\u0432\u0430\u043d\u0438\u044f \u0443\u0441\u0442\u0440\u043e\u0439\u0441\u0442\u0432 &nbsp; &nbsp; OEE &#8212; (\u043e\u0431\u0449\u0430\u044f \u044d\u0444\u0444\u0435\u043a\u0442\u0438\u0432\u043d\u043e\u0441\u0442\u044c \u043e\u0431\u043e\u0440\u0443\u0434\u043e\u0432\u0430\u043d\u0438\u044f) \u2014\u00a0\u044d\u0442\u043e \u043f\u043e\u043a\u0430\u0437\u0430\u0442\u0435\u043b\u044c \u044d\u0444\u0444\u0435\u043a\u0442\u0438\u0432\u043d\u043e\u0441\u0442\u0438 \u043e\u0431\u043e\u0440\u0443\u0434\u043e\u0432\u0430\u043d\u0438\u044f, \u0438\u0441\u043f\u043e\u043b\u044c\u0437\u0443\u0435\u043c\u044b\u0439 \u0432 \u0443\u043f\u0440\u0430\u0432\u043b\u0435\u043d\u0438\u0438 \u043f\u0440\u043e\u0438\u0437\u0432\u043e\u0434\u0441\u0442\u0432\u043e\u043c. OEE \u2014\u00a0\u043f\u043e\u043a\u0430\u0437\u0430\u0442\u0435\u043b\u044c, \u043e\u043f\u0440\u0435\u0434\u0435\u043b\u044f\u044e\u0449\u0438\u0439, \u043d\u0430\u0441\u043a\u043e\u043b\u044c\u043a\u043e \u043c\u0430\u0448\u0438\u043d\u044b (\u0432 \u0434\u0430\u043d\u043d\u043e\u043c \u0441\u043b\u0443\u0447\u0430\u0435 \u043f\u0440\u043e\u043c\u044b\u0448\u043b\u0435\u043d\u043d\u044b\u0435 \u043f\u0435\u0447\u0438) \u0438\u0441\u043f\u043e\u043b\u044c\u0437\u0443\u044e\u0442\u0441\u044f \u0432 \u043f\u0440\u043e\u0438\u0437\u0432\u043e\u0434\u0441\u0442\u0432\u0435\u043d\u043d\u043e\u043c \u043f\u0440\u043e\u0446\u0435\u0441\u0441\u0435 \u0438 \u043d\u0430\u0441\u043a\u043e\u043b\u044c\u043a\u043e \u044d\u0444\u0444\u0435\u043a\u0442\u0438\u0432\u043d\u043e \u043e\u043d\u0438 \u0441\u043f\u043e\u0441\u043e\u0431\u043d\u044b \u0432\u044b\u043f\u043e\u043b\u043d\u044f\u0442\u044c \u0441\u0432\u043e\u0438 \u0437\u0430\u0434\u0430\u0447\u0438. \u041c\u043e\u0434\u0443\u043b\u044c \u043f\u043e\u0437\u0432\u043e\u043b\u044f\u0435\u0442 \u0440\u0430\u0441\u0441\u0447\u0438\u0442\u0430\u0442\u044c \u0437\u043d\u0430\u0447\u0435\u043d\u0438\u044f \u043f\u043e\u043a\u0430\u0437\u0430\u0442\u0435\u043b\u0435\u0439 \u00ab\u0420\u0430\u0431\u043e\u0442\u0430\u00bb \u0438 \u00ab\u0414\u043e\u0441\u0442\u0443\u043f\u043d\u043e\u0441\u0442\u044c\u00bb \u0434\u043b\u044f \u0434\u0430\u043d\u043d\u043e\u0433\u043e [&hellip;]<\/p>\n","protected":false},"author":2,"featured_media":0,"parent":57019,"menu_order":0,"comment_status":"closed","ping_status":"closed","template":"","meta":{"_acf_changed":false,"_et_pb_use_builder":"on","_et_pb_old_content":"","_et_gb_content_width":"","footnotes":""},"class_list":["post-158787","page","type-page","status-publish"],"acf":[],"_links":{"self":[{"href":"https:\/\/www.secowarwick.com\/ru\/wp-json\/wp\/v2\/pages\/158787","targetHints":{"allow":["GET"]}}],"collection":[{"href":"https:\/\/www.secowarwick.com\/ru\/wp-json\/wp\/v2\/pages"}],"about":[{"href":"https:\/\/www.secowarwick.com\/ru\/wp-json\/wp\/v2\/types\/page"}],"author":[{"embeddable":true,"href":"https:\/\/www.secowarwick.com\/ru\/wp-json\/wp\/v2\/users\/2"}],"replies":[{"embeddable":true,"href":"https:\/\/www.secowarwick.com\/ru\/wp-json\/wp\/v2\/comments?post=158787"}],"version-history":[{"count":9,"href":"https:\/\/www.secowarwick.com\/ru\/wp-json\/wp\/v2\/pages\/158787\/revisions"}],"predecessor-version":[{"id":179390,"href":"https:\/\/www.secowarwick.com\/ru\/wp-json\/wp\/v2\/pages\/158787\/revisions\/179390"}],"up":[{"embeddable":true,"href":"https:\/\/www.secowarwick.com\/ru\/wp-json\/wp\/v2\/pages\/57019"}],"wp:attachment":[{"href":"https:\/\/www.secowarwick.com\/ru\/wp-json\/wp\/v2\/media?parent=158787"}],"curies":[{"name":"wp","href":"https:\/\/api.w.org\/{rel}","templated":true}]}}