{"id":7175,"date":"2016-11-22T11:03:56","date_gmt":"2016-11-22T10:03:56","guid":{"rendered":"http:\/\/www.secowarwick.com\/ru\/%d0%bf%d1%80%d0%be%d0%b4%d1%83%d0%ba%d1%86%d0%b8%d1%8f\/custom-engineered-fire-resistance-test-lab-furnaces\/"},"modified":"2017-05-12T09:28:25","modified_gmt":"2017-05-12T07:28:25","slug":"%d1%81%d0%bf%d0%b5%d1%86%d0%b8%d0%b0%d0%bb%d1%8c%d0%bd%d1%8b%d0%b5-%d0%bf%d0%b5%d1%87%d0%b8","status":"publish","type":"page","link":"https:\/\/www.secowarwick.com\/ru\/%d0%bf%d1%80%d0%be%d0%b4%d1%83%d0%ba%d1%82%d1%8b\/%d1%81%d0%bf%d0%b5%d1%86%d0%b8%d0%b0%d0%bb%d1%8c%d0%bd%d1%8b%d0%b5-%d0%bf%d0%b5%d1%87%d0%b8\/","title":{"rendered":"\u0421\u043f\u0435\u0446\u0438\u0430\u043b\u044c\u043d\u044b\u0435 \u043f\u0435\u0447\u0438"},"content":{"rendered":"<p>[et_pb_section bb_built=&#187;1&#8243; admin_label=&#187;Section&#187; transparent_background=&#187;on&#187; background_color=&#187;rgba(255,255,255,0)&#187; allow_player_pause=&#187;off&#187; inner_shadow=&#187;off&#187; parallax=&#187;off&#187; parallax_method=&#187;off&#187; custom_padding=&#187;0px||5px|&#187; padding_mobile=&#187;off&#187; make_fullwidth=&#187;off&#187; use_custom_width=&#187;off&#187; width_unit=&#187;on&#187; custom_width_px=&#187;1080px&#187; custom_width_percent=&#187;80%&#187; make_equal=&#187;off&#187; use_custom_gutter=&#187;off&#187; fullwidth=&#187;off&#187; specialty=&#187;off&#187; disabled=&#187;off&#187;][et_pb_row admin_label=&#187;Row&#187; make_fullwidth=&#187;off&#187; use_custom_width=&#187;off&#187; width_unit=&#187;on&#187; custom_width_px=&#187;1080px&#187; custom_width_percent=&#187;80%&#187; use_custom_gutter=&#187;off&#187; gutter_width=&#187;3&#8243; custom_padding=&#187;0px||5px|&#187; padding_mobile=&#187;off&#187; custom_margin=&#187;||0px|&#187; allow_player_pause=&#187;off&#187; parallax=&#187;off&#187; parallax_method=&#187;off&#187; make_equal=&#187;off&#187; column_padding_mobile=&#187;on&#187; parallax_1=&#187;off&#187; parallax_method_1=&#187;off&#187; parallax_2=&#187;off&#187; parallax_method_2=&#187;on&#187; parallax_3=&#187;off&#187; parallax_method_3=&#187;on&#187; parallax_4=&#187;off&#187; parallax_method_4=&#187;on&#187; disabled=&#187;off&#187;][et_pb_column type=&#187;4_4&#8243;][et_pb_slider admin_label=&#187;Slider&#187; show_arrows=&#187;on&#187; show_pagination=&#187;on&#187; auto=&#187;on&#187; auto_speed=&#187;4500&#8243; auto_ignore_hover=&#187;off&#187; parallax=&#187;off&#187; parallax_method=&#187;off&#187; remove_inner_shadow=&#187;on&#187; background_position=&#187;default&#187; background_size=&#187;default&#187; hide_content_on_mobile=&#187;off&#187; hide_cta_on_mobile=&#187;off&#187; show_image_video_mobile=&#187;off&#187; custom_button=&#187;off&#187; button_letter_spacing=&#187;0&#8243; button_use_icon=&#187;default&#187; button_icon_placement=&#187;right&#187; button_on_hover=&#187;off&#187; button_letter_spacing_hover=&#187;0&#8243; disabled=&#187;off&#187;] [et_pb_slide background_image=&#187;https:\/\/www.secowarwick.com\/wp-content\/uploads\/2016\/11\/Fire-Resistance-Test-Furnace.png&#187; background_position=&#187;default&#187; background_size=&#187;default&#187; background_color=&#187;#ffffff&#187; use_bg_overlay=&#187;off&#187; use_text_overlay=&#187;off&#187; alignment=&#187;center&#187; background_layout=&#187;dark&#187; allow_player_pause=&#187;off&#187; text_border_radius=&#187;3&#8243; header_font_select=&#187;default&#187; header_font=&#187;||||&#187; body_font_select=&#187;default&#187; body_font=&#187;||||&#187; custom_button=&#187;off&#187; button_font_select=&#187;default&#187; button_font=&#187;||||&#187; button_use_icon=&#187;default&#187; button_icon_placement=&#187;right&#187; button_on_hover=&#187;on&#187;]<\/p>\n<p>&nbsp;<\/p>\n<p>&nbsp;<\/p>\n<p>&nbsp;<\/p>\n<p>&nbsp;<\/p>\n<p>&nbsp;<\/p>\n<p>&nbsp;<\/p>\n<p>&nbsp;<\/p>\n<p>[\/et_pb_slide] [\/et_pb_slider][\/et_pb_column][\/et_pb_row][\/et_pb_section][et_pb_section bb_built=&#187;1&#8243; admin_label=&#187;section&#187; transparent_background=&#187;off&#187; background_color=&#187;#f9f9f9&#8243; allow_player_pause=&#187;off&#187; inner_shadow=&#187;off&#187; parallax=&#187;off&#187; parallax_method=&#187;off&#187; custom_padding=&#187;10px|||&#187; padding_mobile=&#187;off&#187; make_fullwidth=&#187;off&#187; use_custom_width=&#187;off&#187; width_unit=&#187;on&#187; custom_width_px=&#187;1080px&#187; custom_width_percent=&#187;80%&#187; make_equal=&#187;off&#187; use_custom_gutter=&#187;off&#187; fullwidth=&#187;off&#187; specialty=&#187;off&#187; disabled=&#187;off&#187;][et_pb_row admin_label=&#187;row&#187; make_fullwidth=&#187;off&#187; use_custom_width=&#187;off&#187; width_unit=&#187;off&#187; custom_width_px=&#187;1080px&#187; custom_width_percent=&#187;80%&#187; use_custom_gutter=&#187;off&#187; gutter_width=&#187;3&#8243; padding_mobile=&#187;off&#187; allow_player_pause=&#187;off&#187; parallax=&#187;off&#187; parallax_method=&#187;on&#187; make_equal=&#187;off&#187; column_padding_mobile=&#187;on&#187; parallax_1=&#187;off&#187; parallax_method_1=&#187;on&#187; parallax_2=&#187;off&#187; parallax_method_2=&#187;on&#187; parallax_3=&#187;off&#187; parallax_method_3=&#187;on&#187; parallax_4=&#187;off&#187; parallax_method_4=&#187;on&#187; disabled=&#187;off&#187;][et_pb_column type=&#187;2_3&#8243;][et_pb_breadcrumbs admin_label=&#187;Breadcrumbs&#187; \/][et_pb_text admin_label=&#187;Text&#187; background_layout=&#187;light&#187; text_orientation=&#187;justified&#187; use_border_color=&#187;off&#187; border_style=&#187;solid&#187; disabled=&#187;off&#187; border_color=&#187;#ffffff&#187;]<\/p>\n<h1>\u0421\u043f\u0435\u0446\u0438\u0430\u043b\u044c\u043d\u044b\u0435 \u043f\u0435\u0447\u0438<\/h1>\n<p>&nbsp;<\/p>\n<h2>\u0410\u0441\u0441\u043e\u0440\u0442\u0438\u043c\u0435\u043d\u0442 SECO\/WARWICK \u0442\u0430\u043a\u0436\u0435 \u0432\u043a\u043b\u044e\u0447\u0430\u0435\u0442 \u0432 \u0441\u0435\u0431\u044f \u0440\u044f\u0434 \u0441\u043f\u0435\u0446\u0438\u0430\u043b\u044c\u043d\u044b\u0445 \u043f\u0435\u0447\u0435\u0439:<\/h2>\n<ul>\n<li>\u041e\u0431\u043e\u0440\u0443\u0434\u043e\u0432\u0430\u043d\u0438\u0435 \u0434\u043b\u044f \u0432\u0430\u043a\u0443\u0443\u043c\u043d\u044b\u0445 \u00ab\u0447\u0438\u0441\u0442\u044b\u0445 \u043a\u043e\u043c\u043d\u0430\u0442\u00bb, \u0441\u0438\u0441\u0442\u0435\u043c\u044b \u0432\u0430\u043a\u0443\u0443\u043c\u043d\u043e\u0439 \u0448\u0442\u0430\u043c\u043f\u043e\u0432\u043a\u0438, \u0441\u0438\u0441\u0442\u0435\u043c\u044b \u0441\u0432\u0435\u0440\u0445\u0432\u044b\u0441\u043e\u043a\u043e\u0433\u043e \u0432\u0430\u043a\u0443\u0443\u043c\u0430 \u0438 \u0434\u0440\u0443\u0433\u043e\u0435 \u0443\u043d\u0438\u043a\u0430\u043b\u044c\u043d\u043e\u0435 \u0432\u0430\u043a\u0443\u0443\u043c\u043d\u043e\u0435 \u0442\u0435\u0445\u043d\u043e\u043b\u043e\u0433\u0438\u0447\u0435\u0441\u043a\u043e\u0435 \u043e\u0431\u043e\u0440\u0443\u0434\u043e\u0432\u0430\u043d\u0438\u0435<\/li>\n<li>\u0412\u044b\u0441\u043e\u043a\u043e\u0442\u043e\u0447\u043d\u044b\u0435 \u0438\u0441\u043f\u044b\u0442\u0430\u0442\u0435\u043b\u044c\u043d\u044b\u0435 \u043a\u0430\u043c\u0435\u0440\u044b \u0431\u043e\u043b\u044c\u0448\u0438\u0445 \u0440\u0430\u0437\u043c\u0435\u0440\u043e\u0432 (\u043e\u0441\u043e\u0431\u0435\u043d\u043d\u043e \u0434\u043b\u044f \u0434\u0435\u0433\u0430\u0437\u0430\u0446\u0438\u0438 \u0438 \u0442\u0435\u0441\u0442\u0438\u0440\u043e\u0432\u0430\u043d\u0438\u044f \u0432\u043e\u0435\u043d\u043d\u043e\u0433\u043e \u0438 \u0433\u0440\u0430\u0436\u0434\u0430\u043d\u0441\u043a\u043e\u0433\u043e \u043e\u0431\u043e\u0440\u0443\u0434\u043e\u0432\u0430\u043d\u0438\u044f \u043d\u0430 \u0431\u0435\u0437\u043e\u043f\u0430\u0441\u043d\u043e\u0441\u0442\u044c), \u0441\u043e\u043e\u0442\u0432\u0435\u0442\u0441\u0442\u0432\u0443\u044e\u0449\u0438\u0435 \u043a\u043e\u043d\u043a\u0440\u0435\u0442\u043d\u044b\u043c \u0442\u0440\u0435\u0431\u043e\u0432\u0430\u043d\u0438\u044f\u043c \u043f\u043e\u0442\u0440\u0435\u0431\u0438\u0442\u0435\u043b\u044f<\/li>\n<li>\u0422\u0435\u0445\u043d\u043e\u043b\u043e\u0433\u0438\u0447\u0435\u0441\u043a\u0438\u0435 \u043b\u0438\u043d\u0438\u0438 \u0434\u043b\u044f \u0442\u0435\u0440\u043c\u0438\u0447\u0435\u0441\u043a\u043e\u0439 \u043e\u0431\u0440\u0430\u0431\u043e\u0442\u043a\u0438 \u0438 \u043f\u0440\u043e\u0438\u0437\u0432\u043e\u0434\u0441\u0442\u0432\u0430 (\u043f\u043e\u0434\u0441\u0443\u0448\u0438\u0432\u0430\u043d\u0438\u0435, \u0441\u0443\u0448\u043a\u0430 \u043f\u0440\u043e\u0434\u0443\u043a\u0446\u0438\u0438 \u0438 \u0442.\u0434.)<\/li>\n<li>\u0422\u0435\u0445\u043d\u043e\u043b\u043e\u0433\u0438\u0447\u0435\u0441\u043a\u0438\u0435 \u043b\u0438\u043d\u0438\u0438 \u0434\u043b\u044f \u043f\u0440\u043e\u0438\u0437\u0432\u043e\u0434\u0441\u0442\u0432\u0430 \u043e\u0431\u043e\u0433\u0440\u0435\u0432\u0430\u0442\u0435\u043b\u0435\u0439 \u0432\u0435\u0442\u0440\u043e\u0432\u043e\u0433\u043e \u0441\u0442\u0435\u043a\u043b\u0430<\/li>\n<li>\u041b\u044e\u0431\u043e\u0435 \u043e\u0431\u043e\u0440\u0443\u0434\u043e\u0432\u0430\u043d\u0438\u0435 \u0434\u043b\u044f \u0442\u0435\u0440\u043c\u0438\u0447\u0435\u0441\u043a\u043e\u0439 \u043e\u0431\u0440\u0430\u0431\u043e\u0442\u043a\u0438 \u043d\u0430 \u0437\u0430\u043a\u0430\u0437<\/li>\n<\/ul>\n<p>&nbsp;<\/p>\n<p>SECO\/WARWICK \u0433\u043e\u0440\u0434\u0438\u0442\u0441\u044f \u0446\u0435\u043b\u044b\u043c \u0440\u044f\u0434\u043e\u043c \u0443\u0441\u043f\u0435\u0448\u043d\u043e \u0432\u044b\u043f\u043e\u043b\u043d\u0435\u043d\u043d\u044b\u0445 \u0437\u0430\u043a\u0430\u0437\u043e\u0432 \u043d\u0430 \u043f\u0440\u043e\u0438\u0437\u0432\u043e\u0434\u0441\u0442\u0432\u043e \u0438 \u0434\u043e\u0441\u0442\u0430\u0432\u043a\u0443 \u0441\u0438\u0441\u0442\u0435\u043c \u0441\u043f\u0435\u0446\u0438\u0430\u043b\u044c\u043d\u043e\u0433\u043e \u043d\u0430\u0437\u043d\u0430\u0447\u0435\u043d\u0438\u044f.\u00a0 \u041c\u043d\u043e\u0436\u0435\u0441\u0442\u0432\u043e \u0434\u043e\u0432\u043e\u043b\u044c\u043d\u044b\u0445 \u043f\u043e\u0442\u0440\u0435\u0431\u0438\u0442\u0435\u043b\u0435\u0439 \u043f\u043e \u0432\u0441\u0435\u043c\u0443 \u043c\u0438\u0440\u0443 \u2013 \u0441\u0432\u0438\u0434\u0435\u0442\u0435\u043b\u044c\u0441\u0442\u0432\u043e \u0442\u043e\u0433\u043e, \u0447\u0442\u043e\u00a0 SECO\/WARWICK \u043f\u043e\u043b\u044c\u0437\u0443\u0435\u0442\u0441\u044f \u0434\u043e\u0432\u0435\u0440\u0438\u0435\u043c \u0432\u043e \u0432\u0441\u0435\u043c, \u0447\u0442\u043e \u043a\u0430\u0441\u0430\u0435\u0442\u0441\u044f \u043f\u0440\u043e\u0438\u0437\u0432\u043e\u0434\u0441\u0442\u0432\u0430 \u0438\u043d\u0434\u0438\u0432\u0438\u0434\u0443\u0430\u043b\u044c\u043d\u044b\u0445 \u0441\u0438\u0441\u0442\u0435\u043c, \u043e\u0442\u0432\u0435\u0447\u0430\u044e\u0449\u0438\u0445 \u043a\u043e\u043d\u043a\u0440\u0435\u0442\u043d\u044b\u043c \u043f\u043e\u0442\u0440\u0435\u0431\u0438\u0442\u0435\u043b\u044c\u0441\u043a\u0438\u043c \u043d\u0443\u0436\u0434\u0430\u043c. \u0412\u044b \u0441\u0430\u043c\u0438 \u043c\u043e\u0436\u0435\u0442\u0435 \u043f\u0440\u043e\u0432\u0435\u0440\u0438\u0442\u044c \u043d\u0430\u0448\u0443 \u0441\u043f\u043e\u0441\u043e\u0431\u043d\u043e\u0441\u0442\u044c \u0441\u043e\u0437\u0434\u0430\u0432\u0430\u0442\u044c \u0441\u0438\u0441\u0442\u0435\u043c\u044b \u043d\u0430 \u043e\u0441\u043d\u043e\u0432\u0435 \u0432\u0430\u0448\u0438\u0445 \u0438\u0434\u0435\u0439, \u043d\u0430\u0448\u0435\u0433\u043e \u043e\u043f\u044b\u0442\u0430 \u0438 \u0441\u043e\u0432\u043c\u0435\u0441\u0442\u043d\u043e\u0433\u043e \u0442\u0432\u043e\u0440\u0447\u0435\u0441\u0442\u0432\u0430, \u043a\u043e\u043d\u0441\u0442\u0440\u0443\u043a\u0442\u043e\u0440\u0441\u043a\u043e\u0439 \u0440\u0430\u0437\u0440\u0430\u0431\u043e\u0442\u043a\u0438 \u0438 \u0432\u0435\u0434\u0435\u043d\u0438\u044f \u043f\u0440\u043e\u0435\u043a\u0442\u0430. \u0412 \u0440\u0435\u0437\u0443\u043b\u044c\u0442\u0430\u0442\u0435 \u0432\u044b \u043f\u043e\u043b\u0443\u0447\u0438\u0442\u0435 \u0443\u043d\u0438\u043a\u0430\u043b\u044c\u043d\u0443\u044e \u0442\u0435\u0445\u043d\u043e\u043b\u043e\u0433\u0438\u0447\u0435\u0441\u043a\u0443\u044e \u0441\u0438\u0441\u0442\u0435\u043c\u0443, \u0441 \u0443\u0441\u043f\u0435\u0445\u043e\u043c \u043f\u0440\u043e\u0438\u0437\u0432\u043e\u0434\u044f\u0449\u0443\u044e \u0432\u0430\u0448\u0443 \u043a\u043e\u043d\u043a\u0440\u0435\u0442\u043d\u0443\u044e \u043f\u0440\u043e\u0434\u0443\u043a\u0446\u0438\u044e.<\/p>\n<p>[\/et_pb_text][\/et_pb_column][et_pb_column type=&#187;1_3&#8243;][et_pb_button admin_label=&#187;Button&#187; button_url=&#187;\/ru\/\u0437\u0430\u043f\u0440\u043e\u0441-\u0441\u043c\u0435\u0442\u044b\/&#187; url_new_window=&#187;off&#187; button_text=&#187;\u041e\u0444\u0435\u0440\u0442\u043d\u044b\u0439 \u0437\u0430\u043f\u0440\u043e\u0441&#187; button_alignment=&#187;center&#187; background_layout=&#187;light&#187; custom_button=&#187;on&#187; button_text_color=&#187;#ffffff&#187; button_bg_color=&#187;#e31e24&#8243; button_border_width=&#187;1&#8243; button_border_radius=&#187;5&#8243; button_letter_spacing=&#187;0&#8243; button_use_icon=&#187;default&#187; button_icon_placement=&#187;right&#187; button_on_hover=&#187;on&#187; button_letter_spacing_hover=&#187;0&#8243; custom_css_main_element=&#187;width: 100%;||-webkit-box-shadow: 2px 2px 5px 0px rgba(171,171,171,0.45);||-moz-box-shadow: 2px 2px 5px 0px rgba(171,171,171,0.45);||box-shadow: 2px 2px 5px 0px rgba(171,171,171,0.45);||&#187; disabled=&#187;off&#187; saved_tabs=&#187;all&#187; \/][et_pb_button admin_label=&#187;Button&#187; url_new_window=&#187;off&#187; button_text=&#187;\u043a\u043e\u043d\u0442\u0430\u043a\u0442&#187; button_alignment=&#187;center&#187; background_layout=&#187;light&#187; custom_button=&#187;on&#187; button_text_color=&#187;#000000&#8243; button_bg_color=&#187;rgba(211,211,211,0.68)&#187; button_border_width=&#187;1&#8243; button_border_color=&#187;#000000&#8243; button_border_radius=&#187;5&#8243; button_letter_spacing=&#187;0&#8243; button_use_icon=&#187;default&#187; button_icon_placement=&#187;right&#187; button_on_hover=&#187;on&#187; button_letter_spacing_hover=&#187;0&#8243; custom_css_main_element=&#187;width: 100%;||-webkit-box-shadow: 2px 2px 5px 0px rgba(171,171,171,0.45);||-moz-box-shadow: 2px 2px 5px 0px rgba(171,171,171,0.45);||box-shadow: 2px 2px 5px 0px rgba(171,171,171,0.45);||border: 1px solid #e1e1e1;&#187; disabled=&#187;off&#187; button_url=&#187;\/ru\/\u043f\u0440\u043e\u0434\u0443\u043a\u0446\u0438\u044f\/\u0441\u043f\u0435\u0446\u0438\u0430\u043b\u044c\u043d\u044b\u0435-\u043f\u0435\u0447\u0438\/\u043a\u043e\u043d\u0442\u0430\u043a\u0442\/&#187; \/][et_pb_selected_documents admin_label=&#187;Selected Documents&#187; module_title=&#187;\u041f\u0440\u043e\u0438\u0437\u0432\u043e\u0434\u0438\u043c\u044b\u0435 \u043c\u0430\u0442\u0435\u0440\u0438\u0430\u043b\u044b&#187; module_class=&#187;selected-document-box&#187;] [et_pb_document post_id=&#187;28353&#8243; title=&#187;Labor\u00f6fen f\u00fcr den Feuerwiderstandspr\u00fcfungen&#187; \/] [\/et_pb_selected_documents][\/et_pb_column][\/et_pb_row][\/et_pb_section]<\/p>\n","protected":false},"excerpt":{"rendered":"<p>&nbsp; &nbsp; &nbsp; &nbsp; &nbsp; &nbsp; &nbsp; [et_pb_breadcrumbs admin_label=&#187;Breadcrumbs&#187; \/] \u0421\u043f\u0435\u0446\u0438\u0430\u043b\u044c\u043d\u044b\u0435 \u043f\u0435\u0447\u0438 &nbsp; \u0410\u0441\u0441\u043e\u0440\u0442\u0438\u043c\u0435\u043d\u0442 SECO\/WARWICK \u0442\u0430\u043a\u0436\u0435 \u0432\u043a\u043b\u044e\u0447\u0430\u0435\u0442 \u0432 \u0441\u0435\u0431\u044f \u0440\u044f\u0434 \u0441\u043f\u0435\u0446\u0438\u0430\u043b\u044c\u043d\u044b\u0445 \u043f\u0435\u0447\u0435\u0439: \u041e\u0431\u043e\u0440\u0443\u0434\u043e\u0432\u0430\u043d\u0438\u0435 \u0434\u043b\u044f \u0432\u0430\u043a\u0443\u0443\u043c\u043d\u044b\u0445 \u00ab\u0447\u0438\u0441\u0442\u044b\u0445 \u043a\u043e\u043c\u043d\u0430\u0442\u00bb, \u0441\u0438\u0441\u0442\u0435\u043c\u044b \u0432\u0430\u043a\u0443\u0443\u043c\u043d\u043e\u0439 \u0448\u0442\u0430\u043c\u043f\u043e\u0432\u043a\u0438, \u0441\u0438\u0441\u0442\u0435\u043c\u044b \u0441\u0432\u0435\u0440\u0445\u0432\u044b\u0441\u043e\u043a\u043e\u0433\u043e \u0432\u0430\u043a\u0443\u0443\u043c\u0430 \u0438 \u0434\u0440\u0443\u0433\u043e\u0435 \u0443\u043d\u0438\u043a\u0430\u043b\u044c\u043d\u043e\u0435 \u0432\u0430\u043a\u0443\u0443\u043c\u043d\u043e\u0435 \u0442\u0435\u0445\u043d\u043e\u043b\u043e\u0433\u0438\u0447\u0435\u0441\u043a\u043e\u0435 \u043e\u0431\u043e\u0440\u0443\u0434\u043e\u0432\u0430\u043d\u0438\u0435 \u0412\u044b\u0441\u043e\u043a\u043e\u0442\u043e\u0447\u043d\u044b\u0435 \u0438\u0441\u043f\u044b\u0442\u0430\u0442\u0435\u043b\u044c\u043d\u044b\u0435 \u043a\u0430\u043c\u0435\u0440\u044b \u0431\u043e\u043b\u044c\u0448\u0438\u0445 \u0440\u0430\u0437\u043c\u0435\u0440\u043e\u0432 (\u043e\u0441\u043e\u0431\u0435\u043d\u043d\u043e \u0434\u043b\u044f \u0434\u0435\u0433\u0430\u0437\u0430\u0446\u0438\u0438 \u0438 \u0442\u0435\u0441\u0442\u0438\u0440\u043e\u0432\u0430\u043d\u0438\u044f \u0432\u043e\u0435\u043d\u043d\u043e\u0433\u043e \u0438 \u0433\u0440\u0430\u0436\u0434\u0430\u043d\u0441\u043a\u043e\u0433\u043e \u043e\u0431\u043e\u0440\u0443\u0434\u043e\u0432\u0430\u043d\u0438\u044f \u043d\u0430 \u0431\u0435\u0437\u043e\u043f\u0430\u0441\u043d\u043e\u0441\u0442\u044c), [&hellip;]<\/p>\n","protected":false},"author":2,"featured_media":0,"parent":7107,"menu_order":0,"comment_status":"closed","ping_status":"closed","template":"","meta":{"_acf_changed":false,"_et_pb_use_builder":"on","_et_pb_old_content":"","_et_gb_content_width":"","footnotes":""},"class_list":["post-7175","page","type-page","status-publish"],"acf":[],"_links":{"self":[{"href":"https:\/\/www.secowarwick.com\/ru\/wp-json\/wp\/v2\/pages\/7175","targetHints":{"allow":["GET"]}}],"collection":[{"href":"https:\/\/www.secowarwick.com\/ru\/wp-json\/wp\/v2\/pages"}],"about":[{"href":"https:\/\/www.secowarwick.com\/ru\/wp-json\/wp\/v2\/types\/page"}],"author":[{"embeddable":true,"href":"https:\/\/www.secowarwick.com\/ru\/wp-json\/wp\/v2\/users\/2"}],"replies":[{"embeddable":true,"href":"https:\/\/www.secowarwick.com\/ru\/wp-json\/wp\/v2\/comments?post=7175"}],"version-history":[{"count":0,"href":"https:\/\/www.secowarwick.com\/ru\/wp-json\/wp\/v2\/pages\/7175\/revisions"}],"up":[{"embeddable":true,"href":"https:\/\/www.secowarwick.com\/ru\/wp-json\/wp\/v2\/pages\/7107"}],"wp:attachment":[{"href":"https:\/\/www.secowarwick.com\/ru\/wp-json\/wp\/v2\/media?parent=7175"}],"curies":[{"name":"wp","href":"https:\/\/api.w.org\/{rel}","templated":true}]}}